{"id":17098,"date":"2024-03-19T15:37:43","date_gmt":"2024-03-19T15:37:43","guid":{"rendered":"https:\/\/hortodocampogrande.pt\/fernao-ferro-gardening-centre\/"},"modified":"2026-03-02T10:08:46","modified_gmt":"2026-03-02T10:08:46","slug":"fernao-ferro-gardening-centre","status":"publish","type":"page","link":"https:\/\/hortodocampogrande.pt\/en\/where-are-we\/fernao-ferro-gardening-centre\/","title":{"rendered":"Fern\u00e3o Ferro Gardening Centre"},"content":{"rendered":"\n<p>Recently remodelled to provide you with a more pleasant visit and an even more efficient service, at the Fern\u00e3o Ferro Gardening Centre you will find, in addition to a wide range of plants, flowers and garden accessories, services ranging from the requalification and maintenance of spaces greens for interior decoration. Visit us and find everything you need for your garden!<\/p>\n\n<h3 class=\"wp-block-heading\">Weber grills<\/h3>\n\n<p>The Weber corner has been renovated!<\/p>\n\n<p>Come and discover the various <a href=\"http:\/\/hortodocampogrande.pt\/jardim\/fa-arraiais-churrascadas-artigo-si\/\">models of Weber grills<\/a>, from the most classic to the most modern, and choose the one that best suits your lifestyle and type of garden. The Weber Grill range includes gas grills, charcoal grills, and electric grills.<\/p>\n\n<p>There is also a wide range of <a href=\"http:\/\/hortodocampogrande.pt\/jardim\/fa-arraiais-churrascadas-artigo-si\/\">accessories for Weber grills<\/a> that will make you a true barbecue master.<\/p>\n\n<p>Visit us and get to know the latest Weber Models live: Genesis II, gas, Smokey Joe, coal, and the electric Weber Q.<\/p>\n\n<ul class=\"wp-block-list\">\n<li>Personalized service;<\/li>\n\n\n\n<li>Wide and diverse offer of indoor plants; Creepers; Trees; Fruit trees, palm trees, among others.<\/li>\n\n\n\n<li>Vegetables and aromatic herbs<\/li>\n\n\n\n<li>Gardening and decoration products\/services;<\/li>\n\n\n\n<li>Landscape Architecture Projects;<\/li>\n\n\n\n<li>Construction and maintenance of gardens;<\/li>\n\n\n\n<li>Irrigation and lighting systems;<\/li>\n\n\n\n<li>Constru\u00e7\u00e3o e instala\u00e7\u00e3o de decks.<\/li>\n<\/ul>\n\n<h4 class=\"wp-block-heading\">Contacts<\/h4>\n\n<p>E.N. 378, Km 7 (Av. 23 de Julho de 1933)<br\/>2865-413 Fern\u00e3o Ferro<br\/>Tel.: +351 212 128 210<\/p>\n\n<p>email: <a href=\"mailto:info@hortodocampogrande.com\">info@hortodocampogrande.com<\/a><\/p>\n\n<p>GPS 38\u00ba 34\u2032 24\u201d N 9\u00ba 06\u2032 02\u201d W<\/p>\n\n<h4 class=\"wp-block-heading\">Opening hours<\/h4>\n\n<p>Every day from 9:00 AM to 7:00 PM<br\/>Including Saturdays, Sundays and Holidays<br\/><strong>Private Car Park<\/strong><\/p>\n","protected":false},"excerpt":{"rendered":"<p>Recently remodelled to provide you with a more pleasant visit and an even more efficient service, at the Fern\u00e3o Ferro Gardening Centre you will find, in addition to a wide range of plants, flowers and garden accessories, services ranging from the requalification and maintenance of spaces greens for interior decoration. Visit us and find everything [&hellip;]<\/p>\n","protected":false},"author":3,"featured_media":26578,"parent":17213,"menu_order":0,"comment_status":"closed","ping_status":"closed","template":"","meta":{"_acf_changed":false,"_seopress_robots_primary_cat":"","_seopress_titles_title":"","_seopress_titles_desc":"","_seopress_robots_index":"","footnotes":""},"class_list":["post-17098","page","type-page","status-publish","has-post-thumbnail","hentry"],"acf":[],"featured_image_src":"https:\/\/hortodocampogrande.pt\/wp-content\/uploads\/2025\/07\/0263_FernaoFerro.jpg","_links":{"self":[{"href":"https:\/\/hortodocampogrande.pt\/en\/wp-json\/wp\/v2\/pages\/17098","targetHints":{"allow":["GET"]}}],"collection":[{"href":"https:\/\/hortodocampogrande.pt\/en\/wp-json\/wp\/v2\/pages"}],"about":[{"href":"https:\/\/hortodocampogrande.pt\/en\/wp-json\/wp\/v2\/types\/page"}],"author":[{"embeddable":true,"href":"https:\/\/hortodocampogrande.pt\/en\/wp-json\/wp\/v2\/users\/3"}],"replies":[{"embeddable":true,"href":"https:\/\/hortodocampogrande.pt\/en\/wp-json\/wp\/v2\/comments?post=17098"}],"version-history":[{"count":2,"href":"https:\/\/hortodocampogrande.pt\/en\/wp-json\/wp\/v2\/pages\/17098\/revisions"}],"predecessor-version":[{"id":85931,"href":"https:\/\/hortodocampogrande.pt\/en\/wp-json\/wp\/v2\/pages\/17098\/revisions\/85931"}],"up":[{"embeddable":true,"href":"https:\/\/hortodocampogrande.pt\/en\/wp-json\/wp\/v2\/pages\/17213"}],"wp:featuredmedia":[{"embeddable":true,"href":"https:\/\/hortodocampogrande.pt\/en\/wp-json\/wp\/v2\/media\/26578"}],"wp:attachment":[{"href":"https:\/\/hortodocampogrande.pt\/en\/wp-json\/wp\/v2\/media?parent=17098"}],"curies":[{"name":"wp","href":"https:\/\/api.w.org\/{rel}","templated":true}]}}