{"id":85799,"date":"2025-09-08T13:33:30","date_gmt":"2025-09-08T12:33:30","guid":{"rendered":"https:\/\/hortodocampogrande.pt\/horto-news-hcg-x-instituto-superior-de-gestao-partnership\/"},"modified":"2026-03-02T10:16:15","modified_gmt":"2026-03-02T10:16:15","slug":"horto-news-hcg-x-instituto-superior-de-gestao-partnership","status":"publish","type":"page","link":"https:\/\/hortodocampogrande.pt\/en\/newsletter\/horto-news-hcg-x-instituto-superior-de-gestao-partnership\/","title":{"rendered":"Horto News &#8211; HCG X Instituto Superior de Gest\u00e3o Partnership"},"content":{"rendered":"\n<figure class=\"wp-block-image size-large\"><img alt=\"\" loading=\"lazy\" decoding=\"async\" width=\"1024\" height=\"121\" src=\"https:\/\/hortodocampogrande.pt\/wp-content\/uploads\/2025\/03\/01_HCG_HortoNews_LOGO-1024x121.png\" alt=\"\" class=\"wp-image-23245\" srcset=\"https:\/\/hortodocampogrande.pt\/wp-content\/uploads\/2025\/03\/01_HCG_HortoNews_LOGO-1024x121.png 1024w, https:\/\/hortodocampogrande.pt\/wp-content\/uploads\/2025\/03\/01_HCG_HortoNews_LOGO-300x35.png 300w, https:\/\/hortodocampogrande.pt\/wp-content\/uploads\/2025\/03\/01_HCG_HortoNews_LOGO-768x90.png 768w, https:\/\/hortodocampogrande.pt\/wp-content\/uploads\/2025\/03\/01_HCG_HortoNews_LOGO-1536x181.png 1536w, https:\/\/hortodocampogrande.pt\/wp-content\/uploads\/2025\/03\/01_HCG_HortoNews_LOGO-600x71.png 600w, https:\/\/hortodocampogrande.pt\/wp-content\/uploads\/2025\/03\/01_HCG_HortoNews_LOGO.png 1800w\" sizes=\"auto, (max-width: 1024px) 100vw, 1024px\" \/><\/figure>\n<div class=\"wp-block-ub-divider ub_divider ub-divider-orientation-horizontal\" id=\"ub_divider_bef7f211-7e53-4025-8242-98c70067cd2f\"><div class=\"ub_divider_wrapper\" style=\"position: relative; margin-bottom: 10px; width: 100%; height: 10px; \" data-divider-alignment=\"center\"><div class=\"ub_divider_line\" style=\"border-top: 2px solid #00633f; margin-top: 10px; \"><\/div><\/div><\/div>\n<div style=\"height:20px\" aria-hidden=\"true\" class=\"wp-block-spacer\"><\/div>\n\n<figure class=\"wp-block-image aligncenter size-full is-resized\"><img alt=\"\" loading=\"lazy\" decoding=\"async\" width=\"166\" height=\"166\" src=\"https:\/\/hortodocampogrande.pt\/wp-content\/uploads\/2025\/09\/01_HCG_newsINT07_pagEsc3_iconeGifts.png\" alt=\"\" class=\"wp-image-28607\" style=\"width:98px;height:auto\" srcset=\"https:\/\/hortodocampogrande.pt\/wp-content\/uploads\/2025\/09\/01_HCG_newsINT07_pagEsc3_iconeGifts.png 166w, https:\/\/hortodocampogrande.pt\/wp-content\/uploads\/2025\/09\/01_HCG_newsINT07_pagEsc3_iconeGifts-150x150.png 150w, https:\/\/hortodocampogrande.pt\/wp-content\/uploads\/2025\/09\/01_HCG_newsINT07_pagEsc3_iconeGifts-80x80.png 80w, https:\/\/hortodocampogrande.pt\/wp-content\/uploads\/2025\/09\/01_HCG_newsINT07_pagEsc3_iconeGifts-100x100.png 100w\" sizes=\"auto, (max-width: 166px) 100vw, 166px\" \/><\/figure>\n\n<p class=\"has-text-align-center has-medium-font-size\"><strong>HCG X INSTITUTO SUPERIOR DE GEST\u00c3O PARTNERSHIP<\/strong><\/p>\n\n<div style=\"height:10px\" aria-hidden=\"true\" class=\"wp-block-spacer\"><\/div>\n\n<figure class=\"wp-block-image alignfull size-large\"><img alt=\"\" loading=\"lazy\" decoding=\"async\" width=\"1024\" height=\"604\" src=\"https:\/\/hortodocampogrande.pt\/wp-content\/uploads\/2025\/09\/02_HCG_newsINT07_pagEsc3_imgINTRO-1024x604.jpg\" alt=\"\" class=\"wp-image-28605\" srcset=\"https:\/\/hortodocampogrande.pt\/wp-content\/uploads\/2025\/09\/02_HCG_newsINT07_pagEsc3_imgINTRO-1024x604.jpg 1024w, https:\/\/hortodocampogrande.pt\/wp-content\/uploads\/2025\/09\/02_HCG_newsINT07_pagEsc3_imgINTRO-300x177.jpg 300w, https:\/\/hortodocampogrande.pt\/wp-content\/uploads\/2025\/09\/02_HCG_newsINT07_pagEsc3_imgINTRO-768x453.jpg 768w, https:\/\/hortodocampogrande.pt\/wp-content\/uploads\/2025\/09\/02_HCG_newsINT07_pagEsc3_imgINTRO-600x354.jpg 600w, https:\/\/hortodocampogrande.pt\/wp-content\/uploads\/2025\/09\/02_HCG_newsINT07_pagEsc3_imgINTRO.jpg 1400w\" sizes=\"auto, (max-width: 1024px) 100vw, 1024px\" \/><\/figure>\n\n<div style=\"height:30px\" aria-hidden=\"true\" class=\"wp-block-spacer\"><\/div>\n\n<p>Horto do Campo Grande has established a collaboration protocol with Instituto Superior de Gest\u00e3o (ISG), a Business &amp; Economics School, a leading institution in management education in Portugal, recognized for its connection to the business community and for offering undergraduate degrees, master&#8217;s programs, postgraduate courses, and executive training.<br\/>This partnership reinforces HCG&#8217;s commitment to continuous learning and the development of its teams, promoting access to quality academic and executive training. ISG, in addition to research and teaching, develops national and international projects and provides internships that bring students closer to professional reality.<\/p>\n\n<p><strong>Learn about the benefits for HCG employees and their families<\/strong><br\/>One of the main benefits for HCG employees is a 10% reduction in monthly tuition for all ISG courses (undergraduate degrees, postgraduate courses, master&#8217;s programs, and executive training). This discount extends to spouses and children, representing a concrete opportunity to invest in higher education.<br\/>Those interested in taking advantage of these conditions should contact Andreia Cunha by email: <a href=\"mailto:aic@hortodocampogrande.com\" target=\"_blank\" rel=\"noreferrer noopener\">aic@hortodocampogrande.com.<\/a><\/p>\n\n<p><strong>Other educational institutions partnering with HCG: <\/strong>AEISA \u2013 Association of Students of Instituto Superior de Agronomia; Casa Pia de Lisboa; Escola Profissional Agr\u00edcola Dom Dinis \u2013 Pai\u00e3; Escola de Com\u00e9rcio de Lisboa; ESBE \u2013 Escola Superior de Bioci\u00eancias de Elvas; Escola Profissional Gustave Eiffel; Escola B\u00e1sica Dami\u00e3o de G\u00f3is \u2013 Agricultural Production; Instituto Superior de Agronomia; Instituto Polit\u00e9cnico de Set\u00fabal; INP \u2013 Instituto Superior de Novas Profiss\u00f5es; LisbonPH \u2013 Junior Enterprise of FFULisboa.<\/p>\n\n<div style=\"height:100px\" aria-hidden=\"true\" class=\"wp-block-spacer\"><\/div>\n","protected":false},"excerpt":{"rendered":"<p>HCG X INSTITUTO SUPERIOR DE GEST\u00c3O PARTNERSHIP Horto do Campo Grande has established a collaboration protocol with Instituto Superior de Gest\u00e3o (ISG), a Business &amp; Economics School, a leading institution in management education in Portugal, recognized for its connection to the business community and for offering undergraduate degrees, master&#8217;s programs, postgraduate courses, and executive training.This [&hellip;]<\/p>\n","protected":false},"author":2646,"featured_media":0,"parent":86050,"menu_order":0,"comment_status":"closed","ping_status":"closed","template":"template-pages\/newsletter.php","meta":{"_acf_changed":false,"_seopress_robots_primary_cat":"","_seopress_titles_title":"","_seopress_titles_desc":"","_seopress_robots_index":"","footnotes":""},"class_list":["post-85799","page","type-page","status-publish","hentry"],"acf":[],"featured_image_src":null,"_links":{"self":[{"href":"https:\/\/hortodocampogrande.pt\/en\/wp-json\/wp\/v2\/pages\/85799","targetHints":{"allow":["GET"]}}],"collection":[{"href":"https:\/\/hortodocampogrande.pt\/en\/wp-json\/wp\/v2\/pages"}],"about":[{"href":"https:\/\/hortodocampogrande.pt\/en\/wp-json\/wp\/v2\/types\/page"}],"author":[{"embeddable":true,"href":"https:\/\/hortodocampogrande.pt\/en\/wp-json\/wp\/v2\/users\/2646"}],"replies":[{"embeddable":true,"href":"https:\/\/hortodocampogrande.pt\/en\/wp-json\/wp\/v2\/comments?post=85799"}],"version-history":[{"count":0,"href":"https:\/\/hortodocampogrande.pt\/en\/wp-json\/wp\/v2\/pages\/85799\/revisions"}],"up":[{"embeddable":true,"href":"https:\/\/hortodocampogrande.pt\/en\/wp-json\/wp\/v2\/pages\/86050"}],"wp:attachment":[{"href":"https:\/\/hortodocampogrande.pt\/en\/wp-json\/wp\/v2\/media?parent=85799"}],"curies":[{"name":"wp","href":"https:\/\/api.w.org\/{rel}","templated":true}]}}