{"id":86002,"date":"2026-01-09T09:37:02","date_gmt":"2026-01-09T09:37:02","guid":{"rendered":"https:\/\/hortodocampogrande.pt\/horto-news-solidarity-christmas-on-sic\/"},"modified":"2026-03-02T10:16:17","modified_gmt":"2026-03-02T10:16:17","slug":"horto-news-solidarity-christmas-on-sic","status":"publish","type":"page","link":"https:\/\/hortodocampogrande.pt\/en\/newsletter\/horto-news-solidarity-christmas-on-sic\/","title":{"rendered":"Horto News &#8211; Solidarity Christmas on SIC"},"content":{"rendered":"\n<figure class=\"wp-block-image size-large\"><img alt=\"\" loading=\"lazy\" decoding=\"async\" width=\"1024\" height=\"121\" src=\"https:\/\/hortodocampogrande.pt\/wp-content\/uploads\/2025\/03\/01_HCG_HortoNews_LOGO-1024x121.png\" alt=\"\" class=\"wp-image-23245\" srcset=\"https:\/\/hortodocampogrande.pt\/wp-content\/uploads\/2025\/03\/01_HCG_HortoNews_LOGO-1024x121.png 1024w, https:\/\/hortodocampogrande.pt\/wp-content\/uploads\/2025\/03\/01_HCG_HortoNews_LOGO-300x35.png 300w, https:\/\/hortodocampogrande.pt\/wp-content\/uploads\/2025\/03\/01_HCG_HortoNews_LOGO-768x90.png 768w, https:\/\/hortodocampogrande.pt\/wp-content\/uploads\/2025\/03\/01_HCG_HortoNews_LOGO-1536x181.png 1536w, https:\/\/hortodocampogrande.pt\/wp-content\/uploads\/2025\/03\/01_HCG_HortoNews_LOGO-600x71.png 600w, https:\/\/hortodocampogrande.pt\/wp-content\/uploads\/2025\/03\/01_HCG_HortoNews_LOGO.png 1800w\" sizes=\"auto, (max-width: 1024px) 100vw, 1024px\" \/><\/figure>\n\n<figure class=\"wp-block-image size-large\"><img alt=\"\" loading=\"lazy\" decoding=\"async\" width=\"1024\" height=\"22\" src=\"https:\/\/hortodocampogrande.pt\/wp-content\/uploads\/2025\/03\/03_HCG_HortoNews_filletMaior-1024x22.png\" alt=\"\" class=\"wp-image-23247\" srcset=\"https:\/\/hortodocampogrande.pt\/wp-content\/uploads\/2025\/03\/03_HCG_HortoNews_filletMaior-1024x22.png 1024w, https:\/\/hortodocampogrande.pt\/wp-content\/uploads\/2025\/03\/03_HCG_HortoNews_filletMaior-300x6.png 300w, https:\/\/hortodocampogrande.pt\/wp-content\/uploads\/2025\/03\/03_HCG_HortoNews_filletMaior-768x16.png 768w, https:\/\/hortodocampogrande.pt\/wp-content\/uploads\/2025\/03\/03_HCG_HortoNews_filletMaior-1536x32.png 1536w, https:\/\/hortodocampogrande.pt\/wp-content\/uploads\/2025\/03\/03_HCG_HortoNews_filletMaior-600x13.png 600w, https:\/\/hortodocampogrande.pt\/wp-content\/uploads\/2025\/03\/03_HCG_HortoNews_filletMaior.png 1800w\" sizes=\"auto, (max-width: 1024px) 100vw, 1024px\" \/><\/figure>\n\n<figure class=\"wp-block-image aligncenter size-full is-resized\"><img alt=\"\" loading=\"lazy\" decoding=\"async\" width=\"166\" height=\"166\" src=\"https:\/\/hortodocampogrande.pt\/wp-content\/uploads\/2026\/01\/02_HCG_newsINT11_esc1_iconeSolidario.png\" alt=\"\" class=\"wp-image-33231\" style=\"width:98px;height:auto\" srcset=\"https:\/\/hortodocampogrande.pt\/wp-content\/uploads\/2026\/01\/02_HCG_newsINT11_esc1_iconeSolidario.png 166w, https:\/\/hortodocampogrande.pt\/wp-content\/uploads\/2026\/01\/02_HCG_newsINT11_esc1_iconeSolidario-150x150.png 150w, https:\/\/hortodocampogrande.pt\/wp-content\/uploads\/2026\/01\/02_HCG_newsINT11_esc1_iconeSolidario-80x80.png 80w, https:\/\/hortodocampogrande.pt\/wp-content\/uploads\/2026\/01\/02_HCG_newsINT11_esc1_iconeSolidario-100x100.png 100w\" sizes=\"auto, (max-width: 166px) 100vw, 166px\" \/><\/figure>\n\n<p class=\"has-text-align-center has-black-color has-text-color has-link-color has-medium-font-size wp-elements-115e453eb2e3ad8c637afe271104f129\"><strong>WHEN CHRISTMAS FINDS A VOICE FOR SOLIDARITY: J\u00daLIA PINHEIRO&#8217;S SOLIDARITY BOUQUET<\/strong><\/p>\n\n<div style=\"height:20px\" aria-hidden=\"true\" class=\"wp-block-spacer\"><\/div>\n\n<p>As part of the Christmas decorations for the J\u00falia program, broadcast daily on SIC, Horto do Campo Grande has once again teamed up with Fremantle and presenter J\u00falia Pinheiro in a partnership where aesthetics meet solidarity. From late November until Epiphany, the studio featured Christmas-inspired centerpieces, meticulously designed to blend subtly and elegantly into the television set.<\/p>\n\n<div style=\"height:10px\" aria-hidden=\"true\" class=\"wp-block-spacer\"><\/div>\n\n<figure class=\"wp-block-image alignfull size-large\"><img alt=\"\" loading=\"lazy\" decoding=\"async\" width=\"1024\" height=\"529\" src=\"https:\/\/hortodocampogrande.pt\/wp-content\/uploads\/2026\/01\/03_HCG_newsINT11_esc1_Img-1024x529.jpg\" alt=\"\" class=\"wp-image-33229\" srcset=\"https:\/\/hortodocampogrande.pt\/wp-content\/uploads\/2026\/01\/03_HCG_newsINT11_esc1_Img-1024x529.jpg 1024w, https:\/\/hortodocampogrande.pt\/wp-content\/uploads\/2026\/01\/03_HCG_newsINT11_esc1_Img-300x155.jpg 300w, https:\/\/hortodocampogrande.pt\/wp-content\/uploads\/2026\/01\/03_HCG_newsINT11_esc1_Img-768x397.jpg 768w, https:\/\/hortodocampogrande.pt\/wp-content\/uploads\/2026\/01\/03_HCG_newsINT11_esc1_Img-600x310.jpg 600w, https:\/\/hortodocampogrande.pt\/wp-content\/uploads\/2026\/01\/03_HCG_newsINT11_esc1_Img.jpg 1400w\" sizes=\"auto, (max-width: 1024px) 100vw, 1024px\" \/><\/figure>\n\n<div style=\"height:10px\" aria-hidden=\"true\" class=\"wp-block-spacer\"><\/div>\n\n<p>This collaboration also gave rise to an initiative with a special meaning: the J\u00falia Pinheiro Solidarity Bouquet. A floral arrangement created by Horto do Campo Grande, inspired by the festive season, with part of the proceeds going to APAV \u2013 the Portuguese Association for Victim Support, an institution chosen by J\u00falia herself. An initiative that combines sensitivity, social responsibility, and sharing, which was available in our store until early January.<\/p>\n\n<p>This partnership reinforces the belief that plants and flowers can be vehicles for greater messages. A clear example of how, together, we can give more meaning to Christmas and transform small gestures into real support for those who need it most.<\/p>\n","protected":false},"excerpt":{"rendered":"<p>WHEN CHRISTMAS FINDS A VOICE FOR SOLIDARITY: J\u00daLIA PINHEIRO&#8217;S SOLIDARITY BOUQUET As part of the Christmas decorations for the J\u00falia program, broadcast daily on SIC, Horto do Campo Grande has once again teamed up with Fremantle and presenter J\u00falia Pinheiro in a partnership where aesthetics meet solidarity. From late November until Epiphany, the studio featured [&hellip;]<\/p>\n","protected":false},"author":2646,"featured_media":0,"parent":86050,"menu_order":0,"comment_status":"closed","ping_status":"closed","template":"template-pages\/newsletter.php","meta":{"_acf_changed":false,"_seopress_robots_primary_cat":"","_seopress_titles_title":"","_seopress_titles_desc":"","_seopress_robots_index":"","footnotes":""},"class_list":["post-86002","page","type-page","status-publish","hentry"],"acf":[],"featured_image_src":null,"_links":{"self":[{"href":"https:\/\/hortodocampogrande.pt\/en\/wp-json\/wp\/v2\/pages\/86002","targetHints":{"allow":["GET"]}}],"collection":[{"href":"https:\/\/hortodocampogrande.pt\/en\/wp-json\/wp\/v2\/pages"}],"about":[{"href":"https:\/\/hortodocampogrande.pt\/en\/wp-json\/wp\/v2\/types\/page"}],"author":[{"embeddable":true,"href":"https:\/\/hortodocampogrande.pt\/en\/wp-json\/wp\/v2\/users\/2646"}],"replies":[{"embeddable":true,"href":"https:\/\/hortodocampogrande.pt\/en\/wp-json\/wp\/v2\/comments?post=86002"}],"version-history":[{"count":0,"href":"https:\/\/hortodocampogrande.pt\/en\/wp-json\/wp\/v2\/pages\/86002\/revisions"}],"up":[{"embeddable":true,"href":"https:\/\/hortodocampogrande.pt\/en\/wp-json\/wp\/v2\/pages\/86050"}],"wp:attachment":[{"href":"https:\/\/hortodocampogrande.pt\/en\/wp-json\/wp\/v2\/media?parent=86002"}],"curies":[{"name":"wp","href":"https:\/\/api.w.org\/{rel}","templated":true}]}}