
{"id":17369,"date":"2024-07-18T15:24:24","date_gmt":"2024-07-18T14:24:24","guid":{"rendered":"https:\/\/hortodocampogrande.pt\/produto\/uncategorized\/aloe-vera-vase-14\/"},"modified":"2026-04-23T12:37:44","modified_gmt":"2026-04-23T11:37:44","slug":"aloe-vera-vase-14","status":"publish","type":"product","link":"https:\/\/hortodocampogrande.pt\/en\/produto\/plants\/indoor-plants\/aloe-vera-vase-14\/","title":{"rendered":"Aloe vera (14 cm pot)"},"content":{"rendered":"<p>Succulent, perennial plant with continuous growth, in a rosette form. One of the most popular plants in recent years, thanks to the properties of its fleshy grey-to-green leaves and its famous viscous sap, which has several medicinal benefits (healing, cell-regenerating, antifungal, and highly moisturising). Plus, it doesn\u2019t need much care, which makes it one of the most popular plants.<\/p>\n<p><strong>Scientific name<\/strong>: <em>Aloe vera<\/em><br \/><strong>Common names:<\/strong> Aloe Cactus, Babosa, Sabila<br \/><strong>Family<\/strong>: <em>Asphodelaceae<\/em><br \/><strong>Origin<\/strong>: Africa and Asia<br \/><strong>Climate<\/strong>: Equatorial, Subtropical, Tropical<br \/><strong>Category<\/strong>: Outdoor plant (or indoor)<br \/><strong>Approximate height<\/strong>: 50cm<br \/><strong>Pot diameter<\/strong>: 14cm<\/p>\n<p><strong>CUIDADOS<\/strong><\/p>\n<p><strong>Light<\/strong>: Partial shade, full sun (but it may suffer\/look worse under intense sun during the hottest hours in summer)<br \/><strong>Temperature<\/strong>: Ideally 20\u201325\u00ba C. Sensitive to frost and colder temperatures. <br \/><strong>Watering<\/strong>: Only when drought is prolonged, or if you keep it in full sun and in a pot.<br \/><strong>Soil<\/strong>: Likes well-drained substrates, rich in organic matter, and watered moderately but at regular intervals.<br \/><strong>Leaf harvest<\/strong>: After 12\u201318 months, in summer. Leaves can be harvested 3 times a year, removing 2\u20133 leaves per plant.<br \/><strong>Propagation<\/strong>: By shoots that grow from the base of the plant and its stem, or by leaf or stem cuttings.<\/p>\n<p><strong>Fun fact<\/strong>: The transparent sap inside the leaves, which resembles a gel and is used for medicinal, therapeutic and cosmetic purposes, is drunk in Asia as a medicine for coughs, ulcers and gastritis. The plant can reach 2 meters in height.<\/p>\n<p>WARNING! Representative photograph \u2013 the image shown is of a specimen in stock at the time the product was added to the online catalog, and is therefore a reference. A planta fornecida ser\u00e1 similar \u00e0 da foto sendo que, dependendo da fase do ciclo vegetativo em que se encontre, poder\u00e1 variar na forma, apar\u00eancia ou tamanho (ex: outra tonalidade de folha, com ou sem flor\/fruto, etc). A altura referida inclui o vaso pl\u00e1stico que se v\u00ea na fotografia.<\/p>\n","protected":false},"excerpt":{"rendered":"<p><\/p>\n","protected":false},"featured_media":85616,"template":"","meta":{"_acf_changed":false,"_seopress_robots_primary_cat":"none","_seopress_titles_title":"","_seopress_titles_desc":"","_seopress_robots_index":""},"product_brand":[],"product_cat":[746,1411,744,743],"product_tag":[],"class_list":{"0":"post-17369","1":"product","2":"type-product","3":"status-publish","4":"has-post-thumbnail","6":"product_cat-cacti-and-succulents","7":"product_cat-indoor-plants","8":"product_cat-outdoor-plants","9":"product_cat-plants","11":"first","12":"instock","13":"taxable","14":"shipping-taxable","15":"purchasable","16":"product-type-simple"},"acf":[],"_links":{"self":[{"href":"https:\/\/hortodocampogrande.pt\/en\/wp-json\/wp\/v2\/product\/17369","targetHints":{"allow":["GET"]}}],"collection":[{"href":"https:\/\/hortodocampogrande.pt\/en\/wp-json\/wp\/v2\/product"}],"about":[{"href":"https:\/\/hortodocampogrande.pt\/en\/wp-json\/wp\/v2\/types\/product"}],"wp:featuredmedia":[{"embeddable":true,"href":"https:\/\/hortodocampogrande.pt\/en\/wp-json\/wp\/v2\/media\/85616"}],"wp:attachment":[{"href":"https:\/\/hortodocampogrande.pt\/en\/wp-json\/wp\/v2\/media?parent=17369"}],"wp:term":[{"taxonomy":"product_brand","embeddable":true,"href":"https:\/\/hortodocampogrande.pt\/en\/wp-json\/wp\/v2\/product_brand?post=17369"},{"taxonomy":"product_cat","embeddable":true,"href":"https:\/\/hortodocampogrande.pt\/en\/wp-json\/wp\/v2\/product_cat?post=17369"},{"taxonomy":"product_tag","embeddable":true,"href":"https:\/\/hortodocampogrande.pt\/en\/wp-json\/wp\/v2\/product_tag?post=17369"}],"curies":[{"name":"wp","href":"https:\/\/api.w.org\/{rel}","templated":true}]}}