{"id":17400,"date":"2024-07-18T15:09:16","date_gmt":"2024-07-18T14:09:16","guid":{"rendered":"https:\/\/hortodocampogrande.pt\/produto\/uncategorized\/phlebodium-blue-star-v-12\/"},"modified":"2026-03-19T21:51:43","modified_gmt":"2026-03-19T21:51:43","slug":"phlebodium-blue-star-v-12","status":"publish","type":"product","link":"https:\/\/hortodocampogrande.pt\/en\/produto\/plants\/indoor-plants\/phlebodium-blue-star-v-12\/","title":{"rendered":"Blue Star Fern &#8211; Phlebodium aureum &#8216;Blue Star&#8217; (12cm pot)"},"content":{"rendered":"<p>Native to the tropical forests of Central and South America, this fern has personality and a very distinct hue. Sturdier than others in its family, it features long, hardy blue-grey fronds that grow in a wild yet dense fashion, making this fern incredibly decorative and elegant\u2014ideal for hanging. It&#8217;s also very easy to care for and, besides being pet-friendly, it&#8217;s an air-purifying plant that helps remove toxins from the surrounding indoor space. Like all ferns, its only requirement is an environment with some humidity and more frequent watering during the warmer months (always ensuring good drainage to prevent root rot). Dry environments or proximity to heating\/cooling systems will hinder its growth! Consider placing it in naturally more humid spots like bathrooms (with natural light) or kitchens.<\/p>\n<p><strong>Scientific name<\/strong>: <em>Phlebodium aureum &#8216;Blue Star&#8217;<\/em><br \/><strong>Common names<\/strong>: Blue Star Fern, Golden Polypody<br \/><strong>Family<\/strong>: <em>Polypodiaceae<\/em><br \/><strong>Origin:<\/strong> Central and South America<br \/><strong>Climate<\/strong>: Tropical and Subtropical<br \/><strong>Category<\/strong>: Indoor plant<br \/><strong>Approximate height<\/strong>: 40cm<br \/><strong>Pot diameter<\/strong>: 12cm<\/p>\n<p><strong>CUIDADOS<\/strong><br \/><strong>Light<\/strong>: Indirect\/filtered light, but also tolerates shadier spots. Does not tolerate direct sun (it will cause leaf burn and\/or discoloration).<br \/><strong>Temperature<\/strong>: Ideally between 16\u00b0 and 24\u00b0C. Does not like temperatures below 10\u00b0C.<br \/><strong>Humidity<\/strong>: As a plant native to tropical rainforests, it appreciates high air humidity. Doesn&#8217;t tolerate overly dry environments or very high temperatures.<br \/><strong>Watering<\/strong>: Try to keep the top of the soil moist\u2014water lightly but frequently when the top few centimetres of soil feel dry to the touch. Avoid waterlogging: standing water in saucers or decorative pots without drainage holes will cause root rot. No standing water!<br \/><strong>Soil<\/strong>: Fertile, well-drained substrate. An epiphytic plant mix also works well.<br \/><strong>Fertilisation<\/strong>: Frequent fertilising isn&#8217;t necessary, but a spring application is recommended.<br \/><strong>Pruning<\/strong>: Removing dry or damaged leaves boosts growth and keeps the plant healthy.<br \/><strong>Pet Friendly<\/strong>: This plant is safe for pets.<\/p>\n<p>WARNING! Representative photo \u2013 the image shown is of a stock item at the time of cataloging and serves as a reference. A planta fornecida ser\u00e1 similar \u00e0 da foto sendo que, dependendo da fase do ciclo vegetativo em que se encontre, poder\u00e1 variar na forma, apar\u00eancia ou tamanho (ex: outra tonalidade de folha, com ou sem flor\/fruto, etc). A altura referida inclui o vaso pl\u00e1stico que se v\u00ea na fotografia.<\/p>\n","protected":false},"excerpt":{"rendered":"<p><\/p>\n","protected":false},"featured_media":87547,"template":"","meta":{"_acf_changed":false,"_seopress_robots_primary_cat":"","_seopress_titles_title":"","_seopress_titles_desc":"","_seopress_robots_index":""},"product_brand":[],"product_cat":[748,1411,743],"product_tag":[],"class_list":{"0":"post-17400","1":"product","2":"type-product","3":"status-publish","4":"has-post-thumbnail","6":"product_cat-fathers-day","7":"product_cat-indoor-plants","8":"product_cat-plants","10":"first","11":"instock","12":"taxable","13":"shipping-taxable","14":"purchasable","15":"product-type-simple"},"acf":[],"_links":{"self":[{"href":"https:\/\/hortodocampogrande.pt\/en\/wp-json\/wp\/v2\/product\/17400","targetHints":{"allow":["GET"]}}],"collection":[{"href":"https:\/\/hortodocampogrande.pt\/en\/wp-json\/wp\/v2\/product"}],"about":[{"href":"https:\/\/hortodocampogrande.pt\/en\/wp-json\/wp\/v2\/types\/product"}],"wp:featuredmedia":[{"embeddable":true,"href":"https:\/\/hortodocampogrande.pt\/en\/wp-json\/wp\/v2\/media\/87547"}],"wp:attachment":[{"href":"https:\/\/hortodocampogrande.pt\/en\/wp-json\/wp\/v2\/media?parent=17400"}],"wp:term":[{"taxonomy":"product_brand","embeddable":true,"href":"https:\/\/hortodocampogrande.pt\/en\/wp-json\/wp\/v2\/product_brand?post=17400"},{"taxonomy":"product_cat","embeddable":true,"href":"https:\/\/hortodocampogrande.pt\/en\/wp-json\/wp\/v2\/product_cat?post=17400"},{"taxonomy":"product_tag","embeddable":true,"href":"https:\/\/hortodocampogrande.pt\/en\/wp-json\/wp\/v2\/product_tag?post=17400"}],"curies":[{"name":"wp","href":"https:\/\/api.w.org\/{rel}","templated":true}]}}