{"id":17406,"date":"2024-07-18T15:08:21","date_gmt":"2024-07-18T14:08:21","guid":{"rendered":"https:\/\/hortodocampogrande.pt\/produto\/uncategorized\/chamaedorea-elegans-vase-17\/"},"modified":"2026-03-18T08:59:25","modified_gmt":"2026-03-18T08:59:25","slug":"chamaedorea-elegans-vase-17","status":"publish","type":"product","link":"https:\/\/hortodocampogrande.pt\/en\/produto\/plants\/indoor-plants\/chamaedorea-elegans-vase-17\/","title":{"rendered":"Parlour Palm &#8211; Chamaedorea Elegans (17cm pot)"},"content":{"rendered":"<p>Elegant and robust, the <em>Chamaedorea elegans<\/em> is a tropical plant native to Mexico that thrives indoors in our climate. With soft, wide, and thin abundant leaves giving it a dense small-to-medium palm appearance, this plant loves warmth and humid environments. Maintenance is very simple as long as the plant is placed in a well-lit spot. At home, place it in a corner with plenty of indirect light, at a mild room temperature year-round, and away from heating\/cooling systems. It is the perfect plant for those who want to create a tropical environment at home, without having to spend a lot of care. It is quite resilient and belongs to the &#8220;air-purifying plants&#8221; group as it helps remove toxins from indoor air. It&#8217;s also a great choice for pet owners as it is non-toxic to animals (and people). In optimal conditions\/in the ground, this little palm can grow up to 2 m, although it may take decades to reach that size.<\/p>\n<p><strong>Scientific name<\/strong>: <em>Chamaedorea elegans<\/em><br \/><strong>Common names<\/strong>: Chamaedorea Palm, Bamboo Palm, Camador\u00e9a, Dwarf Palm, Elegant Chamaedorea, Chamaedorea, Parlour Palm<br \/><strong>Family<\/strong>: <em>Arecaceae<\/em><br \/><strong>Origin<\/strong>: Central America (Mexico)<br \/><strong>Climate:<\/strong> Tropical<br \/><strong>Category<\/strong>: Indoor plant<br \/><strong>Approximate height<\/strong>: 60 cm<br \/><strong>Pot diameter<\/strong>: 17 cm<\/p>\n<p><strong>CARE<br \/>Light<\/strong>: Plenty of indirect\/filtered light. Tolerates direct sun in the early morning hours. In this case, its leaves will tend to become lighter.<br \/><strong>Watering<\/strong>: Frequent in summer and moderate in winter.<br \/><strong>Temperature<\/strong>: Ideal between 16 and 24\u00baC.<br \/><strong>Soil<\/strong>: Well-drained, neutral or slightly acidic.<br \/><strong>Fertilization<\/strong>: Apply a dose of indoor plant fertilizer diluted every 3 weeks during the growing season (spring-summer). Don\u2019t fertilise during winter.<br \/><strong>Pet Friendly<\/strong>: A pet-safe plant.<\/p>\n<p>WARNING! Representative photograph &#8211; the image shown is of a specimen in stock at the time the product was added to the online catalog, so it is a reference. A planta fornecida ser\u00e1 similar \u00e0 da foto sendo que, dependendo da fase do ciclo vegetativo em que se encontre, poder\u00e1 variar na forma, apar\u00eancia ou tamanho (ex: outra tonalidade de folha, com ou sem flor\/fruto, etc). A altura referida inclui o vaso pl\u00e1stico que se v\u00ea na fotografia.<\/p>\n","protected":false},"excerpt":{"rendered":"<p>Elegant and robust, the Chamaedorea elegans is a tropical plant native to Mexico that thrives indoors in our climate. With soft, wide, and thin abundant leaves giving it a dense small-to-medium palm appearance, this plant loves warmth and humid environments. Maintenance is very simple as long as the plant is placed in a well-lit spot. [&hellip;]<\/p>\n","protected":false},"featured_media":15674,"template":"","meta":{"_acf_changed":false,"_seopress_robots_primary_cat":"","_seopress_titles_title":"","_seopress_titles_desc":"","_seopress_robots_index":""},"product_brand":[],"product_cat":[1411,743],"product_tag":[],"class_list":{"0":"post-17406","1":"product","2":"type-product","3":"status-publish","4":"has-post-thumbnail","6":"product_cat-indoor-plants","7":"product_cat-plants","9":"first","10":"instock","11":"taxable","12":"shipping-taxable","13":"purchasable","14":"product-type-simple"},"acf":[],"_links":{"self":[{"href":"https:\/\/hortodocampogrande.pt\/en\/wp-json\/wp\/v2\/product\/17406","targetHints":{"allow":["GET"]}}],"collection":[{"href":"https:\/\/hortodocampogrande.pt\/en\/wp-json\/wp\/v2\/product"}],"about":[{"href":"https:\/\/hortodocampogrande.pt\/en\/wp-json\/wp\/v2\/types\/product"}],"wp:featuredmedia":[{"embeddable":true,"href":"https:\/\/hortodocampogrande.pt\/en\/wp-json\/wp\/v2\/media\/15674"}],"wp:attachment":[{"href":"https:\/\/hortodocampogrande.pt\/en\/wp-json\/wp\/v2\/media?parent=17406"}],"wp:term":[{"taxonomy":"product_brand","embeddable":true,"href":"https:\/\/hortodocampogrande.pt\/en\/wp-json\/wp\/v2\/product_brand?post=17406"},{"taxonomy":"product_cat","embeddable":true,"href":"https:\/\/hortodocampogrande.pt\/en\/wp-json\/wp\/v2\/product_cat?post=17406"},{"taxonomy":"product_tag","embeddable":true,"href":"https:\/\/hortodocampogrande.pt\/en\/wp-json\/wp\/v2\/product_tag?post=17406"}],"curies":[{"name":"wp","href":"https:\/\/api.w.org\/{rel}","templated":true}]}}