{"id":17407,"date":"2024-07-18T15:08:17","date_gmt":"2024-07-18T14:08:17","guid":{"rendered":"https:\/\/hortodocampogrande.pt\/produto\/uncategorized\/croton-petra-vase-17\/"},"modified":"2026-03-18T08:59:22","modified_gmt":"2026-03-18T08:59:22","slug":"croton-petra-vase-17","status":"publish","type":"product","link":"https:\/\/hortodocampogrande.pt\/en\/produto\/plants\/indoor-plants\/croton-petra-vase-17\/","title":{"rendered":"Croton &#8211; Codiaeum variegatum &#8216;Petra&#8217; (17 cm pot)"},"content":{"rendered":"<p style=\"margin: 0cm\"><em>Codiaeum variegatum &#8220;Petra&#8221;<\/em> is a specific variety of <em>Croton spp<\/em>. Both options refer to ornamental plants known for their colorful leaves, but &#8220;Petra&#8221; is a hybrid\/cultivar with specific foliage (wider leaves, yellow veins, and red margins, reaching about 1.5 to 3 meters in height), while &#8220;Croton spp.&#8221; is the generic term for the genus, encompassing all varieties like &#8220;Petra&#8221;, &#8220;Zanzibar&#8221;, or &#8220;Mammy&#8221;. Croton Petra is a plant full of tropical colors that will &#8220;warm up&#8221; and bring life to your home&#8217;s interior, as its leaves feature incredible color patterns that rely on light to maintain their vibrant tones. It belongs to the &#8220;air-purifying&#8221; group and, while easy to care for, it appreciates humidity and is quite sensitive to temperature changes, potentially losing its leaves if subjected to large thermal fluctuations.<\/p>\n<p style=\"margin: 0cm\"><\/p>\n<p style=\"margin: 0cm\"><strong>Scientific name<\/strong>: <em>Codiaeum variegatum \u201cPetra\u201d<\/em><br \/><strong>Common name<\/strong>: Croton<br \/><strong>Family<\/strong>: <em>Euphorbiaceae<\/em><br \/><strong>Origin:<\/strong> Asia<br \/><strong>Category<\/strong>: Indoor plant<br \/><strong>Approximate height<\/strong>: 50cm<br \/><strong>Pot diameter<\/strong>: 17 cm<\/p>\n<p style=\"margin: 0cm\"><\/p>\n<p style=\"margin: 0cm\"><strong>CUIDADOS<\/strong><br \/><strong>Light<\/strong>: Requires bright\/intense but indirect light to maintain leaf color. Excessive direct sunlight can burn the leaves. <br \/><strong>Temperature<\/strong>: Ideal between 18 and 28\u00baC. Does not tolerate low temperatures. <br \/><strong>Watering<\/strong>: Keep soil moist, but avoid waterlogging. Let the top layer of soil dry out between waterings. <br \/><strong>Fertilisation: <\/strong>We recommend fertilising Croton Petra once a month.<br \/><strong>Soil<\/strong>: Rich in organic matter and with good drainage (an indoor plant substrate will be suitable).<br \/><strong>Not Pet Friendly<\/strong>: The sap is highly toxic. Keep out of reach of pets. <\/p>\n<p style=\"margin: 0cm\"><\/p>\n<p style=\"margin: 0cm\">WARNING! Fotografia representativa \u2013 a fotografia apresentada \u00e9 de um exemplar existente em stock no momento da coloca\u00e7\u00e3o do produto no cat\u00e1logo online, pelo que \u00e9 uma refer\u00eancia. A planta fornecida ser\u00e1 similar \u00e0 da foto sendo que, dependendo da fase do ciclo vegetativo em que se encontre, poder\u00e1 variar na forma, apar\u00eancia ou tamanho (ex: outra tonalidade de folha, com ou sem flor\/fruto, etc). A altura referida inclui o vaso pl\u00e1stico que se v\u00ea na fotografia.<\/p>\n","protected":false},"excerpt":{"rendered":"<p>Codiaeum variegatum &#8220;Petra&#8221; is a specific variety of Croton spp. Both options refer to ornamental plants known for their colorful leaves, but &#8220;Petra&#8221; is a hybrid\/cultivar with specific foliage (wider leaves, yellow veins, and red margins, reaching about 1.5 to 3 meters in height), while &#8220;Croton spp.&#8221; is the generic term for the genus, encompassing [&hellip;]<\/p>\n","protected":false},"featured_media":86883,"template":"","meta":{"_acf_changed":false,"_seopress_robots_primary_cat":"","_seopress_titles_title":"","_seopress_titles_desc":"","_seopress_robots_index":""},"product_brand":[],"product_cat":[1411,738,743],"product_tag":[],"class_list":{"0":"post-17407","1":"product","2":"type-product","3":"status-publish","4":"has-post-thumbnail","6":"product_cat-indoor-plants","7":"product_cat-mothers-day","8":"product_cat-plants","10":"first","11":"instock","12":"taxable","13":"shipping-taxable","14":"purchasable","15":"product-type-simple"},"acf":[],"_links":{"self":[{"href":"https:\/\/hortodocampogrande.pt\/en\/wp-json\/wp\/v2\/product\/17407","targetHints":{"allow":["GET"]}}],"collection":[{"href":"https:\/\/hortodocampogrande.pt\/en\/wp-json\/wp\/v2\/product"}],"about":[{"href":"https:\/\/hortodocampogrande.pt\/en\/wp-json\/wp\/v2\/types\/product"}],"wp:featuredmedia":[{"embeddable":true,"href":"https:\/\/hortodocampogrande.pt\/en\/wp-json\/wp\/v2\/media\/86883"}],"wp:attachment":[{"href":"https:\/\/hortodocampogrande.pt\/en\/wp-json\/wp\/v2\/media?parent=17407"}],"wp:term":[{"taxonomy":"product_brand","embeddable":true,"href":"https:\/\/hortodocampogrande.pt\/en\/wp-json\/wp\/v2\/product_brand?post=17407"},{"taxonomy":"product_cat","embeddable":true,"href":"https:\/\/hortodocampogrande.pt\/en\/wp-json\/wp\/v2\/product_cat?post=17407"},{"taxonomy":"product_tag","embeddable":true,"href":"https:\/\/hortodocampogrande.pt\/en\/wp-json\/wp\/v2\/product_tag?post=17407"}],"curies":[{"name":"wp","href":"https:\/\/api.w.org\/{rel}","templated":true}]}}