{"id":17438,"date":"2024-07-18T15:07:08","date_gmt":"2024-07-18T14:07:08","guid":{"rendered":"https:\/\/hortodocampogrande.pt\/produto\/sem%20categoria\/forsterian-kentia-vase-17\/"},"modified":"2026-03-18T08:59:32","modified_gmt":"2026-03-18T08:59:32","slug":"forsterian-kentia-vase-17","status":"publish","type":"product","link":"https:\/\/hortodocampogrande.pt\/en\/produto\/plants\/indoor-plants\/forsterian-kentia-vase-17\/","title":{"rendered":"Kentia Palm &#8211; Kentia forsteriana (17 cm pot)"},"content":{"rendered":"<p>\nIf you want to give your home a tropical vibe, the Kentia is the perfect palm. It\u2019s low-maintenance, tolerates low-light spaces, helps purify indoor air, and adds elegance and an exotic touch to any d\u00e9cor. It\u2019s also one of the plants that best fits trends like \u201cUrban Jungle\u201d, Urban Jungle. In nature (under ideal conditions), it can reach 15 m tall, but potted indoors it shouldn\u2019t exceed 3 m. To keep your Kentia healthy, the secret is to recreate the tropical conditions it comes from. Filtered ambient light, mild temperatures, and some humidity in the air throughout the year will make this palm feel \u201cat home\u201d and grow beautifully and healthily.  <\/p>\n<p><strong>Scientific name<\/strong>: <em>Kentia forsteriana<\/em><br \/><strong>Common names<\/strong>: Kentia palm, Kentia<br \/><strong>Family<\/strong>: <em>Arecaceae<\/em><br \/><strong>Origin<\/strong>: Australia<br \/><strong>Category<\/strong>: Indoor plant<br \/><strong>Approximate height<\/strong>: 60cm<br \/><strong>Pot diameter<\/strong>: 17 cm<\/p>\n<p><strong>CUIDADOS<\/strong><br \/><strong>Light<\/strong>: Bright indirect light or partial shade (it can\u2019t handle direct sun, and in very low-light spaces it will grow less, although it\u2019s one of the palms that best tolerates lower light\u2014better than Areca, for example!)<br \/><strong>Watering<\/strong>: Like most palms, it doesn\u2019t need much water, but the substrate shouldn\u2019t dry out completely. Ideally, keep it slightly moist on the surface (but avoid waterlogging or standing water in saucers or decorative pots without drainage holes). Yellow leaves can indicate overwatering, and crispy brown tips can mean it needs more water. Don\u2019t forget that, just like people and animals, plants also need their hydration levels adjusted depending on the season. Even indoors, a plant needs less watering in winter than in summer.<br \/><strong>Soil<\/strong>: use a suitable indoor plant substrate, rich in organic matter and with good drainage. If it\u2019s slightly acidic, perfect. Add a layer of expanded clay at the bottom of the inner pot to help absorb excess water.<br \/><strong>Fertilising:<\/strong> Fertilise once a month during the growing season with a liquid fertiliser.<br \/><strong>Pet Friendly<\/strong>: Considered safe for pets such as dogs and cats.<br \/><strong><\/strong><\/p>\n<p><strong>Fun fact<\/strong>: The palm\u2019s name comes from the Australian island of \u201cLord Howe\u201d, whose capital is Kentia.<\/p>\n<p>WARNING! Fotografia representativa \u2013 a fotografia apresentada \u00e9 de um exemplar existente em stock no momento da coloca\u00e7\u00e3o do produto no cat\u00e1logo online, pelo que \u00e9 uma refer\u00eancia. A planta fornecida ser\u00e1 similar \u00e0 da foto sendo que, dependendo da fase do ciclo vegetativo em que se encontre, poder\u00e1 variar na forma, apar\u00eancia ou tamanho (ex: outra tonalidade de folha, com ou sem flor\/fruto, etc). A altura referida inclui o vaso pl\u00e1stico que se v\u00ea na fotografia.<\/p><\/p>\n","protected":false},"excerpt":{"rendered":"<p>If you want to give your home a tropical vibe, the Kentia is the perfect palm. It\u2019s low-maintenance, tolerates low-light spaces, helps purify indoor air, and adds elegance and an exotic touch to any d\u00e9cor. It\u2019s also one of the plants that best fits trends like \u201cUrban Jungle\u201d, Urban Jungle. In nature (under ideal conditions), [&hellip;]<\/p>\n","protected":false},"featured_media":14950,"template":"","meta":{"_acf_changed":false,"_seopress_robots_primary_cat":"none","_seopress_titles_title":"","_seopress_titles_desc":"","_seopress_robots_index":""},"product_brand":[],"product_cat":[1411,743],"product_tag":[],"class_list":{"0":"post-17438","1":"product","2":"type-product","3":"status-publish","4":"has-post-thumbnail","6":"product_cat-indoor-plants","7":"product_cat-plants","9":"first","10":"instock","11":"taxable","12":"shipping-taxable","13":"purchasable","14":"product-type-simple"},"acf":[],"_links":{"self":[{"href":"https:\/\/hortodocampogrande.pt\/en\/wp-json\/wp\/v2\/product\/17438","targetHints":{"allow":["GET"]}}],"collection":[{"href":"https:\/\/hortodocampogrande.pt\/en\/wp-json\/wp\/v2\/product"}],"about":[{"href":"https:\/\/hortodocampogrande.pt\/en\/wp-json\/wp\/v2\/types\/product"}],"wp:featuredmedia":[{"embeddable":true,"href":"https:\/\/hortodocampogrande.pt\/en\/wp-json\/wp\/v2\/media\/14950"}],"wp:attachment":[{"href":"https:\/\/hortodocampogrande.pt\/en\/wp-json\/wp\/v2\/media?parent=17438"}],"wp:term":[{"taxonomy":"product_brand","embeddable":true,"href":"https:\/\/hortodocampogrande.pt\/en\/wp-json\/wp\/v2\/product_brand?post=17438"},{"taxonomy":"product_cat","embeddable":true,"href":"https:\/\/hortodocampogrande.pt\/en\/wp-json\/wp\/v2\/product_cat?post=17438"},{"taxonomy":"product_tag","embeddable":true,"href":"https:\/\/hortodocampogrande.pt\/en\/wp-json\/wp\/v2\/product_tag?post=17438"}],"curies":[{"name":"wp","href":"https:\/\/api.w.org\/{rel}","templated":true}]}}