{"id":17883,"date":"2024-07-18T15:32:22","date_gmt":"2024-07-18T14:32:22","guid":{"rendered":"https:\/\/hortodocampogrande.pt\/produto\/uncategorized\/statice-bouquet\/"},"modified":"2026-04-24T08:38:51","modified_gmt":"2026-04-24T07:38:51","slug":"statice-bouquet","status":"publish","type":"product","link":"https:\/\/hortodocampogrande.pt\/en\/produto\/flowers\/statice-bouquet\/","title":{"rendered":"Bouquet &#8220;Rustic Aura&#8221;"},"content":{"rendered":"<p>Un delicado arreglo de flores frescas lleno de color, donde la statice en varios tonos es la protagonista. Las peque\u00f1as flores, combinadas con verdes, dan como resultado una composici\u00f3n ligera y con textura, en la que destacan los colores pastel y la est\u00e9tica campestre. El resultado es un arreglo armonioso y muy duradero, con un encanto natural y desenfadado, ideal para dar vida a cualquier espacio. Un ramo perfecto para regalar en ocasiones especiales o para sorprender a alguien con un gesto elegante y lleno de personalidad.<\/p>\n<p><strong>Specifications<\/strong><br \/>Arreglo compuesto por: statice de varios colores y mix de verdes frescos<br \/>Approximate dimensions of the set: 25cm height x 20cm width<\/p>\n","protected":false},"excerpt":{"rendered":"<p>Un delicado arreglo de flores frescas lleno de color, donde la statice en varios tonos es la protagonista. Las peque\u00f1as flores, combinadas con verdes, dan como resultado una composici\u00f3n ligera y con textura, en la que destacan los colores pastel y la est\u00e9tica campestre. El resultado es un arreglo armonioso y muy duradero, con un [&hellip;]<\/p>\n","protected":false},"featured_media":16732,"template":"","meta":{"_acf_changed":false,"_seopress_robots_primary_cat":"","_seopress_titles_title":"","_seopress_titles_desc":"","_seopress_robots_index":""},"product_brand":[],"product_cat":[737,738],"product_tag":[],"class_list":{"0":"post-17883","1":"product","2":"type-product","3":"status-publish","4":"has-post-thumbnail","6":"product_cat-flowers","7":"product_cat-mothers-day","8":"product_shipping_class-just-lisbon","10":"first","11":"instock","12":"taxable","13":"shipping-taxable","14":"purchasable","15":"product-type-simple"},"acf":[],"_links":{"self":[{"href":"https:\/\/hortodocampogrande.pt\/en\/wp-json\/wp\/v2\/product\/17883","targetHints":{"allow":["GET"]}}],"collection":[{"href":"https:\/\/hortodocampogrande.pt\/en\/wp-json\/wp\/v2\/product"}],"about":[{"href":"https:\/\/hortodocampogrande.pt\/en\/wp-json\/wp\/v2\/types\/product"}],"wp:featuredmedia":[{"embeddable":true,"href":"https:\/\/hortodocampogrande.pt\/en\/wp-json\/wp\/v2\/media\/16732"}],"wp:attachment":[{"href":"https:\/\/hortodocampogrande.pt\/en\/wp-json\/wp\/v2\/media?parent=17883"}],"wp:term":[{"taxonomy":"product_brand","embeddable":true,"href":"https:\/\/hortodocampogrande.pt\/en\/wp-json\/wp\/v2\/product_brand?post=17883"},{"taxonomy":"product_cat","embeddable":true,"href":"https:\/\/hortodocampogrande.pt\/en\/wp-json\/wp\/v2\/product_cat?post=17883"},{"taxonomy":"product_tag","embeddable":true,"href":"https:\/\/hortodocampogrande.pt\/en\/wp-json\/wp\/v2\/product_tag?post=17883"}],"curies":[{"name":"wp","href":"https:\/\/api.w.org\/{rel}","templated":true}]}}