{"id":18852,"date":"2024-07-18T15:08:23","date_gmt":"2024-07-18T14:08:23","guid":{"rendered":"https:\/\/hortodocampogrande.pt\/produto\/uncategorized\/japanese-fatsia-vase-17\/"},"modified":"2026-04-24T12:15:18","modified_gmt":"2026-04-24T11:15:18","slug":"japanese-fatsia-vase-17","status":"publish","type":"product","link":"https:\/\/hortodocampogrande.pt\/en\/produto\/plants\/indoor-plants\/japanese-fatsia-vase-17\/","title":{"rendered":"Japanese Aralia &#8211; Fatsia japonica (17cm pot)"},"content":{"rendered":"<p>The Japanese Aralia is a shrubby plant with broad, glossy dark green leaves, offering an exotic and lush appearance. Low maintenance, it can be kept indoors or outdoors (in sheltered spots). Combined with other tropical-looking plants, it creates the perfect &#8220;Urban Jungle&#8221; look. It is also a very ornamental and elegant element in contemporary gardens. Indoors, it rarely exceeds 1m in height, flowers (outdoors this may happen in spring), or bears fruit (outdoors this may happen in autumn). Outdoors, it can reach up to 4m. Fatsias can filter toxins from the air around them, such as formaldehyde, toluene, and benzene, making them an excellent choice for offices and bedrooms.<\/p>\n<p><strong>Scientific name<\/strong>: <em>Fatsia japonica<\/em><br \/><strong>Common names<\/strong>: Japanese Aralia, Fatsia, Aralia<br \/><strong>Family<\/strong>: <em>Araliaceae<\/em><br \/><strong>Origin<\/strong>: Asia (Japan and Korea)<br \/><strong>Climate<\/strong>: Mediterranean, Oceanic, Subtropical, Tropical<br \/><strong>Category<\/strong>: Indoor or outdoor plant<br \/><strong>Approximate height<\/strong>: 50cm<br \/><strong>Pot diameter<\/strong>: 17 cm<\/p>\n<p><strong>CUIDADOS<\/strong><br \/><strong>Light<\/strong>: Prefers plenty of indirect light. Can be placed outdoors in semi-shaded spots (direct sun only in the early morning; best kept in north-facing areas sheltered from harsh weather). Indoors, choose rooms with plenty of natural indirect\/filtered light.<br \/><strong>Temperature<\/strong>: Prefers mild to warm environments between 15-25\u00baC. Can withstand low temperatures down to 10\u00baC for short periods. <br \/><strong>Watering<\/strong>: Let the substrate dry out slightly between waterings. If in doubt, don&#8217;t water\u2014wait a few days and water then. Watch out for standing water in saucers or non-draining decorative pots. Excessive water can lead to root rot!<br \/><strong>Soil<\/strong>: Prefers fertile, well-drained soils\/substrates enriched with organic matter.<br \/><strong>Pruning<\/strong>: Remove old, damaged, or unwanted leaves in spring.<br \/><strong>Pet Friendly<\/strong>: According to the ASPCA, it is safe for pets.<\/p>\n<p><strong>Fun Fact<\/strong>: In Japan, it is known as &#8220;Yatsude&#8221;, meaning &#8220;eight fingers&#8221;, referring to the lobes of its leaves.<\/p>\n<p>WARNING! Representative photo \u2013 the image shown is of a stock item at the time of cataloging and serves as a reference. A planta fornecida ser\u00e1 similar \u00e0 da foto sendo que, dependendo da fase do ciclo vegetativo em que se encontre, poder\u00e1 variar na forma, apar\u00eancia ou tamanho (ex: outra tonalidade de folha, com ou sem flor\/fruto, etc). A altura referida inclui o vaso pl\u00e1stico que se v\u00ea na fotografia.<\/p>\n","protected":false},"excerpt":{"rendered":"<p><\/p>\n","protected":false},"featured_media":14465,"template":"","meta":{"_acf_changed":false,"_seopress_robots_primary_cat":"","_seopress_titles_title":"","_seopress_titles_desc":"","_seopress_robots_index":""},"product_brand":[],"product_cat":[1411,743],"product_tag":[],"class_list":{"0":"post-18852","1":"product","2":"type-product","3":"status-publish","4":"has-post-thumbnail","6":"product_cat-indoor-plants","7":"product_cat-plants","9":"first","10":"instock","11":"taxable","12":"shipping-taxable","13":"purchasable","14":"product-type-simple"},"acf":[],"_links":{"self":[{"href":"https:\/\/hortodocampogrande.pt\/en\/wp-json\/wp\/v2\/product\/18852","targetHints":{"allow":["GET"]}}],"collection":[{"href":"https:\/\/hortodocampogrande.pt\/en\/wp-json\/wp\/v2\/product"}],"about":[{"href":"https:\/\/hortodocampogrande.pt\/en\/wp-json\/wp\/v2\/types\/product"}],"wp:featuredmedia":[{"embeddable":true,"href":"https:\/\/hortodocampogrande.pt\/en\/wp-json\/wp\/v2\/media\/14465"}],"wp:attachment":[{"href":"https:\/\/hortodocampogrande.pt\/en\/wp-json\/wp\/v2\/media?parent=18852"}],"wp:term":[{"taxonomy":"product_brand","embeddable":true,"href":"https:\/\/hortodocampogrande.pt\/en\/wp-json\/wp\/v2\/product_brand?post=18852"},{"taxonomy":"product_cat","embeddable":true,"href":"https:\/\/hortodocampogrande.pt\/en\/wp-json\/wp\/v2\/product_cat?post=18852"},{"taxonomy":"product_tag","embeddable":true,"href":"https:\/\/hortodocampogrande.pt\/en\/wp-json\/wp\/v2\/product_tag?post=18852"}],"curies":[{"name":"wp","href":"https:\/\/api.w.org\/{rel}","templated":true}]}}