
{"id":18854,"date":"2024-07-18T15:08:54","date_gmt":"2024-07-18T14:08:54","guid":{"rendered":"https:\/\/hortodocampogrande.pt\/produto\/uncategorized\/aquatic-pachira-vase-19\/"},"modified":"2026-04-20T14:08:52","modified_gmt":"2026-04-20T13:08:52","slug":"aquatic-pachira-vase-19","status":"publish","type":"product","link":"https:\/\/hortodocampogrande.pt\/en\/produto\/plants\/indoor-plants\/aquatic-pachira-vase-19\/","title":{"rendered":"Money Tree &#8211; Pachira aquatica (19 cm pot)"},"content":{"rendered":"<p>\nCommonly known as the &#8220;Money Tree&#8221;, the <em>Pachira Aquatica<\/em> is probably one of the oldest plants associated with fortune and happiness. That\u2019s why it\u2019s widely used to decorate offices, homes, shops and shopping centres across Asia. Apparently, having it nearby brings good energy, and the origin of this belief lies in its leaves: palmate with five leaflets, easily linked to the 5 elements of Feng Shui: earth, fire, wood, water and metal. Besides this link to luck\/happiness, this plant\u2014native to swampy areas of Central America, northern Brazil and Peru (and in our climate it should be kept indoors)\u2014is low-maintenance, elegant and eye-catching. Make sure you place it somewhere with plenty of indirect\/filtered light, check that the air inside your home isn\u2019t too dry, keep it away from heating\/cooling systems, don\u2019t overwater, and never forget that standing water (in the saucer or in decorative pots without drainage holes) can rot the roots. With its braided trunk and large, glossy, pointed green leaves at the top, the <em>Pachira aquatica<\/em> will help create a little oasis in any indoor space, and also help purify the air and remove toxins around it. Need more reasons to buy this plant? It\u2019s also an excellent gift, whatever the occasion or celebration.<\/p>\n<p><strong>Scientific name<\/strong>: <em>Pachira aquatica<\/em><br \/><strong>Common name<\/strong>: Money Tree<br \/><strong>Family<\/strong>: <em>Malvaceae<\/em><br \/><strong>Origin:<\/strong> Central and South America<br \/><strong>Category<\/strong>: Indoor plant<br \/><strong>Approx. height<\/strong>: 1 m<br \/><strong>Di\u00e2metro vaso<\/strong>: 19cm<\/p>\n<p><strong>CUIDADOS<\/strong><br \/><strong>Light<\/strong>: Prefers plenty of indirect light, but also tolerates light shade. However, placing it in overly dark spaces can compromise its growth. <br \/><strong>Watering:<\/strong> Water when the soil is dry, with plenty of water, allowing excess water to drain well. In winter reduce the frequency of watering.<br \/><strong>Temperature<\/strong>: Likes mild temperatures (15 to 25\u00baC) and environments with some relative humidity.<br \/><strong>Fertilising<\/strong>: Apply a suitable product for green\/indoor plants once a month during the growing season (spring\u2013summer).<br \/><strong>Pruning<\/strong>: It\u2019s advisable to trim some of the larger leaves from the lower part of the trunk to encourage new growth at the top, keeping the shape\/canopy that characterises this plant.<br \/><strong>Pet-friendly<\/strong>: This plant is considered safe for pets.<\/p>\n<p>WARNING! Representative photograph &#8211; the image shown is of a specimen in stock at the time the product was added to the online catalog, so it is a reference. A planta fornecida ser\u00e1 similar \u00e0 da foto sendo que, dependendo da fase do ciclo vegetativo em que se encontre, poder\u00e1 variar na forma, apar\u00eancia ou tamanho (ex: outra tonalidade de folha, com ou sem flor\/fruto, etc). A altura referida inclui o vaso pl\u00e1stico que se v\u00ea na fotografia.<\/p>\n","protected":false},"excerpt":{"rendered":"<p>Commonly known as the &#8220;Money Tree&#8221;, the Pachira Aquatica is probably one of the oldest plants associated with fortune and happiness. That\u2019s why it\u2019s widely used to decorate offices, homes, shops and shopping centres across Asia. Apparently, having it nearby brings good energy, and the origin of this belief lies in its leaves: palmate with [&hellip;]<\/p>\n","protected":false},"featured_media":15166,"template":"","meta":{"_acf_changed":false,"_seopress_robots_primary_cat":"","_seopress_titles_title":"","_seopress_titles_desc":"","_seopress_robots_index":""},"product_brand":[],"product_cat":[1411,743],"product_tag":[],"class_list":{"0":"post-18854","1":"product","2":"type-product","3":"status-publish","4":"has-post-thumbnail","6":"product_cat-indoor-plants","7":"product_cat-plants","9":"first","10":"instock","11":"taxable","12":"shipping-taxable","13":"purchasable","14":"product-type-simple"},"acf":[],"_links":{"self":[{"href":"https:\/\/hortodocampogrande.pt\/en\/wp-json\/wp\/v2\/product\/18854","targetHints":{"allow":["GET"]}}],"collection":[{"href":"https:\/\/hortodocampogrande.pt\/en\/wp-json\/wp\/v2\/product"}],"about":[{"href":"https:\/\/hortodocampogrande.pt\/en\/wp-json\/wp\/v2\/types\/product"}],"wp:featuredmedia":[{"embeddable":true,"href":"https:\/\/hortodocampogrande.pt\/en\/wp-json\/wp\/v2\/media\/15166"}],"wp:attachment":[{"href":"https:\/\/hortodocampogrande.pt\/en\/wp-json\/wp\/v2\/media?parent=18854"}],"wp:term":[{"taxonomy":"product_brand","embeddable":true,"href":"https:\/\/hortodocampogrande.pt\/en\/wp-json\/wp\/v2\/product_brand?post=18854"},{"taxonomy":"product_cat","embeddable":true,"href":"https:\/\/hortodocampogrande.pt\/en\/wp-json\/wp\/v2\/product_cat?post=18854"},{"taxonomy":"product_tag","embeddable":true,"href":"https:\/\/hortodocampogrande.pt\/en\/wp-json\/wp\/v2\/product_tag?post=18854"}],"curies":[{"name":"wp","href":"https:\/\/api.w.org\/{rel}","templated":true}]}}