{"id":18859,"date":"2024-07-18T15:10:26","date_gmt":"2024-07-18T14:10:26","guid":{"rendered":"https:\/\/hortodocampogrande.pt\/produto\/uncategorized\/calathea-orbifolia-vase-14\/"},"modified":"2026-03-18T08:59:26","modified_gmt":"2026-03-18T08:59:26","slug":"calathea-orbifolia-vase-14","status":"publish","type":"product","link":"https:\/\/hortodocampogrande.pt\/en\/produto\/plants\/indoor-plants\/calathea-orbifolia-vase-14\/","title":{"rendered":"Orbifolia Calathea &#8211; Calathea orbifolia (14 cm pot)"},"content":{"rendered":"<p><font face=\"Calibri\"><\/p>\n<p><font face=\"Times New Roman\"><\/p>\n<p><\/font><\/p>\n<p><\/font><\/p>\n<p><em>Calathea orbifolia<\/em> features impressive and lush foliage. It&#8217;s the ultimate expression of exoticism and tropical flair, displayed in its large leaves with a lovely textured appearance (leather-like to the touch), green tones and light stripes, making this plant one of the trendiest, probably a favorite in interior decoration. However, like all Calatheas, it won&#8217;t be the right choice for those wanting to start out in the world of plants, as keeping this natural wonder healthy can be challenging. Native to tropical climates, it likes plenty of indirect\/filtered light, as in its natural habitat it lives beneath larger species that prevent the direct sun from scorching it or damaging its delicate leaves. And it thrives in environments with high relative humidity (which we often don&#8217;t have in our homes), as befits a native of South American tropical forests. To make things a bit more complicated, like its relatives, it loves being watered with rainwater or mineral water and is very sensitive to waterlogging, so attention must be paid to stagnant water in saucers or decorative pots without drainage holes. On the plus side, it\u2019s another plant in the \u201cair-purifying\u201d group and it\u2019s pet-friendly, making it the right choice to bring nature and sophistication into your home.<\/p>\n<p><strong>Scientific name<\/strong>: <em>Calathea orbifolia<\/em><br \/><strong>Common names<\/strong>: Orbifolia Calathea, Watermelon Calathea<br \/><strong>Family<\/strong>: <em>Marantaceae<\/em><br \/><strong>Origin:<\/strong> South America<br \/><strong>Category<\/strong>: Indoor plant<br \/><strong>Altura aproximada<\/strong>: 30cm<br \/><strong>Pot diameter<\/strong>: 14cm<\/p>\n<p><strong>CUIDADOS<\/strong><br \/><strong>Light<\/strong>: Prefers bright indirect light. Does not tolerate direct sun exposure (and can cause leaf burn).<br \/><strong>Watering<\/strong>: Keep soil slightly moist, watering when the top 2.5 cm are dry. Avoid waterlogging.<br \/><strong>Humidity<\/strong>: Enjoys environments with high relative humidity (70-80%). Clean leaves regularly with a damp cloth, mist on hot summer days and\/or use a humidifier in drier environments.<br \/><strong>Temperature<\/strong>: Ideal between 18\u00b0C and 24\u00b0C. Avoid temperatures below 15\u00b0C, cold drafts or sudden temperature changes.<br \/><strong>Fertilizing<\/strong>: Apply fertilizer suitable for green\/indoor plants during spring-summer.<br \/><strong>Pruning<\/strong>: Remove dry or damaged leaves to encourage new growth. Clean leaves with a damp cloth to remove dust.<br \/><strong>Life cycle:<\/strong> Perennial<br \/><strong>Soil<\/strong>: Light substrate, rich in organic matter and well-drained<br \/><strong>Pet Friendly<\/strong>: Safe for pets.<\/p>\n<p><strong>Fun fact<\/strong>: Like all Calatheas, it&#8217;s also called a &#8220;Prayer Plant&#8221; because its leaves move, changing position throughout the day. But watch out! If you notice the leaves don\u2019t show this movement, it may mean your <em>Calathea<\/em> is thirsty.  <\/p>\n<p>WARNING! Fotografia representativa \u2013 a fotografia apresentada \u00e9 de um exemplar existente em stock no momento da coloca\u00e7\u00e3o do produto no cat\u00e1logo online, pelo que \u00e9 uma refer\u00eancia. A planta fornecida ser\u00e1 similar \u00e0 da foto sendo que, dependendo da fase do ciclo vegetativo em que se encontre, poder\u00e1 variar na forma, apar\u00eancia ou tamanho (ex: outra tonalidade de folha, com ou sem flor\/fruto, etc). A altura referida inclui o vaso pl\u00e1stico que se v\u00ea na fotografia.<\/p>\n","protected":false},"excerpt":{"rendered":"<p>Calathea orbifolia features impressive and lush foliage. It&#8217;s the ultimate expression of exoticism and tropical flair, displayed in its large leaves with a lovely textured appearance (leather-like to the touch), green tones and light stripes, making this plant one of the trendiest, probably a favorite in interior decoration. However, like all Calatheas, it won&#8217;t be [&hellip;]<\/p>\n","protected":false},"featured_media":87817,"template":"","meta":{"_acf_changed":false,"_seopress_robots_primary_cat":"none","_seopress_titles_title":"","_seopress_titles_desc":"","_seopress_robots_index":""},"product_brand":[],"product_cat":[1411,743],"product_tag":[],"class_list":{"0":"post-18859","1":"product","2":"type-product","3":"status-publish","4":"has-post-thumbnail","6":"product_cat-indoor-plants","7":"product_cat-plants","9":"first","10":"instock","11":"taxable","12":"shipping-taxable","13":"purchasable","14":"product-type-simple"},"acf":[],"_links":{"self":[{"href":"https:\/\/hortodocampogrande.pt\/en\/wp-json\/wp\/v2\/product\/18859","targetHints":{"allow":["GET"]}}],"collection":[{"href":"https:\/\/hortodocampogrande.pt\/en\/wp-json\/wp\/v2\/product"}],"about":[{"href":"https:\/\/hortodocampogrande.pt\/en\/wp-json\/wp\/v2\/types\/product"}],"wp:featuredmedia":[{"embeddable":true,"href":"https:\/\/hortodocampogrande.pt\/en\/wp-json\/wp\/v2\/media\/87817"}],"wp:attachment":[{"href":"https:\/\/hortodocampogrande.pt\/en\/wp-json\/wp\/v2\/media?parent=18859"}],"wp:term":[{"taxonomy":"product_brand","embeddable":true,"href":"https:\/\/hortodocampogrande.pt\/en\/wp-json\/wp\/v2\/product_brand?post=18859"},{"taxonomy":"product_cat","embeddable":true,"href":"https:\/\/hortodocampogrande.pt\/en\/wp-json\/wp\/v2\/product_cat?post=18859"},{"taxonomy":"product_tag","embeddable":true,"href":"https:\/\/hortodocampogrande.pt\/en\/wp-json\/wp\/v2\/product_tag?post=18859"}],"curies":[{"name":"wp","href":"https:\/\/api.w.org\/{rel}","templated":true}]}}