{"id":20680,"date":"2024-07-18T15:26:03","date_gmt":"2024-07-18T14:26:03","guid":{"rendered":"https:\/\/hortodocampogrande.pt\/produto\/uncategorized\/dypsis-lutescens-areca\/"},"modified":"2026-03-18T08:59:22","modified_gmt":"2026-03-18T08:59:22","slug":"dypsis-lutescens-areca","status":"publish","type":"product","link":"https:\/\/hortodocampogrande.pt\/en\/produto\/plants\/indoor-plants\/dypsis-lutescens-areca\/","title":{"rendered":"Areca Palm &#8211; Dypsis Lutescens (24cm pot)"},"content":{"rendered":"<p><em>Dypsis lutescens<\/em>, also known as the Areca or Golden Cane Palm, is a lush and elegant tropical plant. Its long, feathery leaves are deep green, creating a lush appearance. It is a medium to large plant, perfect for adding a touch of elegance and exoticism to any indoor space, especially as it belongs to the &#8220;purifying&#8221; group (plants that help purify and humidify indoor air). Compared to other palms, the Areca grows relatively fast and, in our temperate climate, can withstand sheltered balconies and gardens, but prefers indoor environments as long as it is not near heating systems. <\/p>\n<p><strong>Scientific name<\/strong>: <em>Dypsis lutescens<\/em><br \/><strong>Common names<\/strong>: Areca, Areca Palm, Golden Cane Palm, Bamboo Palm<br \/><strong>Family<\/strong>: <em>Arecaceae<\/em><br \/><strong>Origin<\/strong>: Madagascar<br \/><strong>Category<\/strong>: Indoor plants<br \/><strong>Approximate height<\/strong>: 140cm<br \/><strong>Pot diameter<\/strong>: 24cm<\/p>\n<p><strong>CUIDADOS<\/strong><br \/><strong>Light<\/strong>: The Areca prefers indirect light, so direct sun exposure should be avoided.<br \/><strong>Watering<\/strong>: Let the soil dry out partially before watering. Water more often in summer and less in winter. Avoid overwatering by adapting to the seasons, keeping the soil slightly moist without waterlogging it, and never leaving standing water (in the saucer\/decorative pot) to avoid root rot.<br \/><strong>Soil<\/strong>: Requires a well-drained substrate enriched with organic matter. <br \/><strong>Humidity<\/strong>: It is recommended to clean the leaves regularly to remove dust buildup, help maintain humidity levels, and identify any pests early.<br \/><strong>Fertilisation<\/strong>: Monthly from March to September, using a fertiliser suitable for green plants. Follow the manufacturer&#8217;s instructions to ensure the correct dosage and provide the necessary nutrients for healthy growth.<br \/><strong>Pet friendly:<\/strong> Areca is considered safe for pets such as dogs and cats. However, it is always recommended to avoid ingesting the leaves or parts of the plant.<\/p>\n<p><strong>Fun facts<\/strong>: The stems are golden and resemble bamboo shoots &#8211; hence the popular name &#8220;Bamboo Palm&#8221;.<\/p>\n<p>WARNING! Fotografia representativa \u2013 a fotografia apresentada \u00e9 de um exemplar existente em stock no momento da coloca\u00e7\u00e3o do produto no cat\u00e1logo online, pelo que \u00e9 uma refer\u00eancia. A planta fornecida ser\u00e1 similar \u00e0 da foto sendo que, dependendo da fase do ciclo vegetativo em que se encontre, poder\u00e1 variar na forma, apar\u00eancia ou tamanho (ex: outra tonalidade de folha, com ou sem flor\/fruto, etc). A altura referida inclui o vaso pl\u00e1stico que se v\u00ea na fotografia.<\/p>\n<p><\/p>\n","protected":false},"excerpt":{"rendered":"<p><\/p>\n","protected":false},"featured_media":9816,"template":"","meta":{"_acf_changed":false,"_seopress_robots_primary_cat":"","_seopress_titles_title":"","_seopress_titles_desc":"","_seopress_robots_index":""},"product_brand":[],"product_cat":[1411,739,743],"product_tag":[],"class_list":{"0":"post-20680","1":"product","2":"type-product","3":"status-publish","4":"has-post-thumbnail","6":"product_cat-indoor-plants","7":"product_cat-lovers","8":"product_cat-plants","10":"first","11":"instock","12":"taxable","13":"shipping-taxable","14":"purchasable","15":"product-type-simple"},"acf":[],"_links":{"self":[{"href":"https:\/\/hortodocampogrande.pt\/en\/wp-json\/wp\/v2\/product\/20680","targetHints":{"allow":["GET"]}}],"collection":[{"href":"https:\/\/hortodocampogrande.pt\/en\/wp-json\/wp\/v2\/product"}],"about":[{"href":"https:\/\/hortodocampogrande.pt\/en\/wp-json\/wp\/v2\/types\/product"}],"wp:featuredmedia":[{"embeddable":true,"href":"https:\/\/hortodocampogrande.pt\/en\/wp-json\/wp\/v2\/media\/9816"}],"wp:attachment":[{"href":"https:\/\/hortodocampogrande.pt\/en\/wp-json\/wp\/v2\/media?parent=20680"}],"wp:term":[{"taxonomy":"product_brand","embeddable":true,"href":"https:\/\/hortodocampogrande.pt\/en\/wp-json\/wp\/v2\/product_brand?post=20680"},{"taxonomy":"product_cat","embeddable":true,"href":"https:\/\/hortodocampogrande.pt\/en\/wp-json\/wp\/v2\/product_cat?post=20680"},{"taxonomy":"product_tag","embeddable":true,"href":"https:\/\/hortodocampogrande.pt\/en\/wp-json\/wp\/v2\/product_tag?post=20680"}],"curies":[{"name":"wp","href":"https:\/\/api.w.org\/{rel}","templated":true}]}}