{"id":21382,"date":"2024-09-10T11:17:37","date_gmt":"2024-09-10T10:17:37","guid":{"rendered":"https:\/\/hortodocampogrande.pt\/produto\/uncategorized\/ficus-pumila-vase-10\/"},"modified":"2026-03-19T21:51:43","modified_gmt":"2026-03-19T21:51:43","slug":"ficus-pumila-vase-10","status":"publish","type":"product","link":"https:\/\/hortodocampogrande.pt\/en\/produto\/plants\/indoor-plants\/ficus-pumila-vase-10\/","title":{"rendered":"Climbing fig &#8211; Ficus pumila (10 cm pot)"},"content":{"rendered":"<p>Known as a fabulous option when you want to create green walls or vertical gardens, <em>Ficus pumila<\/em> is a relatively fast-growing climber that can be used outdoors\u2014beautifully clinging to any surface\u2014or indoors as a trailing plant. It\u2019s ideal for covering walls and fences, or for interior d\u00e9cor. Native to Vietnam, it\u2019s an elegant, versatile plant with easy care, as it doesn\u2019t produce stems\/runners as strong and woody as other climbers, nor does it grow in layers that make pruning and maintenance a complex task. Its small, round green leaves are very elegant and perfectly cover surfaces of all shapes and sizes, beautifying balconies, terraces, and gardens and also helping to purify the air around it. In its natural habitat, this fabulous climber grows in tropical forests, blending into dense vegetation, finding support on other plants and trunks, and enjoying mild temperatures, high humidity, and indirect light.<\/p>\n<p><strong>Scientific name<\/strong>: <em>Ficus pumila<\/em><br \/><strong>Common names<\/strong>: Climbing fig, Creeping fig, Cat\u2019s Claw, Dwarf fig<br \/><strong>Origin:<\/strong> Asia<br \/><strong>Climate:<\/strong> Tropical<br \/><strong>Family<\/strong>: <em>Moraceae<\/em><br \/><strong>Category<\/strong>: Indoor or outdoor plant<br \/><strong>Approximate height<\/strong>: 15cm<br \/><strong>Pot diameter<\/strong>: 10cm<\/p>\n<p><strong>CUIDADOS<\/strong><br \/><strong>Light<\/strong>: Grows well in shade or partial shade; bright indirect light is ideal (direct sun only in the morning or late in the day).<br \/><strong>Watering<\/strong>: Moderate in the warmer months\u2014especially if it\u2019s in a pot (watch out for saucers with standing water and non-draining decorative pots where water can get trapped). Adjust watering frequency in winter. If it\u2019s outdoors, let nature\/rain take care of it, except during periods of moderate\/severe drought.<br \/><strong>Humidity<\/strong>: As it\u2019s native to tropical forests, it likes environments with high humidity. This is important if you keep it indoors (keep it away from heating\/cooling systems and direct sun, and place it closer to the more humid areas of the house). If you keep it outdoors, proper watering will usually be enough, but above all place it in the right sun exposure (north-facing spots are ideal as it can\u2019t handle direct sun).<br \/><strong>Temperature<\/strong>: Adapts to mild climates. Outdoors, grown in the ground and once established, it will tolerate our winters well (mainland Portugal).<br \/><strong>Fertilising<\/strong>: Use a fertiliser suitable for outdoor plants (if kept outdoors) or indoor plants (if kept indoors) in spring\u2013summer to encourage flowering.<br \/><strong>Soil<\/strong>: Thrives in any soil as long as it is cool and fertile.<br \/><strong>Pruning<\/strong>: Moderate once established, to control growth and keep the plant healthy.<br \/><strong>Not Pet-friendly<\/strong>: This plant is toxic to pets. <\/p>\n<p>WARNING! Representative photo \u2013 the image shown is of a stock item at the time of cataloging and serves as a reference. A planta fornecida ser\u00e1 similar \u00e0 da foto sendo que, dependendo da fase do ciclo vegetativo em que se encontre, poder\u00e1 variar na forma, apar\u00eancia ou tamanho (ex: outra tonalidade de folha, com ou sem flor\/fruto, etc). A altura referida inclui o vaso pl\u00e1stico que se v\u00ea na fotografia.<\/p>\n","protected":false},"excerpt":{"rendered":"<p>Known as a fabulous option when you want to create green walls or vertical gardens, Ficus pumila is a relatively fast-growing climber that can be used outdoors\u2014beautifully clinging to any surface\u2014or indoors as a trailing plant. It\u2019s ideal for covering walls and fences, or for interior d\u00e9cor. Native to Vietnam, it\u2019s an elegant, versatile plant [&hellip;]<\/p>\n","protected":false},"featured_media":18123,"template":"","meta":{"_acf_changed":false,"_seopress_robots_primary_cat":"","_seopress_titles_title":"","_seopress_titles_desc":"","_seopress_robots_index":""},"product_brand":[],"product_cat":[1411,744,743],"product_tag":[],"class_list":{"0":"post-21382","1":"product","2":"type-product","3":"status-publish","4":"has-post-thumbnail","6":"product_cat-indoor-plants","7":"product_cat-outdoor-plants","8":"product_cat-plants","10":"first","11":"instock","12":"taxable","13":"shipping-taxable","14":"purchasable","15":"product-type-simple"},"acf":[],"_links":{"self":[{"href":"https:\/\/hortodocampogrande.pt\/en\/wp-json\/wp\/v2\/product\/21382","targetHints":{"allow":["GET"]}}],"collection":[{"href":"https:\/\/hortodocampogrande.pt\/en\/wp-json\/wp\/v2\/product"}],"about":[{"href":"https:\/\/hortodocampogrande.pt\/en\/wp-json\/wp\/v2\/types\/product"}],"wp:featuredmedia":[{"embeddable":true,"href":"https:\/\/hortodocampogrande.pt\/en\/wp-json\/wp\/v2\/media\/18123"}],"wp:attachment":[{"href":"https:\/\/hortodocampogrande.pt\/en\/wp-json\/wp\/v2\/media?parent=21382"}],"wp:term":[{"taxonomy":"product_brand","embeddable":true,"href":"https:\/\/hortodocampogrande.pt\/en\/wp-json\/wp\/v2\/product_brand?post=21382"},{"taxonomy":"product_cat","embeddable":true,"href":"https:\/\/hortodocampogrande.pt\/en\/wp-json\/wp\/v2\/product_cat?post=21382"},{"taxonomy":"product_tag","embeddable":true,"href":"https:\/\/hortodocampogrande.pt\/en\/wp-json\/wp\/v2\/product_tag?post=21382"}],"curies":[{"name":"wp","href":"https:\/\/api.w.org\/{rel}","templated":true}]}}