{"id":21418,"date":"2024-07-18T15:07:46","date_gmt":"2024-07-18T14:07:46","guid":{"rendered":"https:\/\/hortodocampogrande.pt\/produto\/uncategorized\/dracaena-lemon-lime-vase-17\/"},"modified":"2026-03-18T08:59:20","modified_gmt":"2026-03-18T08:59:20","slug":"dracaena-lemon-lime-vase-17","status":"publish","type":"product","link":"https:\/\/hortodocampogrande.pt\/en\/produto\/plants\/indoor-plants\/dracaena-lemon-lime-vase-17\/","title":{"rendered":"Lemon Lime Dracaena &#8211; Dracaena fragans &#8216;Lemon Lime&#8217; (17 cm pot)"},"content":{"rendered":"<p>The <em>Dracaena fragans &#8216;Lemon Lime&#8217;<\/em> is an exotic plant that turns heads with its vibrant lime-green leaves. It is hardy, easy to care for, and belongs to the group of plants identified by NASA as effective in removing indoor pollutants, helping maintain healthier spaces. For this reason, and because it is simple to maintain, it&#8217;s an excellent choice for indoor environments like offices or clinics. As it grows, it takes on a look similar to palms or Yuccas, though more delicate. It pairs beautifully with other species and is almost a must-have when creating stylish green corners.&nbsp; To keep it beautiful and healthy, remove damaged leaves that appear under the leaf clusters. To control growth, it can be pruned as new clusters will grow back relatively quickly. However, it\u2019s vulnerable to insect pests, so the leaves should be cleaned regularly (with a damp cloth). If the stems or leaves start turning brown, it may be a sign of overwatering. <\/p>\n<p><strong>Scientific name<\/strong>: <em>Dracaena fragans &#8216;Lemon Lime&#8217;<\/em><br \/><strong>Common name<\/strong>: Lemon Lime Dracaena<br \/><strong>Family<\/strong>: <em>Asparagaceae<\/em><br \/><strong>Origin<\/strong>: Africa<br \/><strong>Category<\/strong>: Indoor plant<br \/><strong>Approximate height<\/strong>: 50cm<br \/><strong>Pot diameter<\/strong>: 17 cm<\/p>\n<p><strong>CUIDADOS<\/strong><br \/><strong>Light<\/strong>: To keep the bright lime-green tones that define its leaves, it needs plenty of bright, indirect natural light. <br \/><strong>Temperature<\/strong>: 16-24\u00baC. Originating from predominantly tropical climates, it thrives best in a mild and humid environment.<br \/><strong>Watering<\/strong>: Let the soil dry out between waterings, especially during winter. To prevent root rot, make sure that\u2014after each watering\u2014no water is left standing between the inner plastic pot and the outer decorative pot. If it\u2019s planted in a decorative pot with drainage holes, check that no water is left in the saucer.<br \/><strong>Soil<\/strong>: A nutrient-rich, light substrate mix with peat to promote drainage is ideal.<br \/><strong>Fertilizing<\/strong>: Apply a light dose of fertilizer once a month between spring and autumn.<\/p>\n<p>WARNING! Representative photograph &#8211; the image shown is of a specimen in stock at the time the product was added to the online catalog, and is therefore a reference. A planta fornecida ser\u00e1 similar \u00e0 da foto sendo que, dependendo da fase do ciclo vegetativo em que se encontre, poder\u00e1 variar na forma, apar\u00eancia ou tamanho (ex: outra tonalidade de folha, com ou sem flor\/fruto, etc). A altura referida inclui o vaso pl\u00e1stico que se v\u00ea na fotografia.<\/p>\n","protected":false},"excerpt":{"rendered":"<p>The Dracaena fragans &#8216;Lemon Lime&#8217; is an exotic plant that turns heads with its vibrant lime-green leaves. It is hardy, easy to care for, and belongs to the group of plants identified by NASA as effective in removing indoor pollutants, helping maintain healthier spaces. For this reason, and because it is simple to maintain, it&#8217;s [&hellip;]<\/p>\n","protected":false},"featured_media":14767,"template":"","meta":{"_acf_changed":false,"_seopress_robots_primary_cat":"none","_seopress_titles_title":"","_seopress_titles_desc":"","_seopress_robots_index":""},"product_brand":[],"product_cat":[1411,743],"product_tag":[],"class_list":{"0":"post-21418","1":"product","2":"type-product","3":"status-publish","4":"has-post-thumbnail","6":"product_cat-indoor-plants","7":"product_cat-plants","9":"first","10":"instock","11":"taxable","12":"shipping-taxable","13":"purchasable","14":"product-type-simple"},"acf":[],"_links":{"self":[{"href":"https:\/\/hortodocampogrande.pt\/en\/wp-json\/wp\/v2\/product\/21418","targetHints":{"allow":["GET"]}}],"collection":[{"href":"https:\/\/hortodocampogrande.pt\/en\/wp-json\/wp\/v2\/product"}],"about":[{"href":"https:\/\/hortodocampogrande.pt\/en\/wp-json\/wp\/v2\/types\/product"}],"wp:featuredmedia":[{"embeddable":true,"href":"https:\/\/hortodocampogrande.pt\/en\/wp-json\/wp\/v2\/media\/14767"}],"wp:attachment":[{"href":"https:\/\/hortodocampogrande.pt\/en\/wp-json\/wp\/v2\/media?parent=21418"}],"wp:term":[{"taxonomy":"product_brand","embeddable":true,"href":"https:\/\/hortodocampogrande.pt\/en\/wp-json\/wp\/v2\/product_brand?post=21418"},{"taxonomy":"product_cat","embeddable":true,"href":"https:\/\/hortodocampogrande.pt\/en\/wp-json\/wp\/v2\/product_cat?post=21418"},{"taxonomy":"product_tag","embeddable":true,"href":"https:\/\/hortodocampogrande.pt\/en\/wp-json\/wp\/v2\/product_tag?post=21418"}],"curies":[{"name":"wp","href":"https:\/\/api.w.org\/{rel}","templated":true}]}}