{"id":22620,"date":"2025-01-30T16:56:18","date_gmt":"2025-01-30T16:56:18","guid":{"rendered":"https:\/\/hortodocampogrande.pt\/?post_type=product&#038;p=22620"},"modified":"2026-03-18T08:59:25","modified_gmt":"2026-03-18T08:59:25","slug":"chamaedorea-seifrizii-p-24","status":"publish","type":"product","link":"https:\/\/hortodocampogrande.pt\/en\/produto\/plants\/indoor-plants\/chamaedorea-seifrizii-p-24\/","title":{"rendered":"Chamaedorea Palm &#8211; Chamaedorea Seifrizii (24 cm pot)"},"content":{"rendered":"<p>The main difference from Chamaedorea elegans is that this Chamaedorea seifrizii is a taller palm, often with multiple stems and more vigorous growth. Chamaedorea elegans is generally more compact and shorter. Chamaedorea seifrizii does well indoors and, like the &#8216;elegans&#8217;, enjoys warmth and humid environments. Its abundant, broad, fine leaves and tall habit give it an exotic look, much loved in interior d\u00e9cor. It likes a spot with good light and doesn\u2019t need much care. At home, place it in a corner with plenty of indirect light, at a mild room temperature year-round, and away from heating\/cooling systems. It\u2019s the perfect plant if you want to create a tropical vibe at home. It\u2019s hardy, belongs to the \u201cair-purifying\u201d plants as it helps remove toxins from indoor air, and it\u2019s a great choice if you have pets because it\u2019s non-toxic to animals (or people). In optimal conditions\/in the ground, this little palm can grow up to 2 m, although it may take decades to reach that size.<\/p>\n<p><strong>Scientific name<\/strong>: <em>Chamaedorea seifrizii<\/em> <br \/><strong>Common names<\/strong>: Chamaedorea Palm, Bamboo Palm, Camador\u00e9a, Dwarf Palm, Elegant Chamaedorea, Chamaedorea, Parlour Palm<br \/><strong>Family<\/strong>: <em>Arecaceae<\/em><br \/><strong>Origin<\/strong>: Central America (Mexico)<br \/><strong>Climate:<\/strong> Tropical<br \/><strong>Category<\/strong>: Indoor plant<br \/><strong>Approximate height<\/strong>: 1.20m<br \/><strong>Pot diameter<\/strong>: 24cm<\/p>\n<p><strong>CARE<br \/>Light<\/strong>: Plenty of indirect\/filtered light. Tolerates direct sun in the early morning hours. In this case, its leaves will tend to become lighter.<br \/><strong>Watering<\/strong>: Frequent in summer and moderate in winter.<br \/><strong>Temperature:<\/strong> Ideal between 16 and 24\u00baC.<br \/><strong>Soil<\/strong>: well-draining, neutral or slightly acidic<br \/><strong>Fertilization<\/strong>: Apply a dose of indoor plant fertilizer diluted every 3 weeks during the growing season (spring-summer). Don\u2019t fertilise during winter.<br \/><strong>Pet Friendly<\/strong>: A pet-safe plant.<\/p>\n<p>WARNING! Representative photograph &#8211; the image shown is of a specimen in stock at the time the product was added to the online catalog, so it is a reference. A planta fornecida ser\u00e1 similar \u00e0 da foto sendo que, dependendo da fase do ciclo vegetativo em que se encontre, poder\u00e1 variar na forma, apar\u00eancia ou tamanho (ex: outra tonalidade de folha, com ou sem flor\/fruto, etc). A altura referida inclui o vaso pl\u00e1stico que se v\u00ea na fotografia.<\/p>\n","protected":false},"excerpt":{"rendered":"<p>The main difference from Chamaedorea elegans is that this Chamaedorea seifrizii is a taller palm, often with multiple stems and more vigorous growth. Chamaedorea elegans is generally more compact and shorter. Chamaedorea seifrizii does well indoors and, like the &#8216;elegans&#8217;, enjoys warmth and humid environments. Its abundant, broad, fine leaves and tall habit give it [&hellip;]<\/p>\n","protected":false},"featured_media":21348,"template":"","meta":{"_acf_changed":false,"_seopress_robots_primary_cat":"none","_seopress_titles_title":"","_seopress_titles_desc":"","_seopress_robots_index":""},"product_brand":[],"product_cat":[1411,743,740],"product_tag":[],"class_list":{"0":"post-22620","1":"product","2":"type-product","3":"status-publish","4":"has-post-thumbnail","6":"product_cat-indoor-plants","7":"product_cat-plants","8":"product_cat-womens-day","10":"first","11":"instock","12":"taxable","13":"shipping-taxable","14":"purchasable","15":"product-type-simple"},"acf":[],"_links":{"self":[{"href":"https:\/\/hortodocampogrande.pt\/en\/wp-json\/wp\/v2\/product\/22620","targetHints":{"allow":["GET"]}}],"collection":[{"href":"https:\/\/hortodocampogrande.pt\/en\/wp-json\/wp\/v2\/product"}],"about":[{"href":"https:\/\/hortodocampogrande.pt\/en\/wp-json\/wp\/v2\/types\/product"}],"wp:featuredmedia":[{"embeddable":true,"href":"https:\/\/hortodocampogrande.pt\/en\/wp-json\/wp\/v2\/media\/21348"}],"wp:attachment":[{"href":"https:\/\/hortodocampogrande.pt\/en\/wp-json\/wp\/v2\/media?parent=22620"}],"wp:term":[{"taxonomy":"product_brand","embeddable":true,"href":"https:\/\/hortodocampogrande.pt\/en\/wp-json\/wp\/v2\/product_brand?post=22620"},{"taxonomy":"product_cat","embeddable":true,"href":"https:\/\/hortodocampogrande.pt\/en\/wp-json\/wp\/v2\/product_cat?post=22620"},{"taxonomy":"product_tag","embeddable":true,"href":"https:\/\/hortodocampogrande.pt\/en\/wp-json\/wp\/v2\/product_tag?post=22620"}],"curies":[{"name":"wp","href":"https:\/\/api.w.org\/{rel}","templated":true}]}}