{"id":26525,"date":"2025-05-22T13:10:32","date_gmt":"2025-05-22T12:10:32","guid":{"rendered":"https:\/\/hortodocampogrande.pt\/?post_type=product&#038;p=26525"},"modified":"2026-03-20T09:07:57","modified_gmt":"2026-03-20T09:07:57","slug":"hibiscus-rosa-pot-23","status":"publish","type":"product","link":"https:\/\/hortodocampogrande.pt\/en\/produto\/outdoor-plants\/hibiscus-rosa-pot-23\/","title":{"rendered":"Hibiscus &#8211; Hibiscus rosa-sinensis L. (23 cm pot)"},"content":{"rendered":"<p>The <em>Hibiscus rosa-sinensis<\/em> is a vigorous, evergreen shrub with dark green, glossy leaves and serrated edges. This form with a small crown (standard) is highly ornamental\u2014perfect for decorating balconies, terraces, or gardens. Its flowers are large, solitary, and showy, coming in a wide variety of colours, including red, pink, yellow, white, and orange. Flowering occurs mainly in spring and summer, extending into autumn in mild climates. It\u2019s a very ornamental plant thanks to its lush, colourful flowers, even though they last for a very short time: around 24 hrs. The good news is that, in the right conditions and in its typical flowering season in Mediterranean regions (spring\/summer), it can flower almost continuously, as new buds form while older flowers fade, keeping the Hibiscus looking beautiful and lush during the milder\/warmer months of the year.<\/p>\n<p><strong>Scientific name<\/strong>: <em>Hibiscus rosa-sinensis L.<\/em><br \/><strong>Common names<\/strong>: Hibiscus, China rose, Venus\u2019 mallow<br \/><strong>Family<\/strong>: M<em>alvaceae<\/em><br \/><strong>Origin<\/strong>: Tropical Asia (likely China and surrounding regions)<br \/><strong>Climate<\/strong>: Tropical, subtropical, and mild Mediterranean<br \/><strong>Category<\/strong>: Outdoor plant<br \/><strong>Approx. height<\/strong>: 80 cm<br \/>Pot diameter: 23 cm<\/p>\n<p><strong>CUIDADOS<\/strong><br \/><strong>Light<\/strong>: Prefers bright spots with good sun exposure; adapts to full sun or partial shade. In very hot regions, it\u2019s best to provide some shade during the strongest hours of sun.<br \/><strong>Temperature<\/strong>: Sensitive to cold, does not tolerate frost. In regions with harsh winters, it should be grown in a pot so it can be protected during winter.<br \/><strong>Watering<\/strong>: Needs regular watering, keeping the soil moist but not waterlogged. In summer, water more often; in winter, reduce frequency.<br \/><strong>Humidity: <\/strong>It likes environments with moderate humidity. In very dry locations, it can benefit from leaf misting.<br \/><strong>Fertilising<\/strong>: Apply a balanced fertiliser (e.g., NPK 10-10-10) every 15 days during spring and summer to encourage growth and flowering.<br \/><strong>Pruning<\/strong>: Perform structural and maintenance pruning in late winter or early spring to encourage branching and flowering. Remove dry or damaged branches regularly.<br \/><strong>Life cycle<\/strong>: Perennial.<br \/><strong>Soil<\/strong>: Fertile, well-draining substrate rich in organic matter. Prefers a pH between 6.0 and 6.5.<br \/><strong>Not Pet Friendly<\/strong>: There\u2019s no specific documentation on the toxicity of Hibiscus rosa-sinensis for pets. However, it&#8217;s always advisable to prevent animals from eating parts of the plant.<\/p>\n<p><strong>Fun facts<\/strong>: Each flower lasts a very short time, typically 24 to 48 hours! Although the scientific name Hibiscus rosa-sinensis means \u201cChina rose\u201d, this Hibiscus isn\u2019t related to true roses. It\u2019s the national flower of Malaysia and Hawaii.<\/p>\n<p>WARNING! Fotografia representativa \u2013 a fotografia apresentada \u00e9 de um exemplar existente em stock no momento da coloca\u00e7\u00e3o do produto no cat\u00e1logo online, pelo que \u00e9 uma refer\u00eancia. The plant supplied will be similar to the one in the photo, with a <strong>pink or red flower<\/strong>; depending on the stage of its growth cycle, it may vary in shape, appearance, or size (e.g., a different leaf shade, with or without flowers, etc.). A altura referida inclui o vaso pl\u00e1stico que se v\u00ea na fotografia.<\/p>\n","protected":false},"excerpt":{"rendered":"<p>The Hibiscus rosa-sinensis is a vigorous, evergreen shrub with dark green, glossy leaves and serrated edges. This form with a small crown (standard) is highly ornamental\u2014perfect for decorating balconies, terraces, or gardens. Its flowers are large, solitary, and showy, coming in a wide variety of colours, including red, pink, yellow, white, and orange. Flowering occurs [&hellip;]<\/p>\n","protected":false},"featured_media":25518,"template":"","meta":{"_acf_changed":false,"_seopress_robots_primary_cat":"","_seopress_titles_title":"","_seopress_titles_desc":"","_seopress_robots_index":""},"product_brand":[],"product_cat":[744,743],"product_tag":[],"class_list":{"0":"post-26525","1":"product","2":"type-product","3":"status-publish","4":"has-post-thumbnail","6":"product_cat-outdoor-plants","7":"product_cat-plants","9":"first","10":"instock","11":"taxable","12":"shipping-taxable","13":"purchasable","14":"product-type-simple"},"acf":[],"_links":{"self":[{"href":"https:\/\/hortodocampogrande.pt\/en\/wp-json\/wp\/v2\/product\/26525","targetHints":{"allow":["GET"]}}],"collection":[{"href":"https:\/\/hortodocampogrande.pt\/en\/wp-json\/wp\/v2\/product"}],"about":[{"href":"https:\/\/hortodocampogrande.pt\/en\/wp-json\/wp\/v2\/types\/product"}],"wp:featuredmedia":[{"embeddable":true,"href":"https:\/\/hortodocampogrande.pt\/en\/wp-json\/wp\/v2\/media\/25518"}],"wp:attachment":[{"href":"https:\/\/hortodocampogrande.pt\/en\/wp-json\/wp\/v2\/media?parent=26525"}],"wp:term":[{"taxonomy":"product_brand","embeddable":true,"href":"https:\/\/hortodocampogrande.pt\/en\/wp-json\/wp\/v2\/product_brand?post=26525"},{"taxonomy":"product_cat","embeddable":true,"href":"https:\/\/hortodocampogrande.pt\/en\/wp-json\/wp\/v2\/product_cat?post=26525"},{"taxonomy":"product_tag","embeddable":true,"href":"https:\/\/hortodocampogrande.pt\/en\/wp-json\/wp\/v2\/product_tag?post=26525"}],"curies":[{"name":"wp","href":"https:\/\/api.w.org\/{rel}","templated":true}]}}