{"id":30130,"date":"2025-10-24T16:29:42","date_gmt":"2025-10-24T15:29:42","guid":{"rendered":"https:\/\/hortodocampogrande.pt\/produto\/uncategorized\/weber-3-piece-set-of-utensils\/"},"modified":"2026-03-02T11:54:02","modified_gmt":"2026-03-02T11:54:02","slug":"weber-3-piece-set-of-utensils","status":"publish","type":"product","link":"https:\/\/hortodocampogrande.pt\/en\/produto\/weber-grills\/accessories-en\/weber-3-piece-set-of-utensils\/","title":{"rendered":"Weber\u00ae Precision 3-Piece Tool Set"},"content":{"rendered":"<p>Vire hamb\u00fargueres, vegetais ou pincele as suas costeletas para um sabor extra. A esp\u00e1tula de ponta inclinada com 3 lados, a pin\u00e7a de bloqueio f\u00e1cil e o pincel grande em silicone do Conjunto de 3 utens\u00edlios Precision s\u00e3o os seus utens\u00edlios de barbecue essenciais num s\u00f3 kit. Todos os utens\u00edlios incluem uma pega de toque suave para maior controlo e conforto.<\/p>\n<p>\u2022 Inclui Pin\u00e7a, Esp\u00e1tula e Pincel Precision<br \/>\u2022 Concebido para um controlo preciso e melhor manuseamento dos alimentos<br \/>\u2022 Design inclinado da ponta com 3 lados para facilitar o uso e virar com precis\u00e3o<br \/>\u2022 Pin\u00e7a de bloqueio f\u00e1cil para um uso f\u00e1cil e armazenamento compacto<br \/>\u2022 Pincel grande em silicone<br \/>\u2022 Pega de toque suave para maior ader\u00eancia<br \/>\u2022 Adequada para m\u00e1quina de lavar loi\u00e7a para uma limpeza f\u00e1cil<br \/>\u2022 Presilha em metal para pendurar<\/p>\n<p><strong>Specifications<\/strong>:<\/p>\n<p>Dimens\u00f5es da embalagem: 58cm A x 27cm L x 5.5cm P<\/p>\n<p>Quantidade: 3 Pe\u00e7as<\/p>\n<p>Adequados para m\u00e1quina de lavar loi\u00e7a em EN<\/p>\n","protected":false},"excerpt":{"rendered":"<p>Vire hamb\u00fargueres, vegetais ou pincele as suas costeletas para um sabor extra. A esp\u00e1tula de ponta inclinada com 3 lados, a pin\u00e7a de bloqueio f\u00e1cil e o pincel grande em silicone do Conjunto de 3 utens\u00edlios Precision s\u00e3o os seus utens\u00edlios de barbecue essenciais num s\u00f3 kit. Todos os utens\u00edlios incluem uma pega de toque [&hellip;]<\/p>\n","protected":false},"featured_media":30096,"template":"","meta":{"_acf_changed":false,"_seopress_robots_primary_cat":"","_seopress_titles_title":"","_seopress_titles_desc":"","_seopress_robots_index":""},"product_brand":[],"product_cat":[903,754],"product_tag":[],"class_list":{"0":"post-30130","1":"product","2":"type-product","3":"status-publish","4":"has-post-thumbnail","6":"product_cat-accessories-en","7":"product_cat-weber-grills","9":"first","10":"instock","11":"taxable","12":"shipping-taxable","13":"purchasable","14":"product-type-simple"},"acf":[],"_links":{"self":[{"href":"https:\/\/hortodocampogrande.pt\/en\/wp-json\/wp\/v2\/product\/30130","targetHints":{"allow":["GET"]}}],"collection":[{"href":"https:\/\/hortodocampogrande.pt\/en\/wp-json\/wp\/v2\/product"}],"about":[{"href":"https:\/\/hortodocampogrande.pt\/en\/wp-json\/wp\/v2\/types\/product"}],"wp:featuredmedia":[{"embeddable":true,"href":"https:\/\/hortodocampogrande.pt\/en\/wp-json\/wp\/v2\/media\/30096"}],"wp:attachment":[{"href":"https:\/\/hortodocampogrande.pt\/en\/wp-json\/wp\/v2\/media?parent=30130"}],"wp:term":[{"taxonomy":"product_brand","embeddable":true,"href":"https:\/\/hortodocampogrande.pt\/en\/wp-json\/wp\/v2\/product_brand?post=30130"},{"taxonomy":"product_cat","embeddable":true,"href":"https:\/\/hortodocampogrande.pt\/en\/wp-json\/wp\/v2\/product_cat?post=30130"},{"taxonomy":"product_tag","embeddable":true,"href":"https:\/\/hortodocampogrande.pt\/en\/wp-json\/wp\/v2\/product_tag?post=30130"}],"curies":[{"name":"wp","href":"https:\/\/api.w.org\/{rel}","templated":true}]}}