{"id":30503,"date":"2025-11-07T16:15:07","date_gmt":"2025-11-07T16:15:07","guid":{"rendered":"https:\/\/hortodocampogrande.pt\/produto\/uncategorized\/alcrim-rsateiro-rosmarinus-officinalis-prostratus-vaso-19-cm\/"},"modified":"2026-03-20T09:08:12","modified_gmt":"2026-03-20T09:08:12","slug":"alcrim-rsateiro-rosmarinus-officinalis-prostratus-vaso-19-cm","status":"publish","type":"product","link":"https:\/\/hortodocampogrande.pt\/en\/produto\/plants\/aromatic\/alcrim-rsateiro-rosmarinus-officinalis-prostratus-vaso-19-cm\/","title":{"rendered":"Creeping Rosemary &#8211; Rosmarinus officinalis prostratus (19 cm pot)"},"content":{"rendered":"<p><span lang=\"PT\"><\/p>\n<p align=\"LEFT\" dir=\"LTR\">O Alecrim rasteiro \u00e9 uma variedade de alecrim com crescimento rastejante, muito ornamental, ideal para ser utilizado como cobertura de ch\u00e3o, bordaduras de um jardim, ou para plantar em floreiras e obter o efeito de ramos pendentes. As suas folhas arom\u00e1ticas e as sua pequenas folhas pequenas, azuis e lilases, s\u00e3o a raz\u00e3o para esta planta se destacar entre as demais.<\/p>\n<p><b><\/b><\/p>\n<p align=\"LEFT\" dir=\"LTR\"><b>Nome Cient\u00edfico<\/b>: <i>Rosmarinus officinalis prostratus<\/i><\/p>\n<p><i><br \/>\n<\/i><b><\/b><\/p>\n<p align=\"LEFT\" dir=\"LTR\"><b>Nomes Comuns<\/b>: Alecrim rasteiro<\/p>\n<p><b><\/b><\/p>\n<p align=\"LEFT\" dir=\"LTR\"><b>Fam\u00edlia<\/b>: <i>Lamiaceae<\/i><\/p>\n<p><i><br \/>\n<\/i><b><\/b><\/p>\n<p align=\"LEFT\" dir=\"LTR\"><b>Origem<\/b>: Regi\u00e3o do Mediterr\u00e2neo<\/p>\n<p><b><\/b><\/p>\n<p align=\"LEFT\" dir=\"LTR\"><b>Categoria<\/b>: Planta para exterior, arom\u00e1tica e medicinal<\/p>\n<p><b><\/b><\/p>\n<p align=\"LEFT\" dir=\"LTR\"><b>Altura aproximada<\/b>: 30cm<\/p>\n<p><b><\/b><\/p>\n<p align=\"LEFT\" dir=\"LTR\"><b>Di\u00e2metro vaso<\/b>: 19cm<\/p>\n<p align=\"LEFT\" dir=\"LTR\"><\/p>\n<p><b><\/b><\/p>\n<p align=\"LEFT\" dir=\"LTR\">CUIDADOS<\/p>\n<p align=\"LEFT\" dir=\"LTR\"><b>Luminosidade<\/b>: Luz solar direta ou sombra parcial<\/p>\n<p><b><\/b><\/p>\n<p align=\"LEFT\" dir=\"LTR\"><b>Rega<\/b>: Rega moderada em caso de seca<\/p>\n<p><b><\/b><\/p>\n<p align=\"LEFT\" dir=\"LTR\"><b>Fertiliza\u00e7\u00e3o<\/b>: Fertilize de 15 em 15 dias, de Mar\u00e7o a Junho<\/p>\n<p><b><\/b><\/p>\n<p align=\"LEFT\" dir=\"LTR\"><b>Pet-friendly<\/b>: Deve-se evitar o consumo excessivo de folhas e \u00f3leos essenciais por humanos e animais.<\/p>\n<p align=\"LEFT\" dir=\"LTR\">WARNING! Fotografia representativa \u2013 a fotografia apresentada \u00e9 de um exemplar existente em stock no momento da coloca\u00e7\u00e3o do produto no cat\u00e1logo online, pelo que \u00e9 uma refer\u00eancia. A planta fornecida ser\u00e1 similar \u00e0 da foto sendo que, dependendo da fase do ciclo vegetativo em que se encontre, poder\u00e1 variar na forma, apar\u00eancia ou tamanho (ex: outra tonalidade de folha, com ou sem flor\/fruto, etc). A altura referida inclui o vaso pl\u00e1stico que se v\u00ea na fotografia.<\/p>\n<p><\/span><\/p>\n","protected":false},"excerpt":{"rendered":"<p>O Alecrim rasteiro \u00e9 uma variedade de alecrim com crescimento rastejante, muito ornamental, ideal para ser utilizado como cobertura de ch\u00e3o, bordaduras de um jardim, ou para plantar em floreiras e obter o efeito de ramos pendentes. As suas folhas arom\u00e1ticas e as sua pequenas folhas pequenas, azuis e lilases, s\u00e3o a raz\u00e3o para esta [&hellip;]<\/p>\n","protected":false},"featured_media":30501,"template":"","meta":{"_acf_changed":false,"_seopress_robots_primary_cat":"","_seopress_titles_title":"","_seopress_titles_desc":"","_seopress_robots_index":""},"product_brand":[],"product_cat":[756,744,743],"product_tag":[],"class_list":{"0":"post-30503","1":"product","2":"type-product","3":"status-publish","4":"has-post-thumbnail","6":"product_cat-aromatic","7":"product_cat-outdoor-plants","8":"product_cat-plants","10":"first","11":"instock","12":"taxable","13":"shipping-taxable","14":"purchasable","15":"product-type-simple"},"acf":[],"_links":{"self":[{"href":"https:\/\/hortodocampogrande.pt\/en\/wp-json\/wp\/v2\/product\/30503","targetHints":{"allow":["GET"]}}],"collection":[{"href":"https:\/\/hortodocampogrande.pt\/en\/wp-json\/wp\/v2\/product"}],"about":[{"href":"https:\/\/hortodocampogrande.pt\/en\/wp-json\/wp\/v2\/types\/product"}],"wp:featuredmedia":[{"embeddable":true,"href":"https:\/\/hortodocampogrande.pt\/en\/wp-json\/wp\/v2\/media\/30501"}],"wp:attachment":[{"href":"https:\/\/hortodocampogrande.pt\/en\/wp-json\/wp\/v2\/media?parent=30503"}],"wp:term":[{"taxonomy":"product_brand","embeddable":true,"href":"https:\/\/hortodocampogrande.pt\/en\/wp-json\/wp\/v2\/product_brand?post=30503"},{"taxonomy":"product_cat","embeddable":true,"href":"https:\/\/hortodocampogrande.pt\/en\/wp-json\/wp\/v2\/product_cat?post=30503"},{"taxonomy":"product_tag","embeddable":true,"href":"https:\/\/hortodocampogrande.pt\/en\/wp-json\/wp\/v2\/product_tag?post=30503"}],"curies":[{"name":"wp","href":"https:\/\/api.w.org\/{rel}","templated":true}]}}