{"id":30519,"date":"2025-11-07T16:27:57","date_gmt":"2025-11-07T16:27:57","guid":{"rendered":"https:\/\/hortodocampogrande.pt\/produto\/uncategorized\/hcg-casca-de-pinho-maritimo-8-15mm-10-l\/"},"modified":"2026-03-31T16:44:17","modified_gmt":"2026-03-31T15:44:17","slug":"hcg-casca-de-pinho-maritimo-8-15mm-10-l","status":"publish","type":"product","link":"https:\/\/hortodocampogrande.pt\/en\/produto\/substrates-and-fertilisers\/hcg-casca-de-pinho-maritimo-8-15mm-10-l\/","title":{"rendered":"HCG Maritime Pine Bark (8\/15 mm) 10 L"},"content":{"rendered":"<p><span lang=\"PT\"><\/p>\n<p align=\"LEFT\" dir=\"LTR\">Casca de Pinho mar\u00edtimo (Tratada a vapor de acordo com a legisla\u00e7\u00e3o em vigor e certificada pela RAL)<\/p>\n<p align=\"LEFT\" dir=\"LTR\">Vantagens da sua aplica\u00e7\u00e3o:<\/p>\n<p align=\"LEFT\" dir=\"LTR\">&#8211; Embelezamento e decora\u00e7\u00e3o;<br \/>&#8211; Redu\u00e7\u00e3o da evapora\u00e7\u00e3o de \u00e1gua;<br \/>&#8211; Redu\u00e7\u00e3o do desenvolvimento de infestantes;<br \/>&#8211; Conserva a temperatura do solo e mant\u00e9m a humidade e a frescura do solo;<br \/> -A vida microbiana torna-se mais ativa beneficiando o sistema radicular das plantas;<\/p>\n<p align=\"LEFT\" dir=\"LTR\">A casca crivada e limpa mant\u00e9m as suas vantagens durante anos.<\/p>\n<p align=\"LEFT\" dir=\"LTR\">Caracter\u00edsticas f\u00edsicas\/qu\u00edmicas<br \/>Mat\u00e9ria org\u00e2nica &#8211; &gt; 50 %<br \/>Massa vol\u00famica aparente &#8211; 0.2-0.23 kg\/dm3<br \/>pH em CaCl2: 4-5<br \/>Condutividade: 150 \u00b5S\/cm<br \/>Temperatura de tratamento &gt; 64\u00baC durante 30 minutos<\/p>\n<p align=\"LEFT\" dir=\"LTR\">Produto utiliz\u00e1vel em agricultura biol\u00f3gica, segundo o regulamento CE 834\/2007 e normas de execu\u00e7\u00e3o<\/p>\n<p align=\"LEFT\" dir=\"LTR\"><span lang=\"PT\">Casca de pinho com tratamento t\u00e9rmico para elimina\u00e7\u00e3o do nem\u00e1todo da madeira de pinheiro (NMP) Bursaphelenchus xylophilus de acordo com os requisitos t\u00e9cnicos para tratamento t\u00e9rmico de casca isolada de con\u00edferas por vapor quente &#8211; legisla\u00e7\u00e3o em vigor<br \/>N.\u00ba de Registo de Operador &#8211; 0798<\/span><\/p>\n<p><\/span><\/p>\n","protected":false},"excerpt":{"rendered":"<p>Casca de Pinho mar\u00edtimo (Tratada a vapor de acordo com a legisla\u00e7\u00e3o em vigor e certificada pela RAL) Vantagens da sua aplica\u00e7\u00e3o: &#8211; Embelezamento e decora\u00e7\u00e3o;&#8211; Redu\u00e7\u00e3o da evapora\u00e7\u00e3o de \u00e1gua;&#8211; Redu\u00e7\u00e3o do desenvolvimento de infestantes;&#8211; Conserva a temperatura do solo e mant\u00e9m a humidade e a frescura do solo; -A vida microbiana torna-se mais [&hellip;]<\/p>\n","protected":false},"featured_media":30513,"template":"","meta":{"_acf_changed":false,"_seopress_robots_primary_cat":"","_seopress_titles_title":"","_seopress_titles_desc":"","_seopress_robots_index":""},"product_brand":[],"product_cat":[753],"product_tag":[],"class_list":{"0":"post-30519","1":"product","2":"type-product","3":"status-publish","4":"has-post-thumbnail","6":"product_cat-substrates-and-fertilisers","8":"first","9":"instock","10":"taxable","11":"shipping-taxable","12":"purchasable","13":"product-type-simple"},"acf":[],"_links":{"self":[{"href":"https:\/\/hortodocampogrande.pt\/en\/wp-json\/wp\/v2\/product\/30519","targetHints":{"allow":["GET"]}}],"collection":[{"href":"https:\/\/hortodocampogrande.pt\/en\/wp-json\/wp\/v2\/product"}],"about":[{"href":"https:\/\/hortodocampogrande.pt\/en\/wp-json\/wp\/v2\/types\/product"}],"wp:featuredmedia":[{"embeddable":true,"href":"https:\/\/hortodocampogrande.pt\/en\/wp-json\/wp\/v2\/media\/30513"}],"wp:attachment":[{"href":"https:\/\/hortodocampogrande.pt\/en\/wp-json\/wp\/v2\/media?parent=30519"}],"wp:term":[{"taxonomy":"product_brand","embeddable":true,"href":"https:\/\/hortodocampogrande.pt\/en\/wp-json\/wp\/v2\/product_brand?post=30519"},{"taxonomy":"product_cat","embeddable":true,"href":"https:\/\/hortodocampogrande.pt\/en\/wp-json\/wp\/v2\/product_cat?post=30519"},{"taxonomy":"product_tag","embeddable":true,"href":"https:\/\/hortodocampogrande.pt\/en\/wp-json\/wp\/v2\/product_tag?post=30519"}],"curies":[{"name":"wp","href":"https:\/\/api.w.org\/{rel}","templated":true}]}}