{"id":86207,"date":"2024-07-18T15:09:18","date_gmt":"2024-07-18T14:09:18","guid":{"rendered":"https:\/\/hortodocampogrande.pt\/produto\/uncategorized\/st-georges-spear-sansevieria-cylindrica-12-cm-pot\/"},"modified":"2026-03-18T14:52:09","modified_gmt":"2026-03-18T14:52:09","slug":"st-georges-spear-sansevieria-cylindrica-12-cm-pot","status":"publish","type":"product","link":"https:\/\/hortodocampogrande.pt\/en\/produto\/plants\/indoor-plants\/st-georges-spear-sansevieria-cylindrica-12-cm-pot\/","title":{"rendered":"St. George\u2019s Spear &#8211; Sansevieria cylindrica (12 cm pot)"},"content":{"rendered":"<p>The <em>Sansevieria cylindrica<\/em> is a striking-looking plant, ideal for bedrooms, living rooms, or offices\u2014not only because it suits spaces with lower light, but also because it\u2019s an air-purifying plant: it cleans the air and releases oxygen at night. Like other Sansevierias (St. George\u2019s Sword, St. Barbara\u2019s), it\u2019s a slow-growing perennial herbaceous plant that, in our climate, is mostly grown as an indoor plant. Because it\u2019s so hardy, it\u2019s ideal if you want plants at home but don\u2019t have the time or experience.<br \/>&nbsp;<br \/><strong>Scientific Name<\/strong>: <em>Sansevieria cylindrica<\/em><\/p>\n<p><strong>Common Names<\/strong>: St. George\u2019s Spear, Cylindrical Snake Plant<\/p>\n<p><strong>Family<\/strong>: <em>Asparagaceae<\/em><\/p>\n<p><strong>Origin<\/strong>: West Africa<\/p>\n<p><strong>Category<\/strong>: Indoor plant<\/p>\n<p><strong>Approximate height<\/strong>: 40cm<\/p>\n<p><strong>Pot size<\/strong>: 12 cm<\/p>\n<p><strong>CUIDADOS<\/strong><br \/><strong>Light<\/strong>: Adapts well to lower-light spots, and is ideal placed near a north-facing window. Although it survives with less natural light, in very dark spaces its growth will be slower. <\/p>\n<p><strong>Temperature<\/strong>: In summer, it tolerates temperatures up to 30 degrees, while in winter it handles down to 15 degrees. However, it can handle occasional drops to 10 degrees, as long as it\u2019s kept in a dry spot.<\/p>\n<p><strong>Soil<\/strong>: Although St. George\u2019s Spear is a tough plant, we recommend a well-draining, nutrient-rich potting mix to support healthy growth.<\/p>\n<p><strong>Fertilising<\/strong>: This plant doesn\u2019t need constant fertilising. A slow-release fertiliser applied in spring and summer is enough to meet its nutritional needs.<\/p>\n<p><strong>Watering<\/strong>: Needs little water\u2014occasional watering is enough. In the warmer months, water sparingly and only when the soil is completely dry or if the spears look &#8220;wrinkled&#8221; (a sign of lack of water, just like human skin). However, avoid overwatering and make sure there\u2019s no standing water in the saucer or in a non-draining decorative pot, as it can cause root rot.<\/p>\n<p><strong>Not pet-friendly<\/strong>: <em>Sansevieria cylindrica<\/em> is considered toxic to pets if ingested, and may cause symptoms such as nausea and vomiting. It\u2019s important to keep it out of reach of animals.<\/p>\n<p>WARNING! Representative photograph &#8211; the image shown is of a specimen in stock at the time the product was added to the online catalog, so it is a reference. A planta fornecida ser\u00e1 similar \u00e0 da foto sendo que, dependendo da fase do ciclo vegetativo em que se encontre, poder\u00e1 variar na forma, apar\u00eancia ou tamanho (ex: outra tonalidade de folha, com ou sem flor\/fruto, etc). A altura referida inclui o vaso pl\u00e1stico que se v\u00ea na fotografia.<\/p>\n","protected":false},"excerpt":{"rendered":"<p><\/p>\n","protected":false},"featured_media":28620,"template":"","meta":{"_acf_changed":false,"_seopress_robots_primary_cat":"none","_seopress_titles_title":"","_seopress_titles_desc":"","_seopress_robots_index":""},"product_brand":[],"product_cat":[748,1411,743],"product_tag":[],"class_list":{"0":"post-86207","1":"product","2":"type-product","3":"status-publish","4":"has-post-thumbnail","6":"product_cat-fathers-day","7":"product_cat-indoor-plants","8":"product_cat-plants","10":"first","11":"instock","12":"taxable","13":"shipping-taxable","14":"purchasable","15":"product-type-simple"},"acf":[],"_links":{"self":[{"href":"https:\/\/hortodocampogrande.pt\/en\/wp-json\/wp\/v2\/product\/86207","targetHints":{"allow":["GET"]}}],"collection":[{"href":"https:\/\/hortodocampogrande.pt\/en\/wp-json\/wp\/v2\/product"}],"about":[{"href":"https:\/\/hortodocampogrande.pt\/en\/wp-json\/wp\/v2\/types\/product"}],"wp:featuredmedia":[{"embeddable":true,"href":"https:\/\/hortodocampogrande.pt\/en\/wp-json\/wp\/v2\/media\/28620"}],"wp:attachment":[{"href":"https:\/\/hortodocampogrande.pt\/en\/wp-json\/wp\/v2\/media?parent=86207"}],"wp:term":[{"taxonomy":"product_brand","embeddable":true,"href":"https:\/\/hortodocampogrande.pt\/en\/wp-json\/wp\/v2\/product_brand?post=86207"},{"taxonomy":"product_cat","embeddable":true,"href":"https:\/\/hortodocampogrande.pt\/en\/wp-json\/wp\/v2\/product_cat?post=86207"},{"taxonomy":"product_tag","embeddable":true,"href":"https:\/\/hortodocampogrande.pt\/en\/wp-json\/wp\/v2\/product_tag?post=86207"}],"curies":[{"name":"wp","href":"https:\/\/api.w.org\/{rel}","templated":true}]}}