{"id":86208,"date":"2024-07-18T15:15:31","date_gmt":"2024-07-18T14:15:31","guid":{"rendered":"https:\/\/hortodocampogrande.pt\/produto\/uncategorized\/mother-fern-asplenium-parvati-12cm-pot\/"},"modified":"2026-03-18T08:59:31","modified_gmt":"2026-03-18T08:59:31","slug":"mother-fern-asplenium-parvati-12cm-pot","status":"publish","type":"product","link":"https:\/\/hortodocampogrande.pt\/en\/produto\/plants\/indoor-plants\/mother-fern-asplenium-parvati-12cm-pot\/","title":{"rendered":"Mother Fern &#8211; Asplenium parvati (12cm pot)"},"content":{"rendered":"<p>Known as the most resilient of the family, <em>Asplenium parvati<\/em> has deeply cut and thick leaves. Besides being very resilient, it&#8217;s easy to maintain, making it perfect for those starting out in gardening or looking to add an easier-care plant to their urban jungle.<\/p>\n<p><strong>Scientific name<\/strong>: <em>Asplenium parvati<\/em><br \/><strong>Common Names<\/strong>: Mother fern, Mother spleenwort, Asplenium<br \/><strong>Family<\/strong>: <em>Aspleniaceae<\/em><br \/><strong>Origin<\/strong>: Asia and Australia<\/p>\n<p><strong>Category<\/strong>: Indoor plant<br \/><strong>Approximate height<\/strong>: 20cm<br \/><strong>Pot diameter<\/strong>: 12 cm<\/p>\n<p><strong>CUIDADOS<\/strong><\/p>\n<p><strong>Light<\/strong>: Partial shade (direct sun only in early morning hours) or indirect sunlight.<br \/><strong>Watering<\/strong>: Like most ferns, it needs plenty of water. Make sure the top of the soil remains slightly moist. To see if it is time to water it, put your finger 3cm deep and see if the substrate is still damp. If it&#8217;s not very moist, it&#8217;s time to water!<br \/><strong>Humidity<\/strong>: As a proper tropical plant, it prefers humid environments and adapts very well in bathrooms or kitchens.<br \/><strong>Pet-friendly<\/strong>: It&#8217;s a safe non-toxic plant for pets.<\/p>\n<p>WARNING! Representative photo &#8211; the photo shown is of a specimen in stock at the time the product was added to the online catalog and is for reference only. A planta fornecida ser\u00e1 similar \u00e0 da foto sendo que, dependendo da fase do ciclo vegetativo em que se encontre, poder\u00e1 variar na forma, apar\u00eancia ou tamanho (ex: outra tonalidade de folha, com ou sem flor\/fruto, etc). A altura referida inclui o vaso pl\u00e1stico que se v\u00ea na fotografia.<\/p>\n","protected":false},"excerpt":{"rendered":"<p>Known as the most resilient of the family, Asplenium parvati has deeply cut and thick leaves. Besides being very resilient, it&#8217;s easy to maintain, making it perfect for those starting out in gardening or looking to add an easier-care plant to their urban jungle. Scientific name: Asplenium parvatiCommon Names: Mother fern, Mother spleenwort, AspleniumFamily: AspleniaceaeOrigin: [&hellip;]<\/p>\n","protected":false},"featured_media":29456,"template":"","meta":{"_acf_changed":false,"_seopress_robots_primary_cat":"none","_seopress_titles_title":"","_seopress_titles_desc":"","_seopress_robots_index":""},"product_brand":[],"product_cat":[1411,743],"product_tag":[],"class_list":{"0":"post-86208","1":"product","2":"type-product","3":"status-publish","4":"has-post-thumbnail","6":"product_cat-indoor-plants","7":"product_cat-plants","9":"first","10":"instock","11":"taxable","12":"shipping-taxable","13":"purchasable","14":"product-type-simple"},"acf":[],"_links":{"self":[{"href":"https:\/\/hortodocampogrande.pt\/en\/wp-json\/wp\/v2\/product\/86208","targetHints":{"allow":["GET"]}}],"collection":[{"href":"https:\/\/hortodocampogrande.pt\/en\/wp-json\/wp\/v2\/product"}],"about":[{"href":"https:\/\/hortodocampogrande.pt\/en\/wp-json\/wp\/v2\/types\/product"}],"wp:featuredmedia":[{"embeddable":true,"href":"https:\/\/hortodocampogrande.pt\/en\/wp-json\/wp\/v2\/media\/29456"}],"wp:attachment":[{"href":"https:\/\/hortodocampogrande.pt\/en\/wp-json\/wp\/v2\/media?parent=86208"}],"wp:term":[{"taxonomy":"product_brand","embeddable":true,"href":"https:\/\/hortodocampogrande.pt\/en\/wp-json\/wp\/v2\/product_brand?post=86208"},{"taxonomy":"product_cat","embeddable":true,"href":"https:\/\/hortodocampogrande.pt\/en\/wp-json\/wp\/v2\/product_cat?post=86208"},{"taxonomy":"product_tag","embeddable":true,"href":"https:\/\/hortodocampogrande.pt\/en\/wp-json\/wp\/v2\/product_tag?post=86208"}],"curies":[{"name":"wp","href":"https:\/\/api.w.org\/{rel}","templated":true}]}}