{"id":86212,"date":"2024-07-18T15:26:01","date_gmt":"2024-07-18T14:26:01","guid":{"rendered":"https:\/\/hortodocampogrande.pt\/produto\/uncategorized\/zamioculca-zamioculcas-zamiifolia-21-cm-pot\/"},"modified":"2026-03-18T14:52:02","modified_gmt":"2026-03-18T14:52:02","slug":"zamioculca-zamioculcas-zamiifolia-21-cm-pot","status":"publish","type":"product","link":"https:\/\/hortodocampogrande.pt\/en\/produto\/plants\/indoor-plants\/zamioculca-zamioculcas-zamiifolia-21-cm-pot\/","title":{"rendered":"Zamioculca &#8211; Zamioculcas zamiifolia (21 cm pot)"},"content":{"rendered":"<p>It\u2019s ideal for \u201ccareless\u201d gardeners who forget to water or don\u2019t have much time for plants. Its thick, rounded roots and fleshy leaves\u2014which, interestingly, grow straight from the soil\u2014let it store water inside, making it one of the plants that best survives with less watering. In our climate, and when potted, <em>Zamioculcas<\/em> do well indoors\u2014bedrooms, living rooms, offices, entry halls, shops, etc. They\u2019re low-maintenance plants, extremely hardy, slow-growing, but very striking. Its near self-sufficiency, deep green colour, and incredible leaf shine\u2014plus the original way the leaves sit along the stem\u2014make it a must for anyone wanting to create a green corner, a little Urban Jungle at home. It\u2019s definitely a must-have for interior d\u00e9cor. Its beauty and toughness are the 2 features that make it so popular with everyone. But that\u2019s not all: the Zamioculca is an air-purifying plant, helping very effectively to remove toxins from the air around it. And as if that weren\u2019t enough, it\u2019s also associated with prosperity and good luck. Don\u2019t hesitate to get this plant for yourself or as a gift for someone you care about. There\u2019s no shortage of reasons! <\/p>\n<p><strong>Scientific name<\/strong>: <em>Zamioculcas zamifolia<\/em><br \/><strong>Common names<\/strong>: Zamioculca, ZZ Plant, ZZ PLant, Eternity Plant, Z\u00e2mia,<br \/><strong>Family<\/strong>: <em>Araceae<\/em><br \/><strong>Origin<\/strong>: Africa (Tanzania)<br \/><strong>Climate<\/strong>: Tropical<br \/><strong>Category<\/strong>: Indoor plants<br \/><strong>Approx. height<\/strong>: 55\u201365 cm<br \/><strong>Pot diameter<\/strong>: 21cm<\/p>\n<p><strong>CARE<br \/>Light<\/strong>: It\u2019s the ideal plant for shady spots or low indirect light, where another plant would hardly survive. They don\u2019t tolerate full\/direct sun.<br \/><strong>Temperature<\/strong>: Ideally 18\u00b0 to 25\u00b0C. It doesn\u2019t tolerate cold or wind (or direct sun), so it should be kept indoors.<br \/><strong>Watering<\/strong>: They need very little water and can go several weeks without watering (in winter and in shady, humid environments up to 1 or 2 months). They\u2019re sensitive to rhizome rot and yellowing leaves due to waterlogging. It\u2019s better to let it get thirsty than to overwater.<br \/><strong>Soil<\/strong>: Well-draining substrate (for example, in a pot it should have a 5\u201310 cm layer of expanded clay at the base to ensure drainage and prevent waterlogging), rich in organic matter. Repot every 2 or 3 years, gradually\u2014don\u2019t go from a very small pot to a very large one\u2014so there\u2019s more space and better distribution of available nutrients in the roots, and because this plant likes to feel a bit snug.<br \/><strong>Pruning<\/strong>: Only remove yellow, dead leaves and\/or dry stems.<br \/><strong>Not pet-friendly<\/strong>: It\u2019s a toxic plant for pets. All parts of this plant are poisonous if ingested.<\/p>\n<p>WARNING! Fotografia representativa \u2013 a fotografia apresentada \u00e9 de um exemplar existente em stock no momento da coloca\u00e7\u00e3o do produto no cat\u00e1logo online, pelo que \u00e9 uma refer\u00eancia. A planta fornecida ser\u00e1 similar \u00e0 da foto sendo que, dependendo da fase do ciclo vegetativo em que se encontre, poder\u00e1 variar na forma, apar\u00eancia ou tamanho (ex: outra tonalidade de folha, com ou sem flor\/fruto, etc). A altura referida inclui o vaso pl\u00e1stico que se v\u00ea na fotografia.<\/p>\n","protected":false},"excerpt":{"rendered":"<p>It\u2019s ideal for \u201ccareless\u201d gardeners who forget to water or don\u2019t have much time for plants. Its thick, rounded roots and fleshy leaves\u2014which, interestingly, grow straight from the soil\u2014let it store water inside, making it one of the plants that best survives with less watering. In our climate, and when potted, Zamioculcas do well indoors\u2014bedrooms, [&hellip;]<\/p>\n","protected":false},"featured_media":9231,"template":"","meta":{"_acf_changed":false,"_seopress_robots_primary_cat":"","_seopress_titles_title":"","_seopress_titles_desc":"","_seopress_robots_index":""},"product_brand":[],"product_cat":[1411,743],"product_tag":[],"class_list":{"0":"post-86212","1":"product","2":"type-product","3":"status-publish","4":"has-post-thumbnail","6":"product_cat-indoor-plants","7":"product_cat-plants","9":"first","10":"instock","11":"taxable","12":"shipping-taxable","13":"purchasable","14":"product-type-simple"},"acf":[],"_links":{"self":[{"href":"https:\/\/hortodocampogrande.pt\/en\/wp-json\/wp\/v2\/product\/86212","targetHints":{"allow":["GET"]}}],"collection":[{"href":"https:\/\/hortodocampogrande.pt\/en\/wp-json\/wp\/v2\/product"}],"about":[{"href":"https:\/\/hortodocampogrande.pt\/en\/wp-json\/wp\/v2\/types\/product"}],"wp:featuredmedia":[{"embeddable":true,"href":"https:\/\/hortodocampogrande.pt\/en\/wp-json\/wp\/v2\/media\/9231"}],"wp:attachment":[{"href":"https:\/\/hortodocampogrande.pt\/en\/wp-json\/wp\/v2\/media?parent=86212"}],"wp:term":[{"taxonomy":"product_brand","embeddable":true,"href":"https:\/\/hortodocampogrande.pt\/en\/wp-json\/wp\/v2\/product_brand?post=86212"},{"taxonomy":"product_cat","embeddable":true,"href":"https:\/\/hortodocampogrande.pt\/en\/wp-json\/wp\/v2\/product_cat?post=86212"},{"taxonomy":"product_tag","embeddable":true,"href":"https:\/\/hortodocampogrande.pt\/en\/wp-json\/wp\/v2\/product_tag?post=86212"}],"curies":[{"name":"wp","href":"https:\/\/api.w.org\/{rel}","templated":true}]}}