{"id":86214,"date":"2024-07-18T15:10:03","date_gmt":"2024-07-18T14:10:03","guid":{"rendered":"https:\/\/hortodocampogrande.pt\/produto\/uncategorized\/swiss-cheese-plant-monstera-deliciosa-14cm-pot\/"},"modified":"2026-03-18T08:59:35","modified_gmt":"2026-03-18T08:59:35","slug":"swiss-cheese-plant-monstera-deliciosa-14cm-pot","status":"publish","type":"product","link":"https:\/\/hortodocampogrande.pt\/en\/produto\/plants\/indoor-plants\/swiss-cheese-plant-monstera-deliciosa-14cm-pot\/","title":{"rendered":"Swiss Cheese Plant &#8211; Monstera deliciosa (14cm pot)"},"content":{"rendered":"<p style=\"margin: 12pt 0cm;text-align: justify\">The Swiss Cheese Plant is a climbing plant, distinguished by its distinctive &#8216;holey&#8217; leaves. It&#8217;s easy to care for and prefers abundant indirect light, although it tolerates shadier environments. It is a plant that easily adapts to the environment in which it is located and, therefore, is the perfect companion for both beginners and more experienced people in the world of plants. It&#8217;s essential to clean its leaves to maintain their glossy appearance and detect diseases early. This plant initially behaves like a shrub, but eventually becomes epiphytic, meaning it develops aerial roots that anchor to nearby supports, so it will need a stake or support structure. In their natural environment, Monsteras produce yellowish or white flowers, very rarely seen in indoor environments. When purchasing a Monstera, it&#8217;s normal not to find many holes in the leaves or to only see them on one side of the leaf. The characteristic holes of this species appear mainly when the plant is already in its adult phase, meaning older and healthier plants create fenestrated leaves.<\/p>\n<p style=\"margin: 12pt 0cm;text-align: justify\"><strong>Scientific name<\/strong>: <em>Monstera deliciosa<\/em><br \/><strong>Common names<\/strong>: Swiss Cheese Plant, Monstera<br \/><strong>Family<\/strong>: <em>Philodendron<\/em><br \/><strong>Origin:<\/strong> Central and South America<br \/><strong>Category<\/strong>: Indoor plant<br \/><strong>Approximate height<\/strong>: 45-55cm<br \/><strong>Pot diameter<\/strong>: 14cm<\/p>\n<p style=\"margin: 12pt 0cm;text-align: justify\"><strong>CUIDADOS<\/strong><br \/><strong>Light<\/strong>: Enjoys indirect\/filtered light environments (does not tolerate direct sun, especially during hot hours &#8211; even if it survives, the leaves will look poor, burnt\/yellowed and the plant won&#8217;t develop well).<br \/><strong>Temperature<\/strong>: 18 to 27\u00baC<br \/><strong>Watering<\/strong>: During spring and summer, maintain good moisture in the top layer of soil. Reduce watering frequency during autumn and winter, to avoid root rot (waterlogging). Check the substrate moisture before watering again &#8211; the &#8220;finger test&#8221; is always a good option.<br \/><strong>Soil<\/strong>: As an epiphytic plant (which in nature grows attached to tree trunks) it does well in many soil types but prefers loamy or silty soils (loamy soil is a balanced and ideal mix for cultivation, while silty soil has a dominant composition of silt particles, giving it different drainage and workability properties), rich in organic matter.<br \/><strong>Fertilization<\/strong>: Fertilize from March to September with products suitable for green plants.<br \/><strong>Not Pet Friendly<\/strong>: It&#8217;s poisonous and irritates dogs&#8217; mucous membranes. Its leaves, when ingested, can cause irritation, numbness of the tongue and vomiting.<br \/><strong>Fun fact<\/strong>: The botanical name Monstera deliciosa is curious: the term &#8220;monstera&#8221; comes from the Latin word for giant, referring to the size its leaves reach (especially in nature); the term &#8220;deliciosa&#8221; relates to its fruit, referring to its flavor and aroma &#8211; when ripe, at which stage it&#8217;s edible and has a very pleasant taste, compared to a mix of banana and pineapple. <\/p>\n<p style=\"margin: 12pt 0cm;text-align: justify\">WARNING! Representative photograph \u2013 the image shown is of a specimen in stock at the time the product was added to the online catalog, and is therefore a reference. A planta fornecida ser\u00e1 similar \u00e0 da foto sendo que, dependendo da fase do ciclo vegetativo em que se encontre, poder\u00e1 variar na forma, apar\u00eancia ou tamanho (ex: outra tonalidade de folha, com ou sem flor\/fruto, etc). A altura referida inclui o vaso pl\u00e1stico que se v\u00ea na fotografia.<\/p>\n<p style=\"margin: 12pt 0cm;text-align: justify\"><\/p>\n<p style=\"margin: 12pt 0cm;text-align: justify\"><span style=\"color: black;font-family: \"Arial\",sans-serif;font-size: 10pt\"><br \/><\/span><\/p>\n","protected":false},"excerpt":{"rendered":"<p>The Swiss Cheese Plant is a climbing plant, distinguished by its distinctive &#8216;holey&#8217; leaves. It&#8217;s easy to care for and prefers abundant indirect light, although it tolerates shadier environments. It is a plant that easily adapts to the environment in which it is located and, therefore, is the perfect companion for both beginners and more [&hellip;]<\/p>\n","protected":false},"featured_media":29280,"template":"","meta":{"_acf_changed":false,"_seopress_robots_primary_cat":"none","_seopress_titles_title":"","_seopress_titles_desc":"","_seopress_robots_index":""},"product_brand":[],"product_cat":[1411,739,743],"product_tag":[],"class_list":{"0":"post-86214","1":"product","2":"type-product","3":"status-publish","4":"has-post-thumbnail","6":"product_cat-indoor-plants","7":"product_cat-lovers","8":"product_cat-plants","10":"first","11":"instock","12":"taxable","13":"shipping-taxable","14":"purchasable","15":"product-type-simple"},"acf":[],"_links":{"self":[{"href":"https:\/\/hortodocampogrande.pt\/en\/wp-json\/wp\/v2\/product\/86214","targetHints":{"allow":["GET"]}}],"collection":[{"href":"https:\/\/hortodocampogrande.pt\/en\/wp-json\/wp\/v2\/product"}],"about":[{"href":"https:\/\/hortodocampogrande.pt\/en\/wp-json\/wp\/v2\/types\/product"}],"wp:featuredmedia":[{"embeddable":true,"href":"https:\/\/hortodocampogrande.pt\/en\/wp-json\/wp\/v2\/media\/29280"}],"wp:attachment":[{"href":"https:\/\/hortodocampogrande.pt\/en\/wp-json\/wp\/v2\/media?parent=86214"}],"wp:term":[{"taxonomy":"product_brand","embeddable":true,"href":"https:\/\/hortodocampogrande.pt\/en\/wp-json\/wp\/v2\/product_brand?post=86214"},{"taxonomy":"product_cat","embeddable":true,"href":"https:\/\/hortodocampogrande.pt\/en\/wp-json\/wp\/v2\/product_cat?post=86214"},{"taxonomy":"product_tag","embeddable":true,"href":"https:\/\/hortodocampogrande.pt\/en\/wp-json\/wp\/v2\/product_tag?post=86214"}],"curies":[{"name":"wp","href":"https:\/\/api.w.org\/{rel}","templated":true}]}}