{"id":86218,"date":"2024-07-18T15:10:37","date_gmt":"2024-07-18T14:10:37","guid":{"rendered":"https:\/\/hortodocampogrande.pt\/produto\/uncategorized\/philodendron-imperial-red-17cm-pot\/"},"modified":"2026-03-18T08:59:41","modified_gmt":"2026-03-18T08:59:41","slug":"philodendron-imperial-red-17cm-pot","status":"publish","type":"product","link":"https:\/\/hortodocampogrande.pt\/en\/produto\/plants\/indoor-plants\/philodendron-imperial-red-17cm-pot\/","title":{"rendered":"Philodendron Imperial Red (17cm pot)"},"content":{"rendered":"<p>The <em>Philodendron &#8216;Imperial Red&#8217;<\/em> is a variety known for its large, oval leaves in shades ranging from dark green to reddish and burgundy (wine-colored). It&#8217;s one of the most luxurious Philodendrons in its family, adding a touch of glamour to any interior space. It&#8217;s also an excellent choice as it requires almost no maintenance, belongs to the &#8220;air-purifying&#8221; group (helping remove toxins from the air around you), and tolerates shadier environments. Need more reasons to get this plant for your home or office? It&#8217;s also a great gift idea\u2014whatever the occasion!<\/p>\n<p><strong>Scientific name<\/strong>:<em> Philodendron &#8216;Imperial Red&#8217;<\/em><br \/><strong>Common name<\/strong>: Philodendron Imperial Red<br \/><strong>Family<\/strong>: <em>Araceae<\/em><br \/><strong>Origin:<\/strong> Central and South America<br \/><strong>Climate: <\/strong>Tropical and subtropical<br \/><strong>Category<\/strong>: Indoor plant<br \/><strong>Approximate height<\/strong>: 40cm<br \/><strong>Pot diameter<\/strong>: 17 cm<\/p>\n<p><strong>CUIDADOS<\/strong><br \/><strong>Light<\/strong>: Indirect\/filtered light but also tolerates shadier environments\u2014note that the less light it gets, the less water it will need. Doesn&#8217;t tolerate direct sun (it may get scorched).<br \/><strong>Temperature<\/strong>: Ideally between 18\u00b0 and 22\u00b0C. Mild and humid environments are ideal as they replicate its natural habitat.<br \/><strong>Humidity<\/strong>: As a plant native to tropical rainforests, it appreciates high air humidity. Doesn&#8217;t tolerate overly dry environments or very high temperatures.<br \/><strong>Watering<\/strong>: Let the substrate dry out almost completely (not just on the surface) before watering again. Watch out for waterlogging: saucers with standing water or decorative pots without drainage holes promote root rot. No standing water!<br \/><strong>Soil<\/strong>: Use a lightweight, well-draining, slightly acidic substrate (mixing perlite\/sand into the substrate and expanded clay at the bottom of the pot helps improve drainage).<br \/><strong>Fertilization<\/strong>: Fertilize monthly during spring with a fertilizer suitable for green\/indoor plants, following the product label instructions.<br \/><strong>Pruning<\/strong>: Removing dry or damaged leaves boosts growth and keeps the plant healthy.<br \/><strong>Not Pet-friendly<\/strong>: Can be toxic to pets if ingested, so it&#8217;s important to keep it out of reach of curious animals.<\/p>\n<p><strong>Tips<\/strong>: Periodically clean the leaves with a clean, damp cloth or sponge. Yellowing edges can be a sign of overwatering. Dark spots may be fungi caused by excess water in the soil or on the leaves. <\/p>\n<p>WARNING! Representative photo \u2013 the image shown is of a stock item at the time of cataloging and serves as a reference. A planta fornecida ser\u00e1 similar \u00e0 da foto sendo que, dependendo da fase do ciclo vegetativo em que se encontre, poder\u00e1 variar na forma, apar\u00eancia ou tamanho (ex: outra tonalidade de folha, com ou sem flor\/fruto, etc). A altura referida inclui o vaso pl\u00e1stico que se v\u00ea na fotografia.<\/p>\n","protected":false},"excerpt":{"rendered":"<p>The Philodendron &#8216;Imperial Red&#8217; is a variety known for its large, oval leaves in shades ranging from dark green to reddish and burgundy (wine-colored). It&#8217;s one of the most luxurious Philodendrons in its family, adding a touch of glamour to any interior space. It&#8217;s also an excellent choice as it requires almost no maintenance, belongs [&hellip;]<\/p>\n","protected":false},"featured_media":8928,"template":"","meta":{"_acf_changed":false,"_seopress_robots_primary_cat":"","_seopress_titles_title":"","_seopress_titles_desc":"","_seopress_robots_index":""},"product_brand":[],"product_cat":[873,1411,739,743],"product_tag":[],"class_list":{"0":"post-86218","1":"product","2":"type-product","3":"status-publish","4":"has-post-thumbnail","6":"product_cat-christmas-special","7":"product_cat-indoor-plants","8":"product_cat-lovers","9":"product_cat-plants","11":"first","12":"instock","13":"taxable","14":"shipping-taxable","15":"purchasable","16":"product-type-simple"},"acf":[],"_links":{"self":[{"href":"https:\/\/hortodocampogrande.pt\/en\/wp-json\/wp\/v2\/product\/86218","targetHints":{"allow":["GET"]}}],"collection":[{"href":"https:\/\/hortodocampogrande.pt\/en\/wp-json\/wp\/v2\/product"}],"about":[{"href":"https:\/\/hortodocampogrande.pt\/en\/wp-json\/wp\/v2\/types\/product"}],"wp:featuredmedia":[{"embeddable":true,"href":"https:\/\/hortodocampogrande.pt\/en\/wp-json\/wp\/v2\/media\/8928"}],"wp:attachment":[{"href":"https:\/\/hortodocampogrande.pt\/en\/wp-json\/wp\/v2\/media?parent=86218"}],"wp:term":[{"taxonomy":"product_brand","embeddable":true,"href":"https:\/\/hortodocampogrande.pt\/en\/wp-json\/wp\/v2\/product_brand?post=86218"},{"taxonomy":"product_cat","embeddable":true,"href":"https:\/\/hortodocampogrande.pt\/en\/wp-json\/wp\/v2\/product_cat?post=86218"},{"taxonomy":"product_tag","embeddable":true,"href":"https:\/\/hortodocampogrande.pt\/en\/wp-json\/wp\/v2\/product_tag?post=86218"}],"curies":[{"name":"wp","href":"https:\/\/api.w.org\/{rel}","templated":true}]}}