{"id":86221,"date":"2025-03-25T18:48:31","date_gmt":"2025-03-25T18:48:31","guid":{"rendered":"https:\/\/hortodocampogrande.pt\/produto\/uncategorized\/rue-ruta-graveolens-12cm-pot\/"},"modified":"2026-03-30T09:37:07","modified_gmt":"2026-03-30T08:37:07","slug":"rue-ruta-graveolens-12cm-pot","status":"publish","type":"product","link":"https:\/\/hortodocampogrande.pt\/en\/produto\/plants\/aromatic\/rue-ruta-graveolens-12cm-pot\/","title":{"rendered":"Rue &#8211; Ruta graveolens (12cm pot)"},"content":{"rendered":"<p>With an ambiguous scent (unpleasant to some, intriguing to others), this shrubby plant with finely divided blue-green leaves is not only popular for its aromatic and medicinal properties, but also delights the superstitious, as it&#8217;s said to protect against or ward off the evil eye and envy, often found at doorways. It&#8217;s a perennial herbaceous plant that can reach about one meter in height. It&#8217;s quite hardy and ornamental, used in gardens and also in vegetable patches as an excellent pest repellent (e.g.: flies, fleas, ants) and for attracting butterflies. Companion plants well with Rose and Raspberry.<\/p>\n<p><strong>Scientific name<\/strong>: <em>Ruta graveolens<\/em><br \/><strong>Common names<\/strong>: Rue, Common Rue, Herb of Grace<br \/><strong>Family<\/strong>: <em>Rutaceae<\/em><br \/><strong>Origin<\/strong>: Southern Europe<br \/><strong>Climate<\/strong>: Mediterranean<br \/><strong>Category<\/strong>: Outdoor plant (aromatic and medicinal)<br \/><strong>Approximate height<\/strong>: 20-25cm<br \/><strong>Pot diameter<\/strong>: 12cm<\/p>\n<p><strong>CUIDADOS<\/strong><br \/><strong>Light<\/strong>: Full sun but also tolerates partial shade (direct sun only part of the day but growth may be slower)&nbsp; <br \/><strong>Watering<\/strong>: It&#8217;s a plant that tolerates drought well but increase watering frequency in summer if in a small pot (different from being planted in a large planter or in the ground, where roots can access water reserves during dry periods). Don&#8217;t waterlog and be careful not to leave standing water in a saucer under the pot or at the bottom of a decorative pot &#8211; if it doesn&#8217;t have drainage holes.<br \/><strong>Soil<\/strong>: Adapts well to different soil types, as long as they&#8217;re not acidic. From calcareous arid soils to dry and barren ones, rubble and walls, Rue adapts well to everything. <br \/><strong>Not Pet Friendly<\/strong>: There are records of toxicity for pets such as dogs and cats (and for people too &#8211; inform yourself before ingesting it).<\/p>\n<p><strong>Fun fact<\/strong>: Cats don&#8217;t like its smell. Try rubbing Rue on furniture they insist on scratching and they might stop.<\/p>\n<p>WARNING! Fotografia representativa \u2013 a fotografia apresentada \u00e9 de um exemplar existente em stock no momento da coloca\u00e7\u00e3o do produto no cat\u00e1logo online, pelo que \u00e9 uma refer\u00eancia. A planta fornecida ser\u00e1 similar \u00e0 da foto sendo que, dependendo da fase do ciclo vegetativo em que se encontre, poder\u00e1 variar na forma, apar\u00eancia ou tamanho (ex: outra tonalidade de folha, com ou sem flor\/fruto, etc). A altura referida inclui o vaso pl\u00e1stico que se v\u00ea na fotografia.<\/p>\n","protected":false},"excerpt":{"rendered":"<p>With an ambiguous scent (unpleasant to some, intriguing to others), this shrubby plant with finely divided blue-green leaves is not only popular for its aromatic and medicinal properties, but also delights the superstitious, as it&#8217;s said to protect against or ward off the evil eye and envy, often found at doorways. It&#8217;s a perennial herbaceous [&hellip;]<\/p>\n","protected":false},"featured_media":24273,"template":"","meta":{"_acf_changed":false,"_seopress_robots_primary_cat":"","_seopress_titles_title":"","_seopress_titles_desc":"","_seopress_robots_index":""},"product_brand":[],"product_cat":[756,744,743],"product_tag":[],"class_list":{"0":"post-86221","1":"product","2":"type-product","3":"status-publish","4":"has-post-thumbnail","6":"product_cat-aromatic","7":"product_cat-outdoor-plants","8":"product_cat-plants","10":"first","11":"instock","12":"taxable","13":"shipping-taxable","14":"purchasable","15":"product-type-simple"},"acf":[],"_links":{"self":[{"href":"https:\/\/hortodocampogrande.pt\/en\/wp-json\/wp\/v2\/product\/86221","targetHints":{"allow":["GET"]}}],"collection":[{"href":"https:\/\/hortodocampogrande.pt\/en\/wp-json\/wp\/v2\/product"}],"about":[{"href":"https:\/\/hortodocampogrande.pt\/en\/wp-json\/wp\/v2\/types\/product"}],"wp:featuredmedia":[{"embeddable":true,"href":"https:\/\/hortodocampogrande.pt\/en\/wp-json\/wp\/v2\/media\/24273"}],"wp:attachment":[{"href":"https:\/\/hortodocampogrande.pt\/en\/wp-json\/wp\/v2\/media?parent=86221"}],"wp:term":[{"taxonomy":"product_brand","embeddable":true,"href":"https:\/\/hortodocampogrande.pt\/en\/wp-json\/wp\/v2\/product_brand?post=86221"},{"taxonomy":"product_cat","embeddable":true,"href":"https:\/\/hortodocampogrande.pt\/en\/wp-json\/wp\/v2\/product_cat?post=86221"},{"taxonomy":"product_tag","embeddable":true,"href":"https:\/\/hortodocampogrande.pt\/en\/wp-json\/wp\/v2\/product_tag?post=86221"}],"curies":[{"name":"wp","href":"https:\/\/api.w.org\/{rel}","templated":true}]}}