{"id":86271,"date":"2025-05-06T13:08:20","date_gmt":"2025-05-06T12:08:20","guid":{"rendered":"https:\/\/hortodocampogrande.pt\/produto\/uncategorized\/rattlesnake-plant-calathea-lancifolia-14cm-pot\/"},"modified":"2026-04-17T15:35:08","modified_gmt":"2026-04-17T14:35:08","slug":"rattlesnake-plant-calathea-lancifolia-14cm-pot","status":"publish","type":"product","link":"https:\/\/hortodocampogrande.pt\/en\/produto\/plants\/indoor-plants\/rattlesnake-plant-calathea-lancifolia-14cm-pot\/","title":{"rendered":"Rattlesnake Plant &#8211; Calathea lancifolia (14cm pot)"},"content":{"rendered":"<p><em>Calathea lancifolia<\/em> stands out for its long, narrow, wavy leaves, featuring dark green patterns on the top and purple hues underneath. All Calatheas are amazing, but this is one of the most popular thanks to its long, striking, and super exotic patterned leaves. It&#8217;s the perfect plant to add a tropical touch to any indoor space. Plus, it&#8217;s pet-friendly and shows curious nyctinastic behavior, moving its leaves according to the ambient light.<\/p>\n<p><strong>Scientific name<\/strong>: <em>Calathea lancifolia<\/em><br \/><strong>Common names<\/strong>: Rattlesnake Plant, Calathea Lancifolia<br \/><strong>Family<\/strong>: <em>Marantaceae<\/em><br \/><strong>Origin<\/strong>: Brazilian rainforests<br \/><strong>Climate<\/strong>: Tropical, subtropical<br \/><strong>Category<\/strong>: Indoor plant<br \/><strong>Approximate height<\/strong>: 25-30cm<br \/><strong>Pot diameter<\/strong>: 14cm<\/p>\n<p><strong>CUIDADOS<\/strong><br \/><strong>Light<\/strong>: Prefers bright indirect light. Does not tolerate direct sun exposure (and can cause leaf burn).<br \/><strong>Watering<\/strong>: Keep soil slightly moist, watering when the top 2.5 cm are dry. Avoid waterlogging.<br \/><strong>Humidity<\/strong>: Enjoys environments with high relative humidity (70-80%). Clean leaves regularly with a damp cloth, mist on hot summer days and\/or use a humidifier in drier environments.<br \/><strong>Temperature<\/strong>: Ideal between 18\u00b0C and 24\u00b0C. Avoid temperatures below 15\u00b0C, cold drafts or sudden temperature changes.<br \/><strong>Fertilizing<\/strong>: Apply fertilizer suitable for green\/indoor plants during spring-summer.<br \/><strong>Pruning<\/strong>: Remove dry or damaged leaves to encourage new growth. Clean leaves with a damp cloth to remove dust.<br \/><strong>Life cycle:<\/strong> Perennial<br \/><strong>Soil<\/strong>: Light substrate, rich in organic matter and well-drained<br \/><strong>Pet Friendly<\/strong>: Safe for pets.<\/p>\n<p>WARNING! Fotografia representativa \u2013 a fotografia apresentada \u00e9 de um exemplar existente em stock no momento da coloca\u00e7\u00e3o do produto no cat\u00e1logo online, pelo que \u00e9 uma refer\u00eancia. A planta fornecida ser\u00e1 similar \u00e0 da foto sendo que, dependendo da fase do ciclo vegetativo em que se encontre, poder\u00e1 variar na forma, apar\u00eancia ou tamanho (ex: outra tonalidade de folha, com ou sem flor\/fruto, etc). A altura referida inclui o vaso pl\u00e1stico que se v\u00ea na fotografia.<\/p>\n","protected":false},"excerpt":{"rendered":"<p>Calathea lancifolia stands out for its long, narrow, wavy leaves, featuring dark green patterns on the top and purple hues underneath. All Calatheas are amazing, but this is one of the most popular thanks to its long, striking, and super exotic patterned leaves. It&#8217;s the perfect plant to add a tropical touch to any indoor [&hellip;]<\/p>\n","protected":false},"featured_media":25193,"template":"","meta":{"_acf_changed":false,"_seopress_robots_primary_cat":"","_seopress_titles_title":"","_seopress_titles_desc":"","_seopress_robots_index":""},"product_brand":[],"product_cat":[1411,738,743],"product_tag":[],"class_list":{"0":"post-86271","1":"product","2":"type-product","3":"status-publish","4":"has-post-thumbnail","6":"product_cat-indoor-plants","7":"product_cat-mothers-day","8":"product_cat-plants","10":"first","11":"instock","12":"featured","13":"taxable","14":"shipping-taxable","15":"purchasable","16":"product-type-simple"},"acf":[],"_links":{"self":[{"href":"https:\/\/hortodocampogrande.pt\/en\/wp-json\/wp\/v2\/product\/86271","targetHints":{"allow":["GET"]}}],"collection":[{"href":"https:\/\/hortodocampogrande.pt\/en\/wp-json\/wp\/v2\/product"}],"about":[{"href":"https:\/\/hortodocampogrande.pt\/en\/wp-json\/wp\/v2\/types\/product"}],"wp:featuredmedia":[{"embeddable":true,"href":"https:\/\/hortodocampogrande.pt\/en\/wp-json\/wp\/v2\/media\/25193"}],"wp:attachment":[{"href":"https:\/\/hortodocampogrande.pt\/en\/wp-json\/wp\/v2\/media?parent=86271"}],"wp:term":[{"taxonomy":"product_brand","embeddable":true,"href":"https:\/\/hortodocampogrande.pt\/en\/wp-json\/wp\/v2\/product_brand?post=86271"},{"taxonomy":"product_cat","embeddable":true,"href":"https:\/\/hortodocampogrande.pt\/en\/wp-json\/wp\/v2\/product_cat?post=86271"},{"taxonomy":"product_tag","embeddable":true,"href":"https:\/\/hortodocampogrande.pt\/en\/wp-json\/wp\/v2\/product_tag?post=86271"}],"curies":[{"name":"wp","href":"https:\/\/api.w.org\/{rel}","templated":true}]}}