{"id":86371,"date":"2025-07-29T11:47:42","date_gmt":"2025-07-29T10:47:42","guid":{"rendered":"https:\/\/hortodocampogrande.pt\/produto\/uncategorized\/lemon-cypress-cupressus-monocarpa-goldcrest-wilma-14-cm-pot\/"},"modified":"2026-03-26T16:02:34","modified_gmt":"2026-03-26T16:02:34","slug":"lemon-cypress-cupressus-monocarpa-goldcrest-wilma-14-cm-pot","status":"publish","type":"product","link":"https:\/\/hortodocampogrande.pt\/en\/produto\/outdoor-plants\/lemon-cypress-cupressus-monocarpa-goldcrest-wilma-14-cm-pot\/","title":{"rendered":"Lemon Cypress &#8211; Cupressus monocarpa &#8216;goldcrest wilma&#8217; (14 cm pot)"},"content":{"rendered":"<p style=\"margin: 12pt 0cm;text-align: justify\">This is an outdoor plant that\u2019s low-maintenance and won\u2019t grow taller than 4 metres. It\u2019s highly ornamental thanks to its green\/citrus colour and pyramidal shape, and when you run your hand over this small conifer you\u2019ll notice a pleasant lemon scent\u2014perfect for decorating small gardens, terraces\/porches, or balconies. In winter, the foliage keeps its shine with good sun exposure; however, it\u2019s somewhat delicate and you should place it in areas that, in summer, aren\u2019t too exposed to the sun during the hottest hours, or it may dry out. You can also keep it indoors, as long as it gets plenty of sunlight and good ventilation. It doesn\u2019t produce visible flowers or significant fruit.<\/p>\n<p style=\"margin: 12pt 0cm;text-align: justify\"><strong>Scientific name<\/strong>: <em>Cupressus monocarpa &#8216;goldcrest wilma&#8217;<\/em><br \/><strong>Common names<\/strong>: Lemon Cypress, Lemon Cedar, Dwarf Lemon Cypress, Golden Cypress<br \/><strong>Family<\/strong>: <em>Cupresaceae<\/em><br \/><strong>Origin:<\/strong> North America<br \/><strong>Category<\/strong>: Outdoor plant<br \/><strong>Climate<\/strong>: Temperate<br \/><strong>Approximate height<\/strong>: 50-60cm<br \/><strong>Pot diameter<\/strong>: 14cm<\/p>\n<p style=\"margin: 12pt 0cm;text-align: justify\"><strong>CUIDADOS<\/strong><br \/><strong>Light<\/strong>: Full sun or partial shade (to keep its signature vibrant tone, it needs around 4 hours of direct sun\/day\u2014preferably in the morning)<br \/><strong>Temperature<\/strong>: environments between 5\u201330\u00baC support healthy growth, but it can handle more extreme temperatures<br \/><strong>Watering<\/strong>: Moderate \u2013 It doesn\u2019t tolerate long dry spells and likes the substrate slightly moist, especially in smaller pots, but make sure the roots don\u2019t get waterlogged (watch out for standing water in saucers or decorative pots without drainage holes)<br \/><strong>Humidity<\/strong>: It doesn\u2019t require high ambient humidity; occasional misting is fine if it\u2019s in a pot, especially in drier indoor environments.<br \/><strong>Soil<\/strong>: Organic-matter-rich substrate, slightly acidic, with good drainage<br \/><strong>Life cycle<\/strong>: Perennial, with gradual growth. Keeps a columnar structure throughout its life<br \/><strong>Pruning<\/strong>: Needs very little; just remove dry branches or lightly prune in spring to keep the desired shape<br \/><strong>Not pet-friendly<\/strong>: This plant is toxic to pets<br \/><strong>Fun fact<\/strong>: \u201cWilma\u201d is a mutation discovered in the Netherlands in 1987.<\/p>\n<p style=\"margin: 12pt 0cm;text-align: justify\">WARNING! Fotografia representativa \u2013 a fotografia apresentada \u00e9 de um exemplar existente em stock no momento da coloca\u00e7\u00e3o do produto no cat\u00e1logo online, pelo que \u00e9 uma refer\u00eancia. A planta fornecida ser\u00e1 similar \u00e0 da foto sendo que, dependendo da fase do ciclo vegetativo em que se encontre, poder\u00e1 variar na forma, apar\u00eancia ou tamanho (ex: outra tonalidade de folha, com ou sem flor\/fruto, etc). A altura referida inclui o vaso pl\u00e1stico que se v\u00ea na fotografia.<\/p>\n<p style=\"margin: 0cm\"><span style=\"color: black;font-family: \"Arial\",sans-serif;font-size: 11pt\"><br \/><\/span><\/p>\n","protected":false},"excerpt":{"rendered":"<p>This is an outdoor plant that\u2019s low-maintenance and won\u2019t grow taller than 4 metres. It\u2019s highly ornamental thanks to its green\/citrus colour and pyramidal shape, and when you run your hand over this small conifer you\u2019ll notice a pleasant lemon scent\u2014perfect for decorating small gardens, terraces\/porches, or balconies. In winter, the foliage keeps its shine [&hellip;]<\/p>\n","protected":false},"featured_media":30342,"template":"","meta":{"_acf_changed":false,"_seopress_robots_primary_cat":"none","_seopress_titles_title":"","_seopress_titles_desc":"","_seopress_robots_index":""},"product_brand":[],"product_cat":[744,743],"product_tag":[],"class_list":{"0":"post-86371","1":"product","2":"type-product","3":"status-publish","4":"has-post-thumbnail","6":"product_cat-outdoor-plants","7":"product_cat-plants","9":"first","10":"instock","11":"taxable","12":"shipping-taxable","13":"purchasable","14":"product-type-simple"},"acf":[],"_links":{"self":[{"href":"https:\/\/hortodocampogrande.pt\/en\/wp-json\/wp\/v2\/product\/86371","targetHints":{"allow":["GET"]}}],"collection":[{"href":"https:\/\/hortodocampogrande.pt\/en\/wp-json\/wp\/v2\/product"}],"about":[{"href":"https:\/\/hortodocampogrande.pt\/en\/wp-json\/wp\/v2\/types\/product"}],"wp:featuredmedia":[{"embeddable":true,"href":"https:\/\/hortodocampogrande.pt\/en\/wp-json\/wp\/v2\/media\/30342"}],"wp:attachment":[{"href":"https:\/\/hortodocampogrande.pt\/en\/wp-json\/wp\/v2\/media?parent=86371"}],"wp:term":[{"taxonomy":"product_brand","embeddable":true,"href":"https:\/\/hortodocampogrande.pt\/en\/wp-json\/wp\/v2\/product_brand?post=86371"},{"taxonomy":"product_cat","embeddable":true,"href":"https:\/\/hortodocampogrande.pt\/en\/wp-json\/wp\/v2\/product_cat?post=86371"},{"taxonomy":"product_tag","embeddable":true,"href":"https:\/\/hortodocampogrande.pt\/en\/wp-json\/wp\/v2\/product_tag?post=86371"}],"curies":[{"name":"wp","href":"https:\/\/api.w.org\/{rel}","templated":true}]}}