{"id":86436,"date":"2026-02-27T12:25:12","date_gmt":"2026-02-27T12:25:12","guid":{"rendered":"https:\/\/hortodocampogrande.pt\/produto\/uncategorized\/bidens-bidens-ferulifolia-14cm-pot\/"},"modified":"2026-03-19T11:18:23","modified_gmt":"2026-03-19T11:18:23","slug":"bidens-bidens-ferulifolia-14cm-pot","status":"publish","type":"product","link":"https:\/\/hortodocampogrande.pt\/en\/produto\/outdoor-plants\/bidens-bidens-ferulifolia-14cm-pot\/","title":{"rendered":"Bidens &#8211; Bidens ferulifolia (14cm pot)"},"content":{"rendered":"<p>This genus includes more than 250 species, mostly native to the American continent. This variety is very popular due to its abundant yellow flowering. The flowers are small, in an intense yellow tone, and production is continuous between February and October. It is a plant that is very well adapted to our climate, widely used in beds as it provides excellent ground cover (it is a low-growing plant that rarely exceeds 40cm in height). It is also a fantastic option for planters, borders, rock gardens and hanging baskets. Besides being extremely ornamental, with intense flowering that extends from early spring until autumn, the flowers are very attractive to bees, butterflies and other pollinators, contributing to biodiversity balance. <\/p>\n<p><strong>Scientific name<\/strong>: <em>Bidens ferulifolia<\/em><br \/><strong>Common names<\/strong>: Bidens, Apache Beggarticks, Golden Tickseed<br \/><strong>Origin<\/strong>: USA and Mexico<br \/><strong>Family<\/strong>: <em>Asteraceae<\/em><br \/><strong>Category<\/strong>: Outdoor plant<br \/><strong>Approximate height<\/strong>: 20-30cm<br \/><strong>Pot diameter<\/strong>: 14cm<\/p>\n<p><strong>CUIDADOS<\/strong><br \/><strong>Light<\/strong>: Grow in full sun areas. Also tolerates partial shade (direct sun only part of the day), but may produce fewer flowers.<br \/><strong>Watering<\/strong>: Moderate to frequent in warmer months\u2014especially if potted\u2014to ensure hydration during peak flowering (avoid standing water in saucers or non-draining decorative pots). Adjust watering frequency in winter. If outdoors, let nature\/rain handle it, except during moderate droughts.<br \/><strong>Temperature<\/strong>: Although it is a cold-resistant plant, it does not tolerate frost, so some ground protection is recommended during the coldest months to extend its life cycle.<br \/><strong>Fertilization<\/strong>: Use fertilizer suitable for outdoor plants in spring-summer to promote flowering.<br \/><strong>Soil<\/strong>: Prefers soils\/substrates rich in organic matter and, above all, well-drained. Does not tolerate waterlogged soils, which can cause root rot.<br \/><strong>Pruning<\/strong>: Light pruning &#8211; to remove dead\/wilted flowers, keep the plant compact, beautiful and healthy.<br \/><strong>Pet-friendly<\/strong>: No adverse effects are known in domestic animals. Although it is considered a safe plant, monitoring is recommended in the case of pets that eat large quantities of any plant, which may cause gastrointestinal discomfort. <\/p>\n<p>WARNING! Representative photo \u2013 the image shown is of a stock item at the time of cataloging and serves as a reference. A planta fornecida ser\u00e1 similar \u00e0 da foto sendo que, dependendo da fase do ciclo vegetativo em que se encontre, poder\u00e1 variar na forma, apar\u00eancia ou tamanho (ex: outra tonalidade de folha, com ou sem flor\/fruto, etc). A altura referida inclui o vaso pl\u00e1stico que se v\u00ea na fotografia.<\/p>\n","protected":false},"excerpt":{"rendered":"<p>This genus includes more than 250 species, mostly native to the American continent. This variety is very popular due to its abundant yellow flowering. The flowers are small, in an intense yellow tone, and production is continuous between February and October. It is a plant that is very well adapted to our climate, widely used [&hellip;]<\/p>\n","protected":false},"featured_media":87730,"template":"","meta":{"_acf_changed":false,"_seopress_robots_primary_cat":"","_seopress_titles_title":"","_seopress_titles_desc":"","_seopress_robots_index":""},"product_brand":[],"product_cat":[744,743],"product_tag":[],"class_list":{"0":"post-86436","1":"product","2":"type-product","3":"status-publish","4":"has-post-thumbnail","6":"product_cat-outdoor-plants","7":"product_cat-plants","9":"first","10":"instock","11":"taxable","12":"shipping-taxable","13":"purchasable","14":"product-type-simple"},"acf":[],"_links":{"self":[{"href":"https:\/\/hortodocampogrande.pt\/en\/wp-json\/wp\/v2\/product\/86436","targetHints":{"allow":["GET"]}}],"collection":[{"href":"https:\/\/hortodocampogrande.pt\/en\/wp-json\/wp\/v2\/product"}],"about":[{"href":"https:\/\/hortodocampogrande.pt\/en\/wp-json\/wp\/v2\/types\/product"}],"wp:featuredmedia":[{"embeddable":true,"href":"https:\/\/hortodocampogrande.pt\/en\/wp-json\/wp\/v2\/media\/87730"}],"wp:attachment":[{"href":"https:\/\/hortodocampogrande.pt\/en\/wp-json\/wp\/v2\/media?parent=86436"}],"wp:term":[{"taxonomy":"product_brand","embeddable":true,"href":"https:\/\/hortodocampogrande.pt\/en\/wp-json\/wp\/v2\/product_brand?post=86436"},{"taxonomy":"product_cat","embeddable":true,"href":"https:\/\/hortodocampogrande.pt\/en\/wp-json\/wp\/v2\/product_cat?post=86436"},{"taxonomy":"product_tag","embeddable":true,"href":"https:\/\/hortodocampogrande.pt\/en\/wp-json\/wp\/v2\/product_tag?post=86436"}],"curies":[{"name":"wp","href":"https:\/\/api.w.org\/{rel}","templated":true}]}}