{"id":86469,"date":"2025-05-14T11:08:12","date_gmt":"2025-05-14T10:08:12","guid":{"rendered":"https:\/\/hortodocampogrande.pt\/produto\/uncategorized\/giant-bird-of-paradise-strelitzia-nicolai-24cm-pot\/"},"modified":"2026-04-10T15:19:52","modified_gmt":"2026-04-10T14:19:52","slug":"giant-bird-of-paradise-strelitzia-nicolai-24cm-pot","status":"publish","type":"product","link":"https:\/\/hortodocampogrande.pt\/en\/produto\/plants\/indoor-plants\/giant-bird-of-paradise-strelitzia-nicolai-24cm-pot\/","title":{"rendered":"Giant Bird of Paradise &#8211; Strelitzia nicolai (24cm pot)"},"content":{"rendered":"<p>The Nicolai is the queen of Bird of Paradise plants and a star in the plant world. An icon in the Urban Jungle trend, without a doubt. It&#8217;s one of the most sought-after plants in recent years, thanks to its elegant and sophisticated appearance &#8211; the long stems end in large, glossy leaves that often make us confuse it with a banana tree and give it a tropical look, impossible to resist when you want to add a touch of freshness and exoticism to an interior space. It&#8217;s a perfect example of Plant Styling. A true decorative item. As if that weren&#8217;t enough, it&#8217;s also an easy plant to maintain, as long as you place it in a location with the conditions it needs: being native to South Africa, it will appreciate areas with plenty of indirect\/filtered light, mild temperatures and ventilation. It&#8217;s a plant that adapts well to various types of environments and in our climate, it does better indoors, and can even reach heights of up to 3m in enclosed spaces. However, if you place it outdoors, make sure it&#8217;s protected from wind, frost and not exposed to direct sun (especially during the hottest hours in summer).<\/p>\n<p><strong>Scientific name<\/strong>: <em>Strelizia nicolai<\/em><br \/><strong>Common names<\/strong>: Giant Bird of Paradise, Wild Banana, Giant Strelitzia, White Bird of Paradise<br \/><strong>Family<\/strong>: <em>Strelitziaceae<\/em><br \/><strong>Origin:<\/strong> South Africa<br \/><strong>Category<\/strong>: Indoor plant<br \/><strong>Approximate height<\/strong>: 120-140cm<br \/><strong>Pot diameter<\/strong>: 24cm<\/p>\n<p><strong>CUIDADOS<\/strong><br \/><strong>Light<\/strong>: Appreciates plenty of indirect\/filtered light. Tolerates a few hours of direct sun, as long as it&#8217;s not during the hottest hours (especially in summer) and is away from glass\/windows, to avoid burning its leaves (glass creates a &#8220;magnifying glass effect&#8221; increasing the intensity of sunlight). Ideal direct sun would be in the morning or late afternoon.<br \/><strong>Watering<\/strong>: Accustomed to a tropical climate, it&#8217;s important for the Bird of Paradise to have moist soil, but not too wet &#8211; adjust the amount and frequency of watering according to the season (winter\/summer). The best way to avoid waterlogging the soil is to do the &#8220;finger test&#8221; and if the soil is moist at 2-3cm depth, remember that less water is always better than too much! Avoid leaving the plant with water at the bottom of the pot or saucer (or decorative pot without drainage holes) because standing water will cause root rot. <br \/><strong>Humidity<\/strong>: Clean the leaves with a damp cloth to maintain humidity levels (on extremely hot days you can mist) and to keep the leaves beautiful and glossy. The pest that most attacks this plant is scale, so doing this leaf cleaning will also help identify any irregularities early on.<br \/><strong>Temperature<\/strong>: As the African beauty it is, it loves mild to warm temperatures between 20-28\u00baC, but can withstand low temperatures down to 10\u00ba\/13\u00baC.<br \/><strong>Soil<\/strong>: Needs fertile soil with good drainage, which can be achieved by mixing in some expanded clay.<br \/><strong>Pruning<\/strong>: Remove dry or damaged stems\/leaves (diagonal cuts at the base of the stem, with appropriate and disinfected scissors)<br \/><strong>Fertilisation:<\/strong> During spring, it&#8217;s best to fertilise weekly with liquid fertiliser.<br \/><strong>Not Pet Friendly<\/strong>: Considered toxic to pets.<\/p>\n<p><strong>Fun fact<\/strong>: This species <em>Strelizia nicolai<\/em> (or &#8220;Giant White Bird of Paradise&#8221;), was named in honor of Tsar Nicholas of Russia (1796-1892). However, according to some authors, the origin of this name refers to Grand Duke Nicolai Nicolajewitsch (1856-1929), patron of gardening in Russia.<\/p>\n<p>WARNING! Fotografia representativa \u2013 a fotografia apresentada \u00e9 de um exemplar existente em stock no momento da coloca\u00e7\u00e3o do produto no cat\u00e1logo online, pelo que \u00e9 uma refer\u00eancia. A planta fornecida ser\u00e1 similar \u00e0 da foto sendo que, dependendo da fase do ciclo vegetativo em que se encontre, poder\u00e1 variar na forma, apar\u00eancia ou tamanho (ex: outra tonalidade de folha, com ou sem flor\/fruto, etc). A altura referida inclui o vaso pl\u00e1stico que se v\u00ea na fotografia.<\/p>\n<p><\/p>\n","protected":false},"excerpt":{"rendered":"<p>The Nicolai is the queen of Bird of Paradise plants and a star in the plant world. An icon in the Urban Jungle trend, without a doubt. It&#8217;s one of the most sought-after plants in recent years, thanks to its elegant and sophisticated appearance &#8211; the long stems end in large, glossy leaves that often [&hellip;]<\/p>\n","protected":false},"featured_media":25319,"template":"","meta":{"_acf_changed":false,"_seopress_robots_primary_cat":"","_seopress_titles_title":"","_seopress_titles_desc":"","_seopress_robots_index":""},"product_brand":[],"product_cat":[1411,738,743],"product_tag":[],"class_list":{"0":"post-86469","1":"product","2":"type-product","3":"status-publish","4":"has-post-thumbnail","6":"product_cat-indoor-plants","7":"product_cat-mothers-day","8":"product_cat-plants","10":"first","11":"instock","12":"taxable","13":"shipping-taxable","14":"purchasable","15":"product-type-simple"},"acf":[],"_links":{"self":[{"href":"https:\/\/hortodocampogrande.pt\/en\/wp-json\/wp\/v2\/product\/86469","targetHints":{"allow":["GET"]}}],"collection":[{"href":"https:\/\/hortodocampogrande.pt\/en\/wp-json\/wp\/v2\/product"}],"about":[{"href":"https:\/\/hortodocampogrande.pt\/en\/wp-json\/wp\/v2\/types\/product"}],"wp:featuredmedia":[{"embeddable":true,"href":"https:\/\/hortodocampogrande.pt\/en\/wp-json\/wp\/v2\/media\/25319"}],"wp:attachment":[{"href":"https:\/\/hortodocampogrande.pt\/en\/wp-json\/wp\/v2\/media?parent=86469"}],"wp:term":[{"taxonomy":"product_brand","embeddable":true,"href":"https:\/\/hortodocampogrande.pt\/en\/wp-json\/wp\/v2\/product_brand?post=86469"},{"taxonomy":"product_cat","embeddable":true,"href":"https:\/\/hortodocampogrande.pt\/en\/wp-json\/wp\/v2\/product_cat?post=86469"},{"taxonomy":"product_tag","embeddable":true,"href":"https:\/\/hortodocampogrande.pt\/en\/wp-json\/wp\/v2\/product_tag?post=86469"}],"curies":[{"name":"wp","href":"https:\/\/api.w.org\/{rel}","templated":true}]}}