{"id":86475,"date":"2026-02-18T17:41:39","date_gmt":"2026-02-18T17:41:39","guid":{"rendered":"https:\/\/hortodocampogrande.pt\/produto\/uncategorized\/agave-agave-durangensis-20-cm-pot\/"},"modified":"2026-03-18T14:52:10","modified_gmt":"2026-03-18T14:52:10","slug":"agave-agave-durangensis-20-cm-pot","status":"publish","type":"product","link":"https:\/\/hortodocampogrande.pt\/en\/produto\/cacti-and-succulents\/agave-agave-durangensis-20-cm-pot\/","title":{"rendered":"Agave &#8211; Agave durangensis (20 cm pot)"},"content":{"rendered":"<p>With its bluish-grey tone, sharp rosette-shaped leaves, succulent and very hardy, with spines along the edges\u2014perfect for creating deterrent hedges, as anyone who dares get close might get hurt! It combines low maintenance with sustainable water use, offering great resistance to sun and heat.<\/p>\n<p><strong>Scientific name<\/strong>: <em>Agave durangensis<\/em><br \/><strong>Common names<\/strong>: Agave<br \/><strong>Family<\/strong>: <em>Asparagaceae<\/em><br \/><strong>Origin:<\/strong> Mexico<br \/><strong>Climate<\/strong>: Semi-desert<br \/><strong>Category<\/strong>: Outdoor plant<br \/><strong>Altura aproximada<\/strong>: 30cm<br \/><strong>Pot diameter<\/strong>: 20 cm<\/p>\n<p><strong>CUIDADOS<\/strong><br \/><strong>Light<\/strong>: Full sun is essential.<br \/><strong>Watering<\/strong>: Low water needs (drought-tolerant); water only when the soil is completely dry. It\u2019s a very hardy plant that can handle periods of moderate or even more intense drought.<br \/><strong>Temperature<\/strong>: Tolerates high and lower temperatures, although it doesn\u2019t like frost.<br \/><strong>Fertilising<\/strong>: It doesn\u2019t need fertiliser to grow, especially if planted in the ground, but if it\u2019s in a pot\/planter it\u2019s important to fertilise with a suitable fertiliser once a year (in spring).<br \/><strong>Soil<\/strong>: Well-drained, preferably sandy or with gravel to prevent root rot.<br \/><strong>Not pet-friendly<\/strong>: Toxic to pets.<\/p>\n<p><strong>Fun facts<\/strong>: Ideal for xeriscape (low-maintenance) gardens, rock gardens, or large pots.<\/p>\n<p>WARNING! Representative photo \u2013 the image shown is of a stock item at the time of cataloging and serves as a reference. A planta fornecida ser\u00e1 similar \u00e0 da foto sendo que, dependendo da fase do ciclo vegetativo em que se encontre, poder\u00e1 variar na forma, apar\u00eancia ou tamanho (ex: outra tonalidade de folha, com ou sem flor\/fruto, etc). A altura referida inclui o vaso pl\u00e1stico que se v\u00ea na fotografia.<\/p>\n","protected":false},"excerpt":{"rendered":"<p>With its bluish-grey tone, sharp rosette-shaped leaves, succulent and very hardy, with spines along the edges\u2014perfect for creating deterrent hedges, as anyone who dares get close might get hurt! It combines low maintenance with sustainable water use, offering great resistance to sun and heat. Scientific name: Agave durangensisCommon names: AgaveFamily: AsparagaceaeOrigin: MexicoClimate: Semi-desertCategory: Outdoor plantAltura [&hellip;]<\/p>\n","protected":false},"featured_media":85417,"template":"","meta":{"_acf_changed":false,"_seopress_robots_primary_cat":"","_seopress_titles_title":"","_seopress_titles_desc":"","_seopress_robots_index":""},"product_brand":[],"product_cat":[746,744,743],"product_tag":[],"class_list":{"0":"post-86475","1":"product","2":"type-product","3":"status-publish","4":"has-post-thumbnail","6":"product_cat-cacti-and-succulents","7":"product_cat-outdoor-plants","8":"product_cat-plants","10":"first","11":"instock","12":"taxable","13":"shipping-taxable","14":"purchasable","15":"product-type-simple"},"acf":[],"_links":{"self":[{"href":"https:\/\/hortodocampogrande.pt\/en\/wp-json\/wp\/v2\/product\/86475","targetHints":{"allow":["GET"]}}],"collection":[{"href":"https:\/\/hortodocampogrande.pt\/en\/wp-json\/wp\/v2\/product"}],"about":[{"href":"https:\/\/hortodocampogrande.pt\/en\/wp-json\/wp\/v2\/types\/product"}],"wp:featuredmedia":[{"embeddable":true,"href":"https:\/\/hortodocampogrande.pt\/en\/wp-json\/wp\/v2\/media\/85417"}],"wp:attachment":[{"href":"https:\/\/hortodocampogrande.pt\/en\/wp-json\/wp\/v2\/media?parent=86475"}],"wp:term":[{"taxonomy":"product_brand","embeddable":true,"href":"https:\/\/hortodocampogrande.pt\/en\/wp-json\/wp\/v2\/product_brand?post=86475"},{"taxonomy":"product_cat","embeddable":true,"href":"https:\/\/hortodocampogrande.pt\/en\/wp-json\/wp\/v2\/product_cat?post=86475"},{"taxonomy":"product_tag","embeddable":true,"href":"https:\/\/hortodocampogrande.pt\/en\/wp-json\/wp\/v2\/product_tag?post=86475"}],"curies":[{"name":"wp","href":"https:\/\/api.w.org\/{rel}","templated":true}]}}