
{"id":86476,"date":"2025-11-25T17:03:19","date_gmt":"2025-11-25T17:03:19","guid":{"rendered":"https:\/\/hortodocampogrande.pt\/produto\/uncategorized\/canary-island-ivy-hedera-canariensis-17cm-pot\/"},"modified":"2026-04-20T14:08:31","modified_gmt":"2026-04-20T13:08:31","slug":"canary-island-ivy-hedera-canariensis-17cm-pot","status":"publish","type":"product","link":"https:\/\/hortodocampogrande.pt\/en\/produto\/outdoor-plants\/canary-island-ivy-hedera-canariensis-17cm-pot\/","title":{"rendered":"Canary Island Ivy &#8211; Hedera canariensis (17cm pot)"},"content":{"rendered":"<p>A vigorous evergreen climber that can reach up to 10m in length, featuring large, glossy, dark green triangular leaves with light veins (larger than those of English Ivy &#8211; <em>Hedera helix<\/em>). An extremely ornamental climber, perfect for covering walls or creating green facades as it easily clings to surfaces, structures (like trellises and pergolas), or other plants. It is also perfect for hanging baskets, hedges, or as ground cover. Its versatility is proven by its high tolerance for various light exposures (though it prefers partial shade) and environments (preferring slightly humid conditions over dry ones). A very hardy, low-maintenance plant that fits beautifully into various decor styles\u2014from classic and elegant to contemporary and minimalist. Ivy looks great with any look.<\/p>\n<p><strong>Scientific name<\/strong>: <em>Hedera canariensis<\/em><br \/><strong>Common names<\/strong>: Canary Island Ivy, Algerian Ivy<br \/><strong>Family<\/strong>: <em>Araliaceae<\/em><br \/><strong>Origin<\/strong>: Canary Islands<br \/><strong>Climate<\/strong>: Temperate subtropical<br \/><strong>Category<\/strong>: Outdoor plant<br \/><strong>Approximate height<\/strong>: 100cm<br \/><strong>Pot diameter<\/strong>: 17 cm<\/p>\n<p><strong>CUIDADOS<\/strong><br \/><strong>Light<\/strong>: Partial shade (preferably direct sun in the morning). In regions with high summer temperatures, it should be placed where it is sheltered from direct sun during the hottest hours of the day. It can also grow in full sun, especially in cooler regions. In deep shade, the plant tends to grow with less vigor and less dense foliage.<br \/><strong>Temperature<\/strong>: Ideally 15\u00b0C to 35\u00b0C. Prefers mild and humid environments. Must be protected from heavy frosts. <br \/><strong>Watering<\/strong>: Moderate &#8211; keep the substrate slightly moist without waterlogging.<br \/><strong>Pruning<\/strong>: As a fast-growing species, regular pruning is necessary to control its spread and maintain the desired shape.<br \/><strong>Soil<\/strong>: Adapts well to various soil types\/substrates, provided they have good drainage and some organic matter. For more vigorous development, a light substrate enriched with humus is recommended. The ideal pH ranges between 6.0 and 7.0.<br \/><strong>Not Pet Friendly<\/strong>: This plant is toxic to pets.<\/p>\n<p><strong>Fun fact<\/strong>: The main difference between <em>Hedera canariensis<\/em> and <em>Hedera helix<\/em> lies in the leaf size and shape: <em>Hedera canariensis<\/em> (Canary Island Ivy) has larger, rounder leaves and more vigorous growth than <em>Hedera helix<\/em> (English Ivy), which has smaller, more deeply lobed leaves and slower growth.<\/p>\n<p>WARNING! Representative photo \u2013 the image shown is of a stock item at the time of cataloging and serves as a reference. A planta fornecida ser\u00e1 similar \u00e0 da foto sendo que, dependendo da fase do ciclo vegetativo em que se encontre, poder\u00e1 variar na forma, apar\u00eancia ou tamanho (ex: outra tonalidade de folha, com ou sem flor\/fruto, etc). A altura referida inclui o vaso pl\u00e1stico que se v\u00ea na fotografia.<\/p>\n","protected":false},"excerpt":{"rendered":"<p>A vigorous evergreen climber that can reach up to 10m in length, featuring large, glossy, dark green triangular leaves with light veins (larger than those of English Ivy &#8211; Hedera helix). An extremely ornamental climber, perfect for covering walls or creating green facades as it easily clings to surfaces, structures (like trellises and pergolas), or [&hellip;]<\/p>\n","protected":false},"featured_media":31534,"template":"","meta":{"_acf_changed":false,"_seopress_robots_primary_cat":"","_seopress_titles_title":"","_seopress_titles_desc":"","_seopress_robots_index":""},"product_brand":[],"product_cat":[744,743],"product_tag":[],"class_list":{"0":"post-86476","1":"product","2":"type-product","3":"status-publish","4":"has-post-thumbnail","6":"product_cat-outdoor-plants","7":"product_cat-plants","9":"first","10":"instock","11":"taxable","12":"shipping-taxable","13":"purchasable","14":"product-type-simple"},"acf":[],"_links":{"self":[{"href":"https:\/\/hortodocampogrande.pt\/en\/wp-json\/wp\/v2\/product\/86476","targetHints":{"allow":["GET"]}}],"collection":[{"href":"https:\/\/hortodocampogrande.pt\/en\/wp-json\/wp\/v2\/product"}],"about":[{"href":"https:\/\/hortodocampogrande.pt\/en\/wp-json\/wp\/v2\/types\/product"}],"wp:featuredmedia":[{"embeddable":true,"href":"https:\/\/hortodocampogrande.pt\/en\/wp-json\/wp\/v2\/media\/31534"}],"wp:attachment":[{"href":"https:\/\/hortodocampogrande.pt\/en\/wp-json\/wp\/v2\/media?parent=86476"}],"wp:term":[{"taxonomy":"product_brand","embeddable":true,"href":"https:\/\/hortodocampogrande.pt\/en\/wp-json\/wp\/v2\/product_brand?post=86476"},{"taxonomy":"product_cat","embeddable":true,"href":"https:\/\/hortodocampogrande.pt\/en\/wp-json\/wp\/v2\/product_cat?post=86476"},{"taxonomy":"product_tag","embeddable":true,"href":"https:\/\/hortodocampogrande.pt\/en\/wp-json\/wp\/v2\/product_tag?post=86476"}],"curies":[{"name":"wp","href":"https:\/\/api.w.org\/{rel}","templated":true}]}}