{"id":86479,"date":"2026-02-16T17:40:43","date_gmt":"2026-02-16T17:40:43","guid":{"rendered":"https:\/\/hortodocampogrande.pt\/produto\/uncategorized\/weber-precision-wide-bbq-spatula\/"},"modified":"2026-02-16T17:40:43","modified_gmt":"2026-02-16T17:40:43","slug":"weber-precision-wide-bbq-spatula","status":"publish","type":"product","link":"https:\/\/hortodocampogrande.pt\/en\/produto\/weber-grills\/accessories-en\/weber-precision-wide-bbq-spatula\/","title":{"rendered":"Weber\u00ae Precision Wide BBQ Spatula"},"content":{"rendered":"<p>Easily lift and move large cuts of meat or delicate fish. The wide BBQ spatula features a 3-sided angled tip design that lets you lift food precisely, no matter its position. The durable stainless-steel construction and soft-touch handle give you total control: the larger tip easily grips big cuts of meat or more delicate foods.<\/p>\n<p>\u2022 Design inclinado da ponta com 3 lados para facilitar o uso e virar com precis\u00e3o<br \/>\u2022 Durable stainless-steel construction<br \/>\u2022 Pega de toque suave para maior ader\u00eancia<br \/>\u2022 Adequada para m\u00e1quina de lavar loi\u00e7a para uma limpeza f\u00e1cil<br \/>\u2022 Presilha em metal para pendurar<\/p>\n<p><strong>Specifications<\/strong>:<br \/>Out-of-box dimensions: 45.5cm H x 16.5cm W x 5.8cm D<br \/>Packaged dimensions: 50cm H x 18.5cm W x 5.5cm D<br \/>Material: Stainless steel<br \/>Dishwasher safe<\/p>\n<p>&nbsp;<\/p>\n","protected":false},"excerpt":{"rendered":"<p>Easily lift and move large cuts of meat or delicate fish. The wide BBQ spatula features a 3-sided angled tip design that lets you lift food precisely, no matter its position. The durable stainless-steel construction and soft-touch handle give you total control: the larger tip easily grips big cuts of meat or more delicate foods. [&hellip;]<\/p>\n","protected":false},"featured_media":85466,"template":"","meta":{"_acf_changed":false,"_seopress_robots_primary_cat":"","_seopress_titles_title":"","_seopress_titles_desc":"","_seopress_robots_index":""},"product_brand":[],"product_cat":[903,754],"product_tag":[],"class_list":{"0":"post-86479","1":"product","2":"type-product","3":"status-publish","4":"has-post-thumbnail","6":"product_cat-accessories-en","7":"product_cat-weber-grills","9":"first","10":"instock","11":"taxable","12":"shipping-taxable","13":"purchasable","14":"product-type-simple"},"acf":[],"_links":{"self":[{"href":"https:\/\/hortodocampogrande.pt\/en\/wp-json\/wp\/v2\/product\/86479","targetHints":{"allow":["GET"]}}],"collection":[{"href":"https:\/\/hortodocampogrande.pt\/en\/wp-json\/wp\/v2\/product"}],"about":[{"href":"https:\/\/hortodocampogrande.pt\/en\/wp-json\/wp\/v2\/types\/product"}],"wp:featuredmedia":[{"embeddable":true,"href":"https:\/\/hortodocampogrande.pt\/en\/wp-json\/wp\/v2\/media\/85466"}],"wp:attachment":[{"href":"https:\/\/hortodocampogrande.pt\/en\/wp-json\/wp\/v2\/media?parent=86479"}],"wp:term":[{"taxonomy":"product_brand","embeddable":true,"href":"https:\/\/hortodocampogrande.pt\/en\/wp-json\/wp\/v2\/product_brand?post=86479"},{"taxonomy":"product_cat","embeddable":true,"href":"https:\/\/hortodocampogrande.pt\/en\/wp-json\/wp\/v2\/product_cat?post=86479"},{"taxonomy":"product_tag","embeddable":true,"href":"https:\/\/hortodocampogrande.pt\/en\/wp-json\/wp\/v2\/product_tag?post=86479"}],"curies":[{"name":"wp","href":"https:\/\/api.w.org\/{rel}","templated":true}]}}