{"id":86523,"date":"2025-09-17T14:26:51","date_gmt":"2025-09-17T13:26:51","guid":{"rendered":"https:\/\/hortodocampogrande.pt\/produto\/uncategorized\/aglaonema-chinese-evergreen-aglaonema-17cm-pot\/"},"modified":"2026-03-23T08:45:08","modified_gmt":"2026-03-23T08:45:08","slug":"aglaonema-chinese-evergreen-aglaonema-17cm-pot","status":"publish","type":"product","link":"https:\/\/hortodocampogrande.pt\/en\/produto\/plants\/indoor-plants\/aglaonema-chinese-evergreen-aglaonema-17cm-pot\/","title":{"rendered":"Aglaonema, Chinese Evergreen &#8211; Aglaonema (17cm pot)"},"content":{"rendered":"<p>Aglaonemas are a great option for bringing beauty indoors! There are countless varieties, all with a distinct and unexpected look. Like Calatheas, they almost look like artificial plants, such are the colors and patterns they display, whose beauty and exoticism surprise us. Like Calatheas, they are also valued for their ability to help purify the small layer of indoor air around them. However, unlike Calatheas, they are toxic if ingested by pets. Therefore, it&#8217;s best to monitor the presence of more curious pets (and small children) around these plants, or place them out of reach. The large, showy leaves, with different shades and patterns, are the hallmark of <em>Aglaonema<\/em>. It&#8217;s an indoor plant, perfect for those taking their first steps into the world of plants, as it&#8217;s very easy to look after. Aglaonema is one of the plants of choice for decorating offices and shopping centres, as it adapts easily to environments with little light. They are great for purifying the air, filtering out toxins. At home, try to keep them at an ambient temperature of between 18\u00ba and 22\u00baC. And don&#8217;t forget, it&#8217;s very important not to let Aglaonema near air conditioning, as it can&#8217;t stand cold, dry or windy weather.<\/p>\n<p><strong>Scientific Name<\/strong>: <em>Aglaonema<\/em><br \/><strong>Common Names:<\/strong> Coffee-parlor, False-coffee-parlor<br \/><strong>Family<\/strong>: <em>Araceae<\/em><br \/><strong>Origin:<\/strong> Asia, Philippines, Oceania<br \/><strong>Category<\/strong>: Indoor plant<br \/><strong>Approximate height<\/strong>: 60cm<br \/><strong>Pot diameter<\/strong>: 17 cm<\/p>\n<p><strong>CUIDADOS<\/strong><br \/><strong>Light<\/strong>: <em>Aglaonema<\/em> prefers locations with indirect light. Avoid placing it in direct sunlight, as it can burn the leaves.<br \/><strong>Watering<\/strong>: Prefers little water and can tolerate periods without watering. The best way to check if the plant needs water is to do the &#8220;finger test&#8221;, inserting it about 3cm into the soil and only watering if you find it dry.<br \/><strong>Fertilization<\/strong>: Requires fertile soil. Therefore, use a fertile, soft substrate to help it grow.<br \/><strong>Not Pet Friendly<\/strong>: This is a plant considered toxic to dogs and cats due to the presence of insoluble calcium oxalates, which can cause severe irritation if ingested.<\/p>\n<p>WARNING! Representative photograph &#8211; the image shown is of a specimen in stock at the time the product was added to the online catalog, and is therefore a reference. A planta fornecida ser\u00e1 similar \u00e0 da foto sendo que, dependendo da fase do ciclo vegetativo em que se encontre, poder\u00e1 variar na forma, apar\u00eancia ou tamanho (ex: outra tonalidade de folha, com ou sem flor\/fruto, etc). A altura referida inclui o vaso pl\u00e1stico que se v\u00ea na fotografia.<\/p>\n","protected":false},"excerpt":{"rendered":"<p>Aglaonemas are a great option for bringing beauty indoors! There are countless varieties, all with a distinct and unexpected look. Like Calatheas, they almost look like artificial plants, such are the colors and patterns they display, whose beauty and exoticism surprise us. Like Calatheas, they are also valued for their ability to help purify the [&hellip;]<\/p>\n","protected":false},"featured_media":28850,"template":"","meta":{"_acf_changed":false,"_seopress_robots_primary_cat":"","_seopress_titles_title":"","_seopress_titles_desc":"","_seopress_robots_index":""},"product_brand":[],"product_cat":[1411,743],"product_tag":[],"class_list":{"0":"post-86523","1":"product","2":"type-product","3":"status-publish","4":"has-post-thumbnail","6":"product_cat-indoor-plants","7":"product_cat-plants","9":"first","10":"instock","11":"taxable","12":"shipping-taxable","13":"purchasable","14":"product-type-simple"},"acf":[],"_links":{"self":[{"href":"https:\/\/hortodocampogrande.pt\/en\/wp-json\/wp\/v2\/product\/86523","targetHints":{"allow":["GET"]}}],"collection":[{"href":"https:\/\/hortodocampogrande.pt\/en\/wp-json\/wp\/v2\/product"}],"about":[{"href":"https:\/\/hortodocampogrande.pt\/en\/wp-json\/wp\/v2\/types\/product"}],"wp:featuredmedia":[{"embeddable":true,"href":"https:\/\/hortodocampogrande.pt\/en\/wp-json\/wp\/v2\/media\/28850"}],"wp:attachment":[{"href":"https:\/\/hortodocampogrande.pt\/en\/wp-json\/wp\/v2\/media?parent=86523"}],"wp:term":[{"taxonomy":"product_brand","embeddable":true,"href":"https:\/\/hortodocampogrande.pt\/en\/wp-json\/wp\/v2\/product_brand?post=86523"},{"taxonomy":"product_cat","embeddable":true,"href":"https:\/\/hortodocampogrande.pt\/en\/wp-json\/wp\/v2\/product_cat?post=86523"},{"taxonomy":"product_tag","embeddable":true,"href":"https:\/\/hortodocampogrande.pt\/en\/wp-json\/wp\/v2\/product_tag?post=86523"}],"curies":[{"name":"wp","href":"https:\/\/api.w.org\/{rel}","templated":true}]}}