{"id":86526,"date":"2025-09-05T18:30:01","date_gmt":"2025-09-05T17:30:01","guid":{"rendered":"https:\/\/hortodocampogrande.pt\/produto\/uncategorized\/gazania-gazania-sp-10cm-pot\/"},"modified":"2026-04-17T15:45:49","modified_gmt":"2026-04-17T14:45:49","slug":"gazania-gazania-sp-10cm-pot","status":"publish","type":"product","link":"https:\/\/hortodocampogrande.pt\/en\/produto\/outdoor-plants\/gazania-gazania-sp-10cm-pot\/","title":{"rendered":"Gazania &#8211; Gazania sp. (10cm pot)"},"content":{"rendered":"<p>Gazania is a low-growing perennial herbaceous plant with a semi-trailing or dense clumping habit. Its leaves are lanceolate, with a glossy green upper surface and silvery or greyish underside, giving them a distinctive appearance. The flowers are showy heads in shades like yellow, orange, white, red, and pink, often with a darker central ring or contrasting &#8216;eye&#8217;. They bloom profusely in spring and summer, and sometimes into autumn, opening only under direct sunlight (closing at night or on cloudy days).<\/p>\n<p><strong>Scientific name<\/strong>: <em>Gazania sp.<\/em><br \/><strong>Common names<\/strong>: Gazania, treasure flower, African daisy<br \/><strong>Family<\/strong>: <em>Asteraceae<\/em><br \/><strong>Origin<\/strong>: South Africa and Mozambique<br \/><strong>Climate<\/strong>: Tropical to Mediterranean, subtropical<br \/><strong>Category<\/strong>: Outdoor plant<br \/><strong>Approximate height<\/strong>: 25cm<br \/><strong>Pot diameter<\/strong>: 10,5cm<\/p>\n<p><strong>CUIDADOS<\/strong><br \/><strong>Light<\/strong>: Needs full sun exposure to bloom exuberantly. In shade, the flowers may not even open completely.<br \/><strong>Temperature<\/strong>: Adapts well to hot, dry climates; tolerates light frosts, but harsh climates require cultivation as an annual or winter protection.<br \/><strong>Watering<\/strong>: Very drought tolerant. Water moderately \u2014 only when the soil is dry on the surface.<br \/><strong>Humidity<\/strong>: Prefers well-drained soils.<br \/><strong>Fertilization<\/strong>: Benefits from fertilization with balanced formulas or high phosphorus content.<br \/><strong>Life cycle<\/strong>: Perennial in warm climates; annual in regions with harsh winters.<br \/><strong>Soil<\/strong>: Light, fertile, well-drained substrate\/soil, preferably sandy or with good organic matter. Tolerant of poor and calcareous soils.<br \/><strong>Not Pet Friendly<\/strong>: May cause mild irritation if ingested.<\/p>\n<p><strong>Fun fact<\/strong>: The name &#8220;Gazania&#8221; honours Theodoro de Gaza (1398\u20131478), translator of botanical works from Greek to Latin. The flowers open only in strong sunlight, closing in dull conditions\u2014a fascinating behavior that enhances their dramatic effect in sunny gardens.<\/p>\n<p>WARNING! Representative photograph &#8211; the image shown is of a specimen in stock at the time the product was added to the online catalog, and is therefore a reference. A planta fornecida ser\u00e1 similar \u00e0 da foto sendo que, dependendo da fase do ciclo vegetativo em que se encontre, poder\u00e1 variar na forma, apar\u00eancia ou tamanho (ex: outra tonalidade de folha, com ou sem flor\/fruto, etc). A altura referida inclui o vaso pl\u00e1stico que se v\u00ea na fotografia.<\/p>\n","protected":false},"excerpt":{"rendered":"<p>Gazania is a low-growing perennial herbaceous plant with a semi-trailing or dense clumping habit. Its leaves are lanceolate, with a glossy green upper surface and silvery or greyish underside, giving them a distinctive appearance. The flowers are showy heads in shades like yellow, orange, white, red, and pink, often with a darker central ring or [&hellip;]<\/p>\n","protected":false},"featured_media":28526,"template":"","meta":{"_acf_changed":false,"_seopress_robots_primary_cat":"","_seopress_titles_title":"","_seopress_titles_desc":"","_seopress_robots_index":""},"product_brand":[],"product_cat":[744,743],"product_tag":[],"class_list":{"0":"post-86526","1":"product","2":"type-product","3":"status-publish","4":"has-post-thumbnail","6":"product_cat-outdoor-plants","7":"product_cat-plants","9":"first","10":"instock","11":"taxable","12":"shipping-taxable","13":"purchasable","14":"product-type-simple"},"acf":[],"_links":{"self":[{"href":"https:\/\/hortodocampogrande.pt\/en\/wp-json\/wp\/v2\/product\/86526","targetHints":{"allow":["GET"]}}],"collection":[{"href":"https:\/\/hortodocampogrande.pt\/en\/wp-json\/wp\/v2\/product"}],"about":[{"href":"https:\/\/hortodocampogrande.pt\/en\/wp-json\/wp\/v2\/types\/product"}],"wp:featuredmedia":[{"embeddable":true,"href":"https:\/\/hortodocampogrande.pt\/en\/wp-json\/wp\/v2\/media\/28526"}],"wp:attachment":[{"href":"https:\/\/hortodocampogrande.pt\/en\/wp-json\/wp\/v2\/media?parent=86526"}],"wp:term":[{"taxonomy":"product_brand","embeddable":true,"href":"https:\/\/hortodocampogrande.pt\/en\/wp-json\/wp\/v2\/product_brand?post=86526"},{"taxonomy":"product_cat","embeddable":true,"href":"https:\/\/hortodocampogrande.pt\/en\/wp-json\/wp\/v2\/product_cat?post=86526"},{"taxonomy":"product_tag","embeddable":true,"href":"https:\/\/hortodocampogrande.pt\/en\/wp-json\/wp\/v2\/product_tag?post=86526"}],"curies":[{"name":"wp","href":"https:\/\/api.w.org\/{rel}","templated":true}]}}