{"id":86530,"date":"2025-08-29T09:14:44","date_gmt":"2025-08-29T08:14:44","guid":{"rendered":"https:\/\/hortodocampogrande.pt\/produto\/uncategorized\/maidenhair-fern-adiantum-fragrans-17cm-pot\/"},"modified":"2026-03-17T17:03:39","modified_gmt":"2026-03-17T17:03:39","slug":"maidenhair-fern-adiantum-fragrans-17cm-pot","status":"publish","type":"product","link":"https:\/\/hortodocampogrande.pt\/en\/produto\/plants\/indoor-plants\/maidenhair-fern-adiantum-fragrans-17cm-pot\/","title":{"rendered":"Maidenhair Fern &#8211; Adiantum fragrans (17cm pot)"},"content":{"rendered":"<p>\n<em>Adiantum fragrans<\/em>, commonly known as Maidenhair Fern, is a very delicate fern with airy, light citrus-green foliage, composed of thin fan-shaped fronds supported by dark petioles that give it an elegant and light appearance. It is such an elegant and delicate plant that its foliage resembles soft down. It loves humid environments and doesn&#8217;t tolerate high heat or direct sun.<\/p>\n<p><strong>Scientific name<\/strong>: <em>Adiantum fragrans<\/em><br \/><strong>Common names<\/strong>: Maidenhair Fern, Venus Hair Fern<br \/><strong>Family<\/strong>: <em>Pteridaceae<\/em><br \/><strong>Origin:<\/strong> South America<br \/><strong>Climate: <\/strong>Tropical and subtropical<br \/><strong>Category<\/strong>: Indoor plant<br \/><strong>Approx. height<\/strong>: 40\u201350 cm<br \/><strong>Pot diameter<\/strong>: 17 cm<\/p>\n<p><strong>CUIDADOS<\/strong><br \/><strong>Light<\/strong>: Requires bright indirect light. Does not tolerate direct sunlight.<br \/><strong>Temperature<\/strong>: Best between 16 \u00b0C and 24 \u00b0C. Keep away from frost and cold drafts, which can damage the sensitive fronds.<br \/><strong>Watering<\/strong>: Needs permanently moist soil, but without waterlogging. Watering should be frequent, keeping the substrate always slightly moist to the touch.<br \/><strong>Humidity<\/strong>: Likes high humidity, both in the soil and the environment. Regular misting is essential, or the use of a humidifier is recommended, especially in heated indoor environments.<br \/><strong>Fertilization<\/strong>: Fertilize during spring with a balanced fertilizer. <br \/><strong>Pruning<\/strong>: Removing dry or damaged leaves promotes new growth and keeps the plant healthy.<br \/><strong>Life cycle<\/strong>: It is perennial and maintains foliage year-round under suitable conditions.<br \/>Soil: Light substrate, rich in organic matter, well-drained.<br \/><strong>Not Pet Friendly<\/strong>: This species can be toxic to pets, so it is advisable to keep it out of reach and under supervision if there are<br \/>any doubts.<\/p>\n<p><strong>Fun Fact<\/strong>: The genus name \u2018Adiantum\u2019 comes from Ancient Greek, meaning \u201cunwetted,\u201d a reference to the leaves&#8217; ability to repel water, which remains as visible droplets on the surface.<\/p>\n<p>WARNING! Fotografia representativa \u2013 a fotografia apresentada \u00e9 de um exemplar existente em stock no momento da coloca\u00e7\u00e3o do produto no cat\u00e1logo online, pelo que \u00e9 uma refer\u00eancia. A planta fornecida ser\u00e1 similar \u00e0 da foto sendo que, dependendo da fase do ciclo vegetativo em que se encontre, poder\u00e1 variar na forma, apar\u00eancia ou tamanho (ex: outra tonalidade de folha, com ou sem flor\/fruto, etc). A altura referida inclui o vaso pl\u00e1stico que se v\u00ea na fotografia.<\/p>\n","protected":false},"excerpt":{"rendered":"<p>Adiantum fragrans, commonly known as Maidenhair Fern, is a very delicate fern with airy, light citrus-green foliage, composed of thin fan-shaped fronds supported by dark petioles that give it an elegant and light appearance. It is such an elegant and delicate plant that its foliage resembles soft down. It loves humid environments and doesn&#8217;t tolerate [&hellip;]<\/p>\n","protected":false},"featured_media":27974,"template":"","meta":{"_acf_changed":false,"_seopress_robots_primary_cat":"","_seopress_titles_title":"","_seopress_titles_desc":"","_seopress_robots_index":""},"product_brand":[],"product_cat":[1411,743],"product_tag":[],"class_list":{"0":"post-86530","1":"product","2":"type-product","3":"status-publish","4":"has-post-thumbnail","6":"product_cat-indoor-plants","7":"product_cat-plants","9":"first","10":"instock","11":"taxable","12":"shipping-taxable","13":"purchasable","14":"product-type-simple"},"acf":[],"_links":{"self":[{"href":"https:\/\/hortodocampogrande.pt\/en\/wp-json\/wp\/v2\/product\/86530","targetHints":{"allow":["GET"]}}],"collection":[{"href":"https:\/\/hortodocampogrande.pt\/en\/wp-json\/wp\/v2\/product"}],"about":[{"href":"https:\/\/hortodocampogrande.pt\/en\/wp-json\/wp\/v2\/types\/product"}],"wp:featuredmedia":[{"embeddable":true,"href":"https:\/\/hortodocampogrande.pt\/en\/wp-json\/wp\/v2\/media\/27974"}],"wp:attachment":[{"href":"https:\/\/hortodocampogrande.pt\/en\/wp-json\/wp\/v2\/media?parent=86530"}],"wp:term":[{"taxonomy":"product_brand","embeddable":true,"href":"https:\/\/hortodocampogrande.pt\/en\/wp-json\/wp\/v2\/product_brand?post=86530"},{"taxonomy":"product_cat","embeddable":true,"href":"https:\/\/hortodocampogrande.pt\/en\/wp-json\/wp\/v2\/product_cat?post=86530"},{"taxonomy":"product_tag","embeddable":true,"href":"https:\/\/hortodocampogrande.pt\/en\/wp-json\/wp\/v2\/product_tag?post=86530"}],"curies":[{"name":"wp","href":"https:\/\/api.w.org\/{rel}","templated":true}]}}