{"id":86573,"date":"2025-04-01T12:34:55","date_gmt":"2025-04-01T11:34:55","guid":{"rendered":"https:\/\/hortodocampogrande.pt\/produto\/uncategorized\/yucca-yucca-elephantipes-19cm-pot\/"},"modified":"2026-03-18T14:52:03","modified_gmt":"2026-03-18T14:52:03","slug":"yucca-yucca-elephantipes-19cm-pot","status":"publish","type":"product","link":"https:\/\/hortodocampogrande.pt\/en\/produto\/plants\/indoor-plants\/yucca-yucca-elephantipes-19cm-pot\/","title":{"rendered":"Yucca &#8211; Yucca elephantipes (19cm pot)"},"content":{"rendered":"<p><font face=\"Times\"><em>Yucca<\/em> are a genus of plants adapted to a wide range of environmental conditions. They are excellent choices for both indoors and outdoors. Its exotic look, extreme hardiness, and low maintenance, along with its spineless leaves, make this <em>Yucca<\/em> one of the most popular varieties for city apartments. Additionally, according to a NASA study, it&#8217;s one of the most efficient plants for helping to purify indoor air.<\/font><\/p>\n<p><font face=\"Times\"><strong>Scientific name<\/strong>: <em>Yucca elephantipes<\/em><br \/><strong>Common name<\/strong>: Yucca, Giant Yucca, Spineless Yucca<br \/><strong>Family<\/strong>: <em>Asparagaceae<\/em><br \/><strong>Origin<\/strong>: Central America and USA (natural habitats include desert and semi-desert regions, prairies, and mountain areas)<br \/><strong>Category<\/strong>: Indoor or outdoor plant<br \/><strong>Approximate height<\/strong>: 60cm<br \/><strong>Pot diameter<\/strong>: 19cm<font face=\"Times\"><br \/><strong><\/strong><\/font><\/font><\/p>\n<p><font face=\"Times\"><font face=\"Times\"><strong>CUIDADOS<\/strong><br \/><strong>Light<\/strong>: Prefers direct sun for most of the day. It also tolerates shade, though it will grow more slowly.<br \/><strong>Temperature<\/strong>: Just look at its origin\u2014deserts, prairies, and mountains\u2014to see it adapts well to a wide range of temperatures. Outdoors, it should be protected from frost and cold winds. However, once planted in the ground or well-established, its hardiness means it&#8217;s unlikely to wither.<br \/><strong>Watering<\/strong>: Quite tolerant of moderate drought. Let the soil dry out completely before watering again and ensure good drainage. Never let water sit in the saucer or the bottom of a decorative pot (without drainage holes).<br \/><strong>Fertilisation<\/strong>: Fertilise once or twice during spring and summer.<br \/><strong>Soil<\/strong>: Prefers fertile soil rich in organic matter. <br \/><strong>Pruning<\/strong>: Not necessary, but damaged leaves can be removed as needed in spring. If planted in the ground and growth gets out of hand, perform maintenance pruning.<br \/><strong>Not Pet Friendly<\/strong>: This plant is toxic to pets.<\/font><\/font><\/p>\n<p><font face=\"Times\"><font face=\"Times\"><\/p>\n<p>WARNING! Fotografia representativa \u2013 a fotografia apresentada \u00e9 de um exemplar existente em stock no momento da coloca\u00e7\u00e3o do produto no cat\u00e1logo online, pelo que \u00e9 uma refer\u00eancia. A planta fornecida ser\u00e1 similar \u00e0 da foto sendo que, dependendo da fase do ciclo vegetativo em que se encontre, poder\u00e1 variar na forma, apar\u00eancia ou tamanho (ex: outra tonalidade de folha, com ou sem flor\/fruto, etc). A altura referida inclui o vaso pl\u00e1stico que se v\u00ea na fotografia.<\/p>\n<p><\/font><\/font><\/p>\n","protected":false},"excerpt":{"rendered":"<p>Yucca are a genus of plants adapted to a wide range of environmental conditions. They are excellent choices for both indoors and outdoors. Its exotic look, extreme hardiness, and low maintenance, along with its spineless leaves, make this Yucca one of the most popular varieties for city apartments. Additionally, according to a NASA study, it&#8217;s [&hellip;]<\/p>\n","protected":false},"featured_media":24357,"template":"","meta":{"_acf_changed":false,"_seopress_robots_primary_cat":"","_seopress_titles_title":"","_seopress_titles_desc":"","_seopress_robots_index":""},"product_brand":[],"product_cat":[1411,744,743],"product_tag":[],"class_list":{"0":"post-86573","1":"product","2":"type-product","3":"status-publish","4":"has-post-thumbnail","6":"product_cat-indoor-plants","7":"product_cat-outdoor-plants","8":"product_cat-plants","10":"first","11":"instock","12":"taxable","13":"shipping-taxable","14":"purchasable","15":"product-type-simple"},"acf":[],"_links":{"self":[{"href":"https:\/\/hortodocampogrande.pt\/en\/wp-json\/wp\/v2\/product\/86573","targetHints":{"allow":["GET"]}}],"collection":[{"href":"https:\/\/hortodocampogrande.pt\/en\/wp-json\/wp\/v2\/product"}],"about":[{"href":"https:\/\/hortodocampogrande.pt\/en\/wp-json\/wp\/v2\/types\/product"}],"wp:featuredmedia":[{"embeddable":true,"href":"https:\/\/hortodocampogrande.pt\/en\/wp-json\/wp\/v2\/media\/24357"}],"wp:attachment":[{"href":"https:\/\/hortodocampogrande.pt\/en\/wp-json\/wp\/v2\/media?parent=86573"}],"wp:term":[{"taxonomy":"product_brand","embeddable":true,"href":"https:\/\/hortodocampogrande.pt\/en\/wp-json\/wp\/v2\/product_brand?post=86573"},{"taxonomy":"product_cat","embeddable":true,"href":"https:\/\/hortodocampogrande.pt\/en\/wp-json\/wp\/v2\/product_cat?post=86573"},{"taxonomy":"product_tag","embeddable":true,"href":"https:\/\/hortodocampogrande.pt\/en\/wp-json\/wp\/v2\/product_tag?post=86573"}],"curies":[{"name":"wp","href":"https:\/\/api.w.org\/{rel}","templated":true}]}}