{"id":86608,"date":"2025-11-24T12:38:21","date_gmt":"2025-11-24T12:38:21","guid":{"rendered":"https:\/\/hortodocampogrande.pt\/produto\/uncategorized\/dracaena-compacta-dracaena-fragrans-compacta-21cm-pot\/"},"modified":"2026-03-18T08:59:21","modified_gmt":"2026-03-18T08:59:21","slug":"dracaena-compacta-dracaena-fragrans-compacta-21cm-pot","status":"publish","type":"product","link":"https:\/\/hortodocampogrande.pt\/en\/produto\/plants\/indoor-plants\/dracaena-compacta-dracaena-fragrans-compacta-21cm-pot\/","title":{"rendered":"Dracaena Compacta &#8211; Dracaena fragrans &#8216;Compacta&#8217; (21cm pot)"},"content":{"rendered":"<p>Dracaena fragrans &#8216;Compacta&#8217; is an evergreen foliage plant with slow growth and compact habit, ideal for indoors. Its leaves are short, narrow, deep glossy green, forming dense tufts along the stem. Indoors it doesn&#8217;t usually produce flowers, but its elegant habit and tufts of green leaves at the top of the stems make this plant a must-have to create your Urban Jungle and give that corner at home the exotic yet contemporary touch it was missing. It&#8217;s also one of the plants that help purify the air indoors \u2013 like other Dracaenas, this variety also promotes the removal of toxins from the surrounding air. Being relatively small, it works well for groupings or as a standalone piece in rooms with moderate light.<\/p>\n<p><strong>Scientific name<\/strong>: <em>Dracaena fragrans &#8216;Compacta&#8217;<\/em><br \/><strong>Common names<\/strong>: Compact Dracaena, Compacta, Janet Craig Compacta<br \/><strong>Family<\/strong>: <em>Asparagaceae<\/em><br \/><strong>Origin<\/strong>: Tropical regions of Africa<br \/><strong>Climate<\/strong>: Tropical, Subtropical<br \/><strong>Category<\/strong>: Indoor plant<br \/><strong>Approximate height<\/strong>: 90cm<br \/><strong>Pot diameter<\/strong>: 21cm<\/p>\n<p><strong>CUIDADOS<\/strong><br \/><strong>Light<\/strong>: Prefers abundant indirect light. Does not tolerate direct sun. In very dark locations, growth becomes slow and leaf color less intense.<br \/><strong>Temperature<\/strong>: Ideally between 18\u00b0C to 25\u00b0C. Avoid temperatures below 15\u00b0C, as well as drafts.<br \/><strong>Watering<\/strong>: Moderate. During summer keep soil slightly moist without waterlogging; in winter allow the top layer of substrate to dry between waterings. Avoid excess water to prevent root rot.<br \/><strong>Humidity<\/strong>: Performs well in indoor environments with average humidity. Wiping the leaves with a damp cloth is a good way to keep leaves hydrated during warmer months and keep the plant looking beautiful.<br \/><strong>Fertilization<\/strong>: Apply balanced liquid fertilizer or fertilizer for green plants during spring and summer, approximately every 4-6 weeks. Reduce or suspend in fall\/winter.<br \/><strong>Pruning<\/strong>: Remove old or damaged leaves at the base. Light pruning to balance shape and prevent uneven growth. All pruning should use clean tools to prevent disease.<br \/><strong>Life cycle<\/strong>: Perennial. Slow growth, long life when well cared for indoors, without need for frequent repotting.<br \/><strong>Soil<\/strong>: Light, well-drained mix, rich in organic matter. Indoor substrate that includes peat or coco fiber mixed with perlite or sand improves drainage.<br \/><strong>Not Pet Friendly<\/strong>: Dracaenas contain compounds that can cause gastrointestinal irritation in pets if ingested.<\/p>\n<p>WARNING! Representative photo \u2013 the image shown is of a stock item at the time of cataloging and serves as a reference. A planta fornecida ser\u00e1 similar \u00e0 da foto sendo que, dependendo da fase do ciclo vegetativo em que se encontre, poder\u00e1 variar na forma, apar\u00eancia ou tamanho (ex: outra tonalidade de folha, com ou sem flor\/fruto, etc). A altura referida inclui o vaso pl\u00e1stico que se v\u00ea na fotografia.<\/p>\n","protected":false},"excerpt":{"rendered":"<p>Dracaena fragrans &#8216;Compacta&#8217; is an evergreen foliage plant with slow growth and compact habit, ideal for indoors. Its leaves are short, narrow, deep glossy green, forming dense tufts along the stem. Indoors it doesn&#8217;t usually produce flowers, but its elegant habit and tufts of green leaves at the top of the stems make this plant [&hellip;]<\/p>\n","protected":false},"featured_media":31463,"template":"","meta":{"_acf_changed":false,"_seopress_robots_primary_cat":"","_seopress_titles_title":"","_seopress_titles_desc":"","_seopress_robots_index":""},"product_brand":[],"product_cat":[1411,743],"product_tag":[],"class_list":{"0":"post-86608","1":"product","2":"type-product","3":"status-publish","4":"has-post-thumbnail","6":"product_cat-indoor-plants","7":"product_cat-plants","9":"first","10":"instock","11":"taxable","12":"shipping-taxable","13":"purchasable","14":"product-type-simple"},"acf":[],"_links":{"self":[{"href":"https:\/\/hortodocampogrande.pt\/en\/wp-json\/wp\/v2\/product\/86608","targetHints":{"allow":["GET"]}}],"collection":[{"href":"https:\/\/hortodocampogrande.pt\/en\/wp-json\/wp\/v2\/product"}],"about":[{"href":"https:\/\/hortodocampogrande.pt\/en\/wp-json\/wp\/v2\/types\/product"}],"wp:featuredmedia":[{"embeddable":true,"href":"https:\/\/hortodocampogrande.pt\/en\/wp-json\/wp\/v2\/media\/31463"}],"wp:attachment":[{"href":"https:\/\/hortodocampogrande.pt\/en\/wp-json\/wp\/v2\/media?parent=86608"}],"wp:term":[{"taxonomy":"product_brand","embeddable":true,"href":"https:\/\/hortodocampogrande.pt\/en\/wp-json\/wp\/v2\/product_brand?post=86608"},{"taxonomy":"product_cat","embeddable":true,"href":"https:\/\/hortodocampogrande.pt\/en\/wp-json\/wp\/v2\/product_cat?post=86608"},{"taxonomy":"product_tag","embeddable":true,"href":"https:\/\/hortodocampogrande.pt\/en\/wp-json\/wp\/v2\/product_tag?post=86608"}],"curies":[{"name":"wp","href":"https:\/\/api.w.org\/{rel}","templated":true}]}}