{"id":86640,"date":"2025-11-05T18:06:25","date_gmt":"2025-11-05T18:06:25","guid":{"rendered":"https:\/\/hortodocampogrande.pt\/produto\/uncategorized\/croton-codiaeum-variegatum-petra-30cm-pot\/"},"modified":"2026-04-10T15:19:53","modified_gmt":"2026-04-10T14:19:53","slug":"croton-codiaeum-variegatum-petra-30cm-pot","status":"publish","type":"product","link":"https:\/\/hortodocampogrande.pt\/en\/produto\/plants\/indoor-plants\/croton-codiaeum-variegatum-petra-30cm-pot\/","title":{"rendered":"Croton &#8211; Codiaeum variegatum &#8216;Petra&#8217; (30cm pot)"},"content":{"rendered":"<p><em>Codiaeum variegatum &#8220;Petra&#8221;<\/em> is a specific variety of <em>Croton spp.<\/em>. Both options refer to ornamental plants known for their colorful leaves, but &#8220;Petra&#8221; refers to a hybrid\/cultivar with specific foliage characteristics (broader leaves, yellow veins and red margins, which can reach about 1.5 to 3 meters in height), while &#8220;Croton spp.&#8221; is the generic term for the genus, which encompasses all varieties such as &#8220;Petra&#8221;, &#8220;Zanzibar&#8221; or &#8220;Mammy&#8221;. The <em>Croton Petra<\/em> is a plant bursting with tropical colors that will &#8220;warm up&#8221; and bring life to your home&#8217;s interior, as all its leaves have incredible color patterns that depend on the amount of light they receive to maintain their characteristic vibrant tones. It&#8217;s a plant that belongs to the &#8220;air-purifying&#8221; group and, although it&#8217;s easy to care for\/maintain, it appreciates some humidity in the air and is quite sensitive to temperature changes, potentially losing its leaves if subjected to large temperature fluctuations.<\/p>\n<p><strong>Scientific name<\/strong>: <em>Codiaeum variegatum &#8216;Petra&#8217;<\/em><br \/><strong>Common name<\/strong>: Croton<br \/><strong>Family<\/strong>: <em>Euphorbiaceae<\/em><br \/><strong>Origin:<\/strong> Asia<br \/><strong>Category<\/strong>: Indoor plant<br \/><strong>Approximate height<\/strong>: 1.20m<br \/><strong>Pot diameter<\/strong>: 30cm<\/p>\n<p><strong>CUIDADOS<\/strong><br \/><strong>Light<\/strong>: Requires bright\/intense but indirect light to maintain leaf color. Excessive direct sunlight can burn the leaves.<br \/><strong>Temperature<\/strong>: Ideal between 18 and 28\u00baC. Does not tolerate low temperatures.<br \/><strong>Watering<\/strong>: Keep soil moist, but avoid waterlogging. Allow the top layer of soil to dry between waterings.<br \/><strong>Fertilisation: <\/strong>We recommend fertilising Croton Petra once a month.<br \/><strong>Soil<\/strong>: Rich in organic matter and with good drainage (an indoor plant substrate will be suitable).<br \/><strong>Not Pet Friendly<\/strong>: The sap is highly toxic. Keep out of reach of pets.<\/p>\n<p>WARNING! Representative photograph \u2013 the image shown is of a specimen in stock at the time the product was added to the online catalog, and is therefore a reference. A planta fornecida ser\u00e1 similar \u00e0 da foto sendo que, dependendo da fase do ciclo vegetativo em que se encontre, poder\u00e1 variar na forma, apar\u00eancia ou tamanho (ex: outra tonalidade de folha, com ou sem flor\/fruto, etc). A altura referida inclui o vaso pl\u00e1stico que se v\u00ea na fotografia.<\/p>\n","protected":false},"excerpt":{"rendered":"<p>Codiaeum variegatum &#8220;Petra&#8221; is a specific variety of Croton spp.. Both options refer to ornamental plants known for their colorful leaves, but &#8220;Petra&#8221; refers to a hybrid\/cultivar with specific foliage characteristics (broader leaves, yellow veins and red margins, which can reach about 1.5 to 3 meters in height), while &#8220;Croton spp.&#8221; is the generic term [&hellip;]<\/p>\n","protected":false},"featured_media":30374,"template":"","meta":{"_acf_changed":false,"_seopress_robots_primary_cat":"","_seopress_titles_title":"","_seopress_titles_desc":"","_seopress_robots_index":""},"product_brand":[],"product_cat":[1411,738,743],"product_tag":[],"class_list":{"0":"post-86640","1":"product","2":"type-product","3":"status-publish","4":"has-post-thumbnail","6":"product_cat-indoor-plants","7":"product_cat-mothers-day","8":"product_cat-plants","10":"first","11":"instock","12":"taxable","13":"shipping-taxable","14":"purchasable","15":"product-type-simple"},"acf":[],"_links":{"self":[{"href":"https:\/\/hortodocampogrande.pt\/en\/wp-json\/wp\/v2\/product\/86640","targetHints":{"allow":["GET"]}}],"collection":[{"href":"https:\/\/hortodocampogrande.pt\/en\/wp-json\/wp\/v2\/product"}],"about":[{"href":"https:\/\/hortodocampogrande.pt\/en\/wp-json\/wp\/v2\/types\/product"}],"wp:featuredmedia":[{"embeddable":true,"href":"https:\/\/hortodocampogrande.pt\/en\/wp-json\/wp\/v2\/media\/30374"}],"wp:attachment":[{"href":"https:\/\/hortodocampogrande.pt\/en\/wp-json\/wp\/v2\/media?parent=86640"}],"wp:term":[{"taxonomy":"product_brand","embeddable":true,"href":"https:\/\/hortodocampogrande.pt\/en\/wp-json\/wp\/v2\/product_brand?post=86640"},{"taxonomy":"product_cat","embeddable":true,"href":"https:\/\/hortodocampogrande.pt\/en\/wp-json\/wp\/v2\/product_cat?post=86640"},{"taxonomy":"product_tag","embeddable":true,"href":"https:\/\/hortodocampogrande.pt\/en\/wp-json\/wp\/v2\/product_tag?post=86640"}],"curies":[{"name":"wp","href":"https:\/\/api.w.org\/{rel}","templated":true}]}}