{"id":86643,"date":"2025-10-30T14:43:48","date_gmt":"2025-10-30T14:43:48","guid":{"rendered":"https:\/\/hortodocampogrande.pt\/produto\/uncategorized\/rosemary-rosmarinus-officinalis-24cm-pot\/"},"modified":"2026-03-20T09:08:11","modified_gmt":"2026-03-20T09:08:11","slug":"rosemary-rosmarinus-officinalis-24cm-pot","status":"publish","type":"product","link":"https:\/\/hortodocampogrande.pt\/en\/produto\/plants\/aromatic\/rosemary-rosmarinus-officinalis-24cm-pot\/","title":{"rendered":"Rosemary &#8211; Rosmarinus officinalis (24cm pot)"},"content":{"rendered":"<p>Rosemary is a perennial, woody shrub with ascending branches (the main difference from the &#8216;creeping&#8217; rosemary variety), which can reach up to 2m in height. It&#8217;s a plant very well adapted to our climate and loves full\/direct sun. Its leaves are narrow, dark green in color, with a characteristic intense aroma. Flowers appear between spring and autumn in blue\/lilac tones, giving a very ornamental touch to this super resistant plant. It&#8217;s widely used in cooking and traditional medicine. It&#8217;s a melliferous plant, attracting bees and other pollinators.<\/p>\n<p><strong>Scientific name<\/strong>: <em>Rosmarinus officinalis<\/em><br \/><strong>Common names<\/strong>: Rosemary<br \/><strong>Fam\u00edlia<\/strong>: <em>Lamiaceae<\/em><br \/><strong>Origem<\/strong>: Regi\u00e3o do Mediterr\u00e2neo<br \/><strong>Category<\/strong>: Outdoor plant<br \/><strong>Approximate height<\/strong>: 60cm<br \/><strong>Pot diameter<\/strong>: 24cm<\/p>\n<p><strong>CUIDADOS<\/strong><br \/><strong>Light<\/strong>: Prefers direct sunlight, requiring at least 6 hours of sun daily for healthy growth and better aroma development.<br \/><strong>Temperature<\/strong>: Adapts well to hot, dry climates. It&#8217;s sensitive to heavy frosts; in regions with harsh winters, it&#8217;s advisable to grow it in pots to facilitate moving it to protected environments.<br \/><strong>Watering<\/strong>: Requires moderate watering. Soil should be kept slightly moist, avoiding waterlogging which can lead to root rot.<br \/><strong>Humidity<\/strong>: Prefers dry environments and well-drained soils.<br \/><strong>Fertilization<\/strong>: Apply balanced fertilizer in early spring and, if necessary, again in summer to promote growth and flowering.<br \/><strong>Pruning<\/strong>: Pruning after flowering is recommended to maintain a compact shape and stimulate new branch growth.<br \/><strong>Life cycle<\/strong>: Perennial.<br \/><strong>Soil<\/strong>: Well-drained substrate, slightly alkaline, low in organic matter.<br \/><strong>Pet Friendly<\/strong>: Non-toxic to pets.<\/p>\n<p>WARNING! Fotografia representativa \u2013 a fotografia apresentada \u00e9 de um exemplar existente em stock no momento da coloca\u00e7\u00e3o do produto no cat\u00e1logo online, pelo que \u00e9 uma refer\u00eancia. A planta fornecida ser\u00e1 similar \u00e0 da foto sendo que, dependendo da fase do ciclo vegetativo em que se encontre, poder\u00e1 variar na forma, apar\u00eancia ou tamanho (ex: outra tonalidade de folha, com ou sem flor\/fruto, etc). A altura referida inclui o vaso pl\u00e1stico que se v\u00ea na fotografia.<\/p>\n","protected":false},"excerpt":{"rendered":"<p>Rosemary is a perennial, woody shrub with ascending branches (the main difference from the &#8216;creeping&#8217; rosemary variety), which can reach up to 2m in height. It&#8217;s a plant very well adapted to our climate and loves full\/direct sun. Its leaves are narrow, dark green in color, with a characteristic intense aroma. Flowers appear between spring [&hellip;]<\/p>\n","protected":false},"featured_media":30205,"template":"","meta":{"_acf_changed":false,"_seopress_robots_primary_cat":"none","_seopress_titles_title":"","_seopress_titles_desc":"","_seopress_robots_index":""},"product_brand":[],"product_cat":[756,748,744,743],"product_tag":[],"class_list":{"0":"post-86643","1":"product","2":"type-product","3":"status-publish","4":"has-post-thumbnail","6":"product_cat-aromatic","7":"product_cat-fathers-day","8":"product_cat-outdoor-plants","9":"product_cat-plants","11":"first","12":"instock","13":"taxable","14":"shipping-taxable","15":"purchasable","16":"product-type-simple"},"acf":[],"_links":{"self":[{"href":"https:\/\/hortodocampogrande.pt\/en\/wp-json\/wp\/v2\/product\/86643","targetHints":{"allow":["GET"]}}],"collection":[{"href":"https:\/\/hortodocampogrande.pt\/en\/wp-json\/wp\/v2\/product"}],"about":[{"href":"https:\/\/hortodocampogrande.pt\/en\/wp-json\/wp\/v2\/types\/product"}],"wp:featuredmedia":[{"embeddable":true,"href":"https:\/\/hortodocampogrande.pt\/en\/wp-json\/wp\/v2\/media\/30205"}],"wp:attachment":[{"href":"https:\/\/hortodocampogrande.pt\/en\/wp-json\/wp\/v2\/media?parent=86643"}],"wp:term":[{"taxonomy":"product_brand","embeddable":true,"href":"https:\/\/hortodocampogrande.pt\/en\/wp-json\/wp\/v2\/product_brand?post=86643"},{"taxonomy":"product_cat","embeddable":true,"href":"https:\/\/hortodocampogrande.pt\/en\/wp-json\/wp\/v2\/product_cat?post=86643"},{"taxonomy":"product_tag","embeddable":true,"href":"https:\/\/hortodocampogrande.pt\/en\/wp-json\/wp\/v2\/product_tag?post=86643"}],"curies":[{"name":"wp","href":"https:\/\/api.w.org\/{rel}","templated":true}]}}