{"id":86644,"date":"2025-11-04T17:01:20","date_gmt":"2025-11-04T17:01:20","guid":{"rendered":"https:\/\/hortodocampogrande.pt\/produto\/uncategorized\/candelabra-cactus-euphorbia-eritrea-candelabrum-24cm-pot\/"},"modified":"2025-11-04T17:01:20","modified_gmt":"2025-11-04T17:01:20","slug":"candelabra-cactus-euphorbia-eritrea-candelabrum-24cm-pot","status":"publish","type":"product","link":"https:\/\/hortodocampogrande.pt\/en\/produto\/cacti-and-succulents\/candelabra-cactus-euphorbia-eritrea-candelabrum-24cm-pot\/","title":{"rendered":"Candelabra Cactus &#8211; Euphorbia eritrea &#8216;Candelabrum&#8217; (24cm pot)"},"content":{"rendered":"<p><em>Euphorbia eritrea &#8216;Candelabrum&#8217; <\/em>is a star of social media and Plant Styling, Design\/Fashion, Interior Decoration, and even Architecture blogs. But it&#8217;s not a cactus. It&#8217;s actually a succulent! However, it looks so much like a traditional cactus that it&#8217;s hard to see it as a succulent. Either way, it&#8217;s an elegant, sophisticated plant\u2014a piece of art (as each specimen has a unique shape) that requires virtually no maintenance. This is because Euphorbias are masters of survival, capable of storing water and resisting periods of moderate drought. In nature, they can reach up to 11m, although they are slow-growing. In a pot, they&#8217;ll never reach this size, but given their resilience and versatility, they usually adapt well, becoming an incredible decor piece in any interior space.<\/p>\n<p><strong>Scientific name<\/strong>: <em>Euphorbia eritrea &#8216;Candelabrum&#8217;<\/em><br \/>\n<strong>Common names<\/strong>: Candelabra Cactus, Cowboy Cactus<br \/>\n<strong>Family<\/strong>: <em>Euphorbiaceae<\/em><br \/>\n<strong>Origin<\/strong>: Deserts of Africa and South America<br \/>\n<strong>Category<\/strong>: Indoor (or outdoor) plant<br \/>\n<strong>Approximate height<\/strong>: 120cm<br \/>\n<strong>Pot diameter<\/strong>: 24cm<\/p>\n<p><strong>CUIDADOS<\/strong><br \/>\n<strong>Light<\/strong>: Prefers bright, direct sunlight. A spot near a south or west-facing window is ideal, though it tolerates some shade. If planting in the ground, avoid spots exposed to all-day sun, as hot months can turn the plant yellowish due to excess light.<br \/>\n<strong>Temperature<\/strong>: Ideally between 12 and 32\u00baC. While hardy, outdoor plants can be sensitive to extremes (protect from frost, for example).<br \/>\n<strong>Watering<\/strong>: Infrequent. Let the soil dry out completely between waterings and, even then, don&#8217;t rush to water it. In winter, if potted, you can risk monthly or bi-monthly watering. If outdoors, let nature take care of the watering. Remember that overwatering is the main cause of problems. No saucers with standing water, and be careful with decorative pots without drainage holes.<br \/>\n<strong>Soil<\/strong>: A sandy soil mix that allows for good drainage. Cactus and succulent substrate is ideal. They aren&#8217;t picky about soil pH but won&#8217;t tolerate wet soil for long.<br \/>\n<strong>Fertilisation<\/strong>: No fertiliser is needed for it to grow well, provided other conditions are met. But cactus fertiliser once a year during the growing season is always a bonus.<br \/>\n<strong>Not Pet Friendly<\/strong>: The sap is quite toxic to pets (and humans).<\/p>\n<p><strong>Fun Fact<\/strong>: In its habitat, the sap is used in traditional medicine and for fishing.<\/p>\n<p>WARNING! Representative photo \u2013 the image shown is of a specimen in stock when the product was added to the online catalogue and is for reference only. A planta fornecida ser\u00e1 similar \u00e0 da foto sendo que, dependendo da fase do ciclo vegetativo em que se encontre, poder\u00e1 variar na forma, apar\u00eancia ou tamanho (ex: outra tonalidade de folha, com ou sem flor\/fruto, etc). A altura referida inclui o vaso pl\u00e1stico que se v\u00ea na fotografia.<\/p>\n","protected":false},"excerpt":{"rendered":"<p>Euphorbia eritrea &#8216;Candelabrum&#8217; is a star of social media and Plant Styling, Design\/Fashion, Interior Decoration, and even Architecture blogs. But it&#8217;s not a cactus. It&#8217;s actually a succulent! However, it looks so much like a traditional cactus that it&#8217;s hard to see it as a succulent. Either way, it&#8217;s an elegant, sophisticated plant\u2014a piece of [&hellip;]<\/p>\n","protected":false},"featured_media":30333,"template":"","meta":{"_acf_changed":false,"_seopress_robots_primary_cat":"none","_seopress_titles_title":"","_seopress_titles_desc":"","_seopress_robots_index":""},"product_brand":[],"product_cat":[746,743],"product_tag":[],"class_list":{"0":"post-86644","1":"product","2":"type-product","3":"status-publish","4":"has-post-thumbnail","6":"product_cat-cacti-and-succulents","7":"product_cat-plants","9":"first","10":"outofstock","11":"taxable","12":"shipping-taxable","13":"purchasable","14":"product-type-simple"},"acf":[],"_links":{"self":[{"href":"https:\/\/hortodocampogrande.pt\/en\/wp-json\/wp\/v2\/product\/86644","targetHints":{"allow":["GET"]}}],"collection":[{"href":"https:\/\/hortodocampogrande.pt\/en\/wp-json\/wp\/v2\/product"}],"about":[{"href":"https:\/\/hortodocampogrande.pt\/en\/wp-json\/wp\/v2\/types\/product"}],"wp:featuredmedia":[{"embeddable":true,"href":"https:\/\/hortodocampogrande.pt\/en\/wp-json\/wp\/v2\/media\/30333"}],"wp:attachment":[{"href":"https:\/\/hortodocampogrande.pt\/en\/wp-json\/wp\/v2\/media?parent=86644"}],"wp:term":[{"taxonomy":"product_brand","embeddable":true,"href":"https:\/\/hortodocampogrande.pt\/en\/wp-json\/wp\/v2\/product_brand?post=86644"},{"taxonomy":"product_cat","embeddable":true,"href":"https:\/\/hortodocampogrande.pt\/en\/wp-json\/wp\/v2\/product_cat?post=86644"},{"taxonomy":"product_tag","embeddable":true,"href":"https:\/\/hortodocampogrande.pt\/en\/wp-json\/wp\/v2\/product_tag?post=86644"}],"curies":[{"name":"wp","href":"https:\/\/api.w.org\/{rel}","templated":true}]}}