{"id":86676,"date":"2025-10-20T16:27:30","date_gmt":"2025-10-20T15:27:30","guid":{"rendered":"https:\/\/hortodocampogrande.pt\/produto\/uncategorized\/leyland-cypress-cupressus-leylandii-17-cm-pot\/"},"modified":"2026-03-20T09:07:58","modified_gmt":"2026-03-20T09:07:58","slug":"leyland-cypress-cupressus-leylandii-17-cm-pot","status":"publish","type":"product","link":"https:\/\/hortodocampogrande.pt\/en\/produto\/christmas-special\/leyland-cypress-cupressus-leylandii-17-cm-pot\/","title":{"rendered":"Leyland Cypress &#8211; Cupressus leylandii (17 cm pot)"},"content":{"rendered":"<p><em>Cupressus leylandii<\/em> is a hybrid resulting from a cross between <em>Cupressus macrocarpa<\/em> and <em>Chamaecyparis nootkatensis<\/em>. The result is this vigorous-growing cypress, resistant to disease and harsh weather conditions, and it also tolerates a wide range of soil types. It\u2019s a green-foliage plant that keeps its colour for almost the whole year and, thanks to its characteristics (namely fast growth and wind resistance), it\u2019s a very versatile conifer: it\u2019s used to create hedges\/living fences, and it\u2019s also an excellent option as a windbreak, to provide privacy, or to define areas in outdoor spaces. As it\u2019s elegant and beautiful, it can be planted on its own, but it\u2019s also commonly used to create living sculptures.<\/p>\n<p><strong>Scientific name<\/strong>: <em>Cupressus leylandii<\/em><br \/><strong>Common name<\/strong>: Leyland cypress<br \/><strong>Origin<\/strong>: A hybrid resulting from a cross between <em>Cupressus macrocarpa<\/em> and <em>Chamaecyparis nootkatensis<\/em><br \/><strong>Family<\/strong>: C<em>upressaceae<\/em><br \/><strong>Category<\/strong>: Outdoor plant<br \/><strong>Approx. height<\/strong>: 90 cm\u20131.20 m<br \/><strong>Pot diameter<\/strong>: 17 cm<\/p>\n<p><strong>CUIDADOS<\/strong><br \/><strong>Light<\/strong>: Needs full sun, but tolerates partial shade.<br \/><strong>Watering<\/strong>: Water regularly. It\u2019s not very tolerant of dry spells.<br \/><strong>Temperature<\/strong>: Likes temperate climates and withstands low temperatures (down to -24\u00b0C).<br \/><strong>Pruning<\/strong>: Doesn\u2019t need regular pruning, but you can trim and shape it to keep the size and form you want. During the growing season, it needs trimming two to three times.<br \/><strong>Soil<\/strong>: Adapts to a wide range of soil\/substrate types.<br \/><strong>Not pet friendly<\/strong>: May be toxic to pets. So it\u2019s best to keep it out of reach and supervise if you\u2019re unsure.<\/p>\n<p>WARNING! Fotografia representativa \u2013 a fotografia apresentada \u00e9 de um exemplar existente em stock no momento da coloca\u00e7\u00e3o do produto no cat\u00e1logo online, pelo que \u00e9 uma refer\u00eancia. A planta fornecida ser\u00e1 similar \u00e0 da foto sendo que, dependendo da fase do ciclo vegetativo em que se encontre, poder\u00e1 variar na forma, apar\u00eancia ou tamanho (ex: outra tonalidade de folha, com ou sem flor\/fruto, etc). A altura referida inclui o vaso pl\u00e1stico que se v\u00ea na fotografia.<\/p>\n","protected":false},"excerpt":{"rendered":"<p>Cupressus leylandii is a hybrid resulting from a cross between Cupressus macrocarpa and Chamaecyparis nootkatensis. The result is this vigorous-growing cypress, resistant to disease and harsh weather conditions, and it also tolerates a wide range of soil types. It\u2019s a green-foliage plant that keeps its colour for almost the whole year and, thanks to its [&hellip;]<\/p>\n","protected":false},"featured_media":85424,"template":"","meta":{"_acf_changed":false,"_seopress_robots_primary_cat":"","_seopress_titles_title":"","_seopress_titles_desc":"","_seopress_robots_index":""},"product_brand":[],"product_cat":[873,744,743],"product_tag":[],"class_list":{"0":"post-86676","1":"product","2":"type-product","3":"status-publish","4":"has-post-thumbnail","6":"product_cat-christmas-special","7":"product_cat-outdoor-plants","8":"product_cat-plants","10":"first","11":"instock","12":"taxable","13":"shipping-taxable","14":"purchasable","15":"product-type-simple"},"acf":[],"_links":{"self":[{"href":"https:\/\/hortodocampogrande.pt\/en\/wp-json\/wp\/v2\/product\/86676","targetHints":{"allow":["GET"]}}],"collection":[{"href":"https:\/\/hortodocampogrande.pt\/en\/wp-json\/wp\/v2\/product"}],"about":[{"href":"https:\/\/hortodocampogrande.pt\/en\/wp-json\/wp\/v2\/types\/product"}],"wp:featuredmedia":[{"embeddable":true,"href":"https:\/\/hortodocampogrande.pt\/en\/wp-json\/wp\/v2\/media\/85424"}],"wp:attachment":[{"href":"https:\/\/hortodocampogrande.pt\/en\/wp-json\/wp\/v2\/media?parent=86676"}],"wp:term":[{"taxonomy":"product_brand","embeddable":true,"href":"https:\/\/hortodocampogrande.pt\/en\/wp-json\/wp\/v2\/product_brand?post=86676"},{"taxonomy":"product_cat","embeddable":true,"href":"https:\/\/hortodocampogrande.pt\/en\/wp-json\/wp\/v2\/product_cat?post=86676"},{"taxonomy":"product_tag","embeddable":true,"href":"https:\/\/hortodocampogrande.pt\/en\/wp-json\/wp\/v2\/product_tag?post=86676"}],"curies":[{"name":"wp","href":"https:\/\/api.w.org\/{rel}","templated":true}]}}