{"id":86679,"date":"2025-10-13T17:28:41","date_gmt":"2025-10-13T16:28:41","guid":{"rendered":"https:\/\/hortodocampogrande.pt\/produto\/uncategorized\/sword-fern-nephrolepis-green-lady-19-cm-pot\/"},"modified":"2026-03-18T08:59:37","modified_gmt":"2026-03-18T08:59:37","slug":"sword-fern-nephrolepis-green-lady-19-cm-pot","status":"publish","type":"product","link":"https:\/\/hortodocampogrande.pt\/en\/produto\/plants\/indoor-plants\/sword-fern-nephrolepis-green-lady-19-cm-pot\/","title":{"rendered":"Sword Fern &#8211; Nephrolepis &#8216;Green Lady&#8217; (19 cm pot)"},"content":{"rendered":"<p>With long fronds, <em>Nephrolepis \u2018Green Lady\u2019<\/em> is perfect for hanging, placing on shelves, or using in macram\u00e9, creating a stunning green cascade effect. It belongs to the air-purifying plant collection and prefers very humid environments, adapting well to bathrooms or kitchens. It belongs to the club of air-purifying plants that regulate air humidity. Adapts to conditions of indirect, abundant light or shade.<\/p>\n<p><strong>Scientific name<\/strong>: <em>Nephrolepis \u2018Green Lady\u2019<\/em><br \/><strong>Common names<\/strong>: Sword Fern, Boston Fern<br \/><strong>Family<\/strong>: <em>Davalliaceae<\/em><br \/><strong>Origin:<\/strong> North America<br \/><strong>Climate<\/strong>: Tropical to subtropical<br \/><strong>Category<\/strong>: Indoor plant, ideal for hanging<br \/><strong>Approx. height<\/strong>: 35\u201345 cm<br \/><strong>Di\u00e2metro vaso<\/strong>: 19cm<\/p>\n<p><strong>CUIDADOS<\/strong><br \/><strong>Light<\/strong>: Adapts to different light conditions but prefers filtered light or partial shade (direct sun only in the early morning).<br \/><strong>Temperature<\/strong>: Prefers temperatures between 16 and 25\u00b0C<br \/><strong>Watering<\/strong>: Keep the soil moist and water around the pot, not directly onto the central crown, to prevent rot. Preferably water with a pH between 5.5 and 7. Even though the soil should always be slightly moist, watch out for waterlogging and standing water in saucers or decorative pots without drainage holes.<br \/><strong>Humidity<\/strong>: Thrives in high-humidity environments<br \/><strong>Fertilising<\/strong>: Regular fertilising isn\u2019t necessary, but we recommend feeding at least twice during spring\u2013summer.<\/p>\n<p>WARNING! Representative photograph \u2013 the image shown is of a specimen in stock at the time the product was added to the online catalog, and is therefore a reference. A planta fornecida ser\u00e1 similar \u00e0 da foto sendo que, dependendo da fase do ciclo vegetativo em que se encontre, poder\u00e1 variar na forma, apar\u00eancia ou tamanho (ex: outra tonalidade de folha, com ou sem flor\/fruto, etc). A altura referida inclui o vaso pl\u00e1stico que se v\u00ea na fotografia.<\/p>\n","protected":false},"excerpt":{"rendered":"<p>With long fronds, Nephrolepis \u2018Green Lady\u2019 is perfect for hanging, placing on shelves, or using in macram\u00e9, creating a stunning green cascade effect. It belongs to the air-purifying plant collection and prefers very humid environments, adapting well to bathrooms or kitchens. It belongs to the club of air-purifying plants that regulate air humidity. Adapts to [&hellip;]<\/p>\n","protected":false},"featured_media":29610,"template":"","meta":{"_acf_changed":false,"_seopress_robots_primary_cat":"","_seopress_titles_title":"","_seopress_titles_desc":"","_seopress_robots_index":""},"product_brand":[],"product_cat":[1411,743],"product_tag":[],"class_list":{"0":"post-86679","1":"product","2":"type-product","3":"status-publish","4":"has-post-thumbnail","6":"product_cat-indoor-plants","7":"product_cat-plants","9":"first","10":"instock","11":"taxable","12":"shipping-taxable","13":"purchasable","14":"product-type-simple"},"acf":[],"_links":{"self":[{"href":"https:\/\/hortodocampogrande.pt\/en\/wp-json\/wp\/v2\/product\/86679","targetHints":{"allow":["GET"]}}],"collection":[{"href":"https:\/\/hortodocampogrande.pt\/en\/wp-json\/wp\/v2\/product"}],"about":[{"href":"https:\/\/hortodocampogrande.pt\/en\/wp-json\/wp\/v2\/types\/product"}],"wp:featuredmedia":[{"embeddable":true,"href":"https:\/\/hortodocampogrande.pt\/en\/wp-json\/wp\/v2\/media\/29610"}],"wp:attachment":[{"href":"https:\/\/hortodocampogrande.pt\/en\/wp-json\/wp\/v2\/media?parent=86679"}],"wp:term":[{"taxonomy":"product_brand","embeddable":true,"href":"https:\/\/hortodocampogrande.pt\/en\/wp-json\/wp\/v2\/product_brand?post=86679"},{"taxonomy":"product_cat","embeddable":true,"href":"https:\/\/hortodocampogrande.pt\/en\/wp-json\/wp\/v2\/product_cat?post=86679"},{"taxonomy":"product_tag","embeddable":true,"href":"https:\/\/hortodocampogrande.pt\/en\/wp-json\/wp\/v2\/product_tag?post=86679"}],"curies":[{"name":"wp","href":"https:\/\/api.w.org\/{rel}","templated":true}]}}