{"id":86680,"date":"2025-10-14T18:30:20","date_gmt":"2025-10-14T17:30:20","guid":{"rendered":"https:\/\/hortodocampogrande.pt\/produto\/uncategorized\/red-currant-ribes-rubrum-16cm-pot\/"},"modified":"2026-04-21T09:33:28","modified_gmt":"2026-04-21T08:33:28","slug":"red-currant-ribes-rubrum-16cm-pot","status":"publish","type":"product","link":"https:\/\/hortodocampogrande.pt\/en\/produto\/outdoor-plants\/red-currant-ribes-rubrum-16cm-pot\/","title":{"rendered":"Red currant &#8211; Ribes rubrum (16cm pot)"},"content":{"rendered":"<p>Red currant is a deciduous shrub, usually reaching between 1 to 1.5m in height. The leaves are simple, with 3 to 5 serrated lobes and a spiral arrangement on the stems. In spring, hermaphrodite flowers appear in drooping clusters, followed by translucent bright red berries in clusters of about 3 to 10 fruits. An adult specimen can produce between 3 and 4 kg of fruit in summer.<\/p>\n<p><strong>Scientific name<\/strong>: Ribes rubrum<br \/><strong>Common names<\/strong>: Red currant<br \/><strong>Family<\/strong>: <em>Grossulariaceae<\/em><br \/><strong>Origin<\/strong>: Western Europe (France, Belgium, northern Spain, northern Italy)<br \/><strong>Category<\/strong>: Outdoor plant<br \/><strong>Approximate height<\/strong>: 60cm<br \/><strong>Pot diameter\/volume<\/strong>: 16cm (2Lt)<\/p>\n<p><strong>CUIDADOS<\/strong><br \/><strong>Light<\/strong>: Thrives in full sun or partial shade. More sun encourages sweeter and more abundant fruit.<br \/><strong>Temperature<\/strong>: Withstands temperatures down to \u201315 \u00b0C or even \u201330 \u00b0C in some varieties; ideal for cold climates with distinct winters. It is sensitive to late frosts during flowering.<br \/><strong>Watering<\/strong>: Red currants like moist but well-drained soil. Tolerates some drought, but in dry climates or intense summer heat, regular watering is recommended.<br \/><strong>Humidity<\/strong>: Prefers environments with good soil moisture. Avoid waterlogging, though the soil should remain slightly damp.<br \/><strong>Fertilisation<\/strong>: Apply moderate nitrogen in spring; phosphorus and potassium in winter or autumn, and organic matter regularly to keep the plant productive.<br \/><strong>Pruning<\/strong>: Prune annually in late winter to remove branches over three years old and encourage new fruiting shoots; light pruning in June\/July to thin out side branches and improve production.<br \/><strong>Life cycle<\/strong>: Perennial. In cold climates, it is deciduous and may behave as an annual, depending on the severity of the winter.<br \/><strong>Soil<\/strong>: Prefers deep substrates\/soils with a medium texture (sandy to sandy-loam), rich in organic matter, slightly acidic to neutral, and well-drained; can tolerate moderately calcareous soils.<br \/><strong>Not Pet Friendly<\/strong>: Some parts of the plant (mainly ripe fruit in large quantities) may cause discomfort if ingested by animals or humans due to their acidic taste and seeds, though they are rarely toxic.<\/p>\n<p><strong>Curiosity<\/strong>: Red currants are valued in cooking for jams, jellies, syrups, and traditional sweets in Northern European countries, due to their high vitamin C and polyphenol content.<\/p>\n<p>WARNING! Representative photo \u2013 the image shown is of a stock item at the time of cataloging and serves as a reference. A planta fornecida ser\u00e1 similar \u00e0 da foto sendo que, dependendo da fase do ciclo vegetativo em que se encontre, poder\u00e1 variar na forma, apar\u00eancia ou tamanho (ex: outra tonalidade de folha, com ou sem flor\/fruto, etc). A altura referida inclui o vaso pl\u00e1stico que se v\u00ea na fotografia.<\/p>\n","protected":false},"excerpt":{"rendered":"<p>Red currant is a deciduous shrub, usually reaching between 1 to 1.5m in height. The leaves are simple, with 3 to 5 serrated lobes and a spiral arrangement on the stems. In spring, hermaphrodite flowers appear in drooping clusters, followed by translucent bright red berries in clusters of about 3 to 10 fruits. An adult [&hellip;]<\/p>\n","protected":false},"featured_media":87959,"template":"","meta":{"_acf_changed":false,"_seopress_robots_primary_cat":"","_seopress_titles_title":"","_seopress_titles_desc":"","_seopress_robots_index":""},"product_brand":[],"product_cat":[744,743],"product_tag":[],"class_list":{"0":"post-86680","1":"product","2":"type-product","3":"status-publish","4":"has-post-thumbnail","6":"product_cat-outdoor-plants","7":"product_cat-plants","9":"first","10":"instock","11":"taxable","12":"shipping-taxable","13":"purchasable","14":"product-type-simple"},"acf":[],"_links":{"self":[{"href":"https:\/\/hortodocampogrande.pt\/en\/wp-json\/wp\/v2\/product\/86680","targetHints":{"allow":["GET"]}}],"collection":[{"href":"https:\/\/hortodocampogrande.pt\/en\/wp-json\/wp\/v2\/product"}],"about":[{"href":"https:\/\/hortodocampogrande.pt\/en\/wp-json\/wp\/v2\/types\/product"}],"wp:featuredmedia":[{"embeddable":true,"href":"https:\/\/hortodocampogrande.pt\/en\/wp-json\/wp\/v2\/media\/87959"}],"wp:attachment":[{"href":"https:\/\/hortodocampogrande.pt\/en\/wp-json\/wp\/v2\/media?parent=86680"}],"wp:term":[{"taxonomy":"product_brand","embeddable":true,"href":"https:\/\/hortodocampogrande.pt\/en\/wp-json\/wp\/v2\/product_brand?post=86680"},{"taxonomy":"product_cat","embeddable":true,"href":"https:\/\/hortodocampogrande.pt\/en\/wp-json\/wp\/v2\/product_cat?post=86680"},{"taxonomy":"product_tag","embeddable":true,"href":"https:\/\/hortodocampogrande.pt\/en\/wp-json\/wp\/v2\/product_tag?post=86680"}],"curies":[{"name":"wp","href":"https:\/\/api.w.org\/{rel}","templated":true}]}}