{"id":86681,"date":"2025-10-07T16:42:04","date_gmt":"2025-10-07T15:42:04","guid":{"rendered":"https:\/\/hortodocampogrande.pt\/produto\/uncategorized\/ficus-tineke-ficus-elastica-tineke-14-cm-pot\/"},"modified":"2026-04-20T14:09:17","modified_gmt":"2026-04-20T13:09:17","slug":"ficus-tineke-ficus-elastica-tineke-14-cm-pot","status":"publish","type":"product","link":"https:\/\/hortodocampogrande.pt\/en\/produto\/plants\/indoor-plants\/ficus-tineke-ficus-elastica-tineke-14-cm-pot\/","title":{"rendered":"Ficus Tineke &#8211; Ficus elastica &#8216;Tineke&#8217; (14 cm pot)"},"content":{"rendered":"<p>The <em>Ficus elastica &#8216;Tineke&#8217;<\/em> is a timeless plant and, with these lighter tones, looks even more exotic than its &#8220;partner&#8221; <em>Ficus elastica &#8216;Robusta&#8217;<\/em> (whose leaves are dark green). This variegated Ficus is an excellent addition to the urban jungle trend. The color combination of its leaves, ranging from dark green to lighter or warmer tones like beige\/white\/yellow\/pink, creates vibrant visuals, making it a great choice for decorating indoor spaces and adding a touch of extra sophistication. It&#8217;s easy to care for and will add that unique tropical touch to your interior decor.&nbsp; Regularly cleaning the leaves is recommended to remove dust buildup and keep the plant healthy.<\/p>\n<p><strong>Scientific name<\/strong>: <em>Ficus elastica \u2018Tineke\u2019<\/em><br \/><strong>Common names<\/strong>: Ficus Tineke, Rubber Plant, Rubber Tree<br \/><strong>Family<\/strong>: <em>Moraceae<\/em><br \/><strong>Origin:<\/strong> South East Asia<br \/><strong>Climate:<\/strong> Tropical<br \/><strong>Category<\/strong>: Indoor plant<br \/><strong>Approximate height<\/strong>: 50cm<br \/><strong>Pot diameter<\/strong>: 14cm<\/p>\n<p><strong>CUIDADOS<\/strong><br \/><strong>Light<\/strong>: Bright indirect\/filtered light, no direct sun.<br \/><strong>Watering<\/strong>: Let the soil dry out between waterings. <br \/><strong>Temperature<\/strong>: Ideal 15-24 \u00baC.<br \/><strong>Fertilization<\/strong>: Fertilize every two months during Spring and Summer using a liquid fertilizer. Follow the manufacturer&#8217;s instructions to ensure the correct dosage and provide the necessary nutrients for healthy growth.<br \/><strong>Not pet-friendly<\/strong>: Toxic to pets.<\/p>\n<p><strong>Fun facts<\/strong>: Besides being a stunning decorative indoor plant, the <em>Ficus elastica &#8216;Tineke&#8217;<\/em> is also known for helping to purify the air, removing toxins and improving indoor air quality.<\/p>\n<p>WARNING! Fotografia representativa \u2013 a fotografia apresentada \u00e9 de um exemplar existente em stock no momento da coloca\u00e7\u00e3o do produto no cat\u00e1logo online, pelo que \u00e9 uma refer\u00eancia. A planta fornecida ser\u00e1 similar \u00e0 da foto sendo que, dependendo da fase do ciclo vegetativo em que se encontre, poder\u00e1 variar na forma, apar\u00eancia ou tamanho (ex: outra tonalidade de folha, com ou sem flor\/fruto, etc). A altura referida inclui o vaso pl\u00e1stico que se v\u00ea na fotografia.<\/p>\n","protected":false},"excerpt":{"rendered":"<p>The Ficus elastica &#8216;Tineke&#8217; is a timeless plant and, with these lighter tones, looks even more exotic than its &#8220;partner&#8221; Ficus elastica &#8216;Robusta&#8217; (whose leaves are dark green). This variegated Ficus is an excellent addition to the urban jungle trend. The color combination of its leaves, ranging from dark green to lighter or warmer tones [&hellip;]<\/p>\n","protected":false},"featured_media":29488,"template":"","meta":{"_acf_changed":false,"_seopress_robots_primary_cat":"","_seopress_titles_title":"","_seopress_titles_desc":"","_seopress_robots_index":""},"product_brand":[],"product_cat":[1411,743],"product_tag":[],"class_list":{"0":"post-86681","1":"product","2":"type-product","3":"status-publish","4":"has-post-thumbnail","6":"product_cat-indoor-plants","7":"product_cat-plants","9":"first","10":"instock","11":"taxable","12":"shipping-taxable","13":"purchasable","14":"product-type-simple"},"acf":[],"_links":{"self":[{"href":"https:\/\/hortodocampogrande.pt\/en\/wp-json\/wp\/v2\/product\/86681","targetHints":{"allow":["GET"]}}],"collection":[{"href":"https:\/\/hortodocampogrande.pt\/en\/wp-json\/wp\/v2\/product"}],"about":[{"href":"https:\/\/hortodocampogrande.pt\/en\/wp-json\/wp\/v2\/types\/product"}],"wp:featuredmedia":[{"embeddable":true,"href":"https:\/\/hortodocampogrande.pt\/en\/wp-json\/wp\/v2\/media\/29488"}],"wp:attachment":[{"href":"https:\/\/hortodocampogrande.pt\/en\/wp-json\/wp\/v2\/media?parent=86681"}],"wp:term":[{"taxonomy":"product_brand","embeddable":true,"href":"https:\/\/hortodocampogrande.pt\/en\/wp-json\/wp\/v2\/product_brand?post=86681"},{"taxonomy":"product_cat","embeddable":true,"href":"https:\/\/hortodocampogrande.pt\/en\/wp-json\/wp\/v2\/product_cat?post=86681"},{"taxonomy":"product_tag","embeddable":true,"href":"https:\/\/hortodocampogrande.pt\/en\/wp-json\/wp\/v2\/product_tag?post=86681"}],"curies":[{"name":"wp","href":"https:\/\/api.w.org\/{rel}","templated":true}]}}