
{"id":86684,"date":"2025-10-02T16:50:07","date_gmt":"2025-10-02T15:50:07","guid":{"rendered":"https:\/\/hortodocampogrande.pt\/produto\/uncategorized\/metrosidero-metrosideros-excelsa-19-cm-pot\/"},"modified":"2026-04-17T15:45:47","modified_gmt":"2026-04-17T14:45:47","slug":"metrosidero-metrosideros-excelsa-19-cm-pot","status":"publish","type":"product","link":"https:\/\/hortodocampogrande.pt\/en\/produto\/outdoor-plants\/metrosidero-metrosideros-excelsa-19-cm-pot\/","title":{"rendered":"Metrosidero &#8211; Metrosideros excelsa (19 cm pot)"},"content":{"rendered":"<p>Although it\u2019s more commonly found as a shrub in mainland Portugal, Metrosidero is a large evergreen tree with a very interesting colour\u2014grey-green\u2014that can reach up to 20 m in nature, under ideal conditions. It\u2019s extremely resistant to wind, poor soils, and salinity, which is why it\u2019s so popular here. A great choice if you don\u2019t have the time or experience to care for plants, but you have a garden, balcony, or terrace and want plants well adapted to our climate that use little water. But this plant\u2019s versatility doesn\u2019t end there: it makes excellent hedges, as it tolerates frequent pruning, blocks wind\/visibility, and is fantastic for dividing spaces\u2014even in harsh conditions. When you think a plot is too difficult and no plant will adapt, try a Metrosidero. In general, it tolerates all soil types well, including heavier clay soils, stony or saline soils, as well as windy and very hot locations. It also flowers in the summer months, attracting various pollinating insects to the garden. It doesn\u2019t get any better than this!<\/p>\n<p><strong>Scientific name<\/strong>: <em>Metrosideros excelsa<\/em><br \/><strong>Common names<\/strong>: Metrosidero, Fire Tree, Metross\u00eddero<br \/><strong>Family<\/strong>: <em>Myrtaceae<\/em><br \/><strong>Origin<\/strong>: Southern Hemisphere (New Zealand)<br \/><strong>Climate<\/strong>: Temperate<br \/><strong>Category<\/strong>: Outdoor plants<br \/><strong>Approx. height<\/strong>: 40\u201350 cm<br \/><strong>Di\u00e2metro vaso<\/strong>: 19cm<\/p>\n<p><strong>CUIDADOS<\/strong><br \/><strong>Light<\/strong>: Full\/direct sun. It doesn\u2019t tolerate shady spots well.<br \/><strong>Watering<\/strong>: Regular in the first year, then more spaced out. In a pot, it will need more frequent watering. Watch out for waterlogging and standing water in saucers or decorative pots without drainage holes.<br \/><strong>Soil<\/strong>: Tolerant of all soil types.<br \/><strong>Pruning<\/strong>: One to two cuts per year. If needed, it also tolerates hard pruning, as it regenerates easily. Regular pruning can compromise flowering.<br \/><strong>Not Pet Friendly<\/strong>: All parts of this plant are toxic if ingested by dogs, with the seeds being the most toxic.<\/p>\n<p><strong>Fun fact<\/strong>: Native to New Zealand, they\u2019re abundant along the coast and are known as \u201cPohutukawa\u201d, which in the indigenous M\u0101ori language means \u201csprinkled by sea spray\u201d. A direct link to its resistance to sea breezes.<\/p>\n<p>WARNING! Fotografia representativa \u2013 a fotografia apresentada \u00e9 de um exemplar existente em stock no momento da coloca\u00e7\u00e3o do produto no cat\u00e1logo online, pelo que \u00e9 uma refer\u00eancia. The plant supplied will be similar to the photo but, depending on the stage of its growth cycle, it may vary in shape, appearance, or size (e.g. different leaf tone, with or without flower\/fruit, etc.). A altura referida inclui o vaso pl\u00e1stico que se v\u00ea na fotografia.<\/p>\n","protected":false},"excerpt":{"rendered":"<p>Although it\u2019s more commonly found as a shrub in mainland Portugal, Metrosidero is a large evergreen tree with a very interesting colour\u2014grey-green\u2014that can reach up to 20 m in nature, under ideal conditions. It\u2019s extremely resistant to wind, poor soils, and salinity, which is why it\u2019s so popular here. A great choice if you don\u2019t [&hellip;]<\/p>\n","protected":false},"featured_media":85547,"template":"","meta":{"_acf_changed":false,"_seopress_robots_primary_cat":"","_seopress_titles_title":"","_seopress_titles_desc":"","_seopress_robots_index":""},"product_brand":[],"product_cat":[744,743],"product_tag":[],"class_list":{"0":"post-86684","1":"product","2":"type-product","3":"status-publish","4":"has-post-thumbnail","6":"product_cat-outdoor-plants","7":"product_cat-plants","9":"first","10":"instock","11":"taxable","12":"shipping-taxable","13":"purchasable","14":"product-type-simple"},"acf":[],"_links":{"self":[{"href":"https:\/\/hortodocampogrande.pt\/en\/wp-json\/wp\/v2\/product\/86684","targetHints":{"allow":["GET"]}}],"collection":[{"href":"https:\/\/hortodocampogrande.pt\/en\/wp-json\/wp\/v2\/product"}],"about":[{"href":"https:\/\/hortodocampogrande.pt\/en\/wp-json\/wp\/v2\/types\/product"}],"wp:featuredmedia":[{"embeddable":true,"href":"https:\/\/hortodocampogrande.pt\/en\/wp-json\/wp\/v2\/media\/85547"}],"wp:attachment":[{"href":"https:\/\/hortodocampogrande.pt\/en\/wp-json\/wp\/v2\/media?parent=86684"}],"wp:term":[{"taxonomy":"product_brand","embeddable":true,"href":"https:\/\/hortodocampogrande.pt\/en\/wp-json\/wp\/v2\/product_brand?post=86684"},{"taxonomy":"product_cat","embeddable":true,"href":"https:\/\/hortodocampogrande.pt\/en\/wp-json\/wp\/v2\/product_cat?post=86684"},{"taxonomy":"product_tag","embeddable":true,"href":"https:\/\/hortodocampogrande.pt\/en\/wp-json\/wp\/v2\/product_tag?post=86684"}],"curies":[{"name":"wp","href":"https:\/\/api.w.org\/{rel}","templated":true}]}}