
{"id":86685,"date":"2025-10-06T16:34:48","date_gmt":"2025-10-06T15:34:48","guid":{"rendered":"https:\/\/hortodocampogrande.pt\/produto\/uncategorized\/golden-pothos-scindapsus-aureus-12cm-pot\/"},"modified":"2026-04-24T08:39:03","modified_gmt":"2026-04-24T07:39:03","slug":"golden-pothos-scindapsus-aureus-12cm-pot","status":"publish","type":"product","link":"https:\/\/hortodocampogrande.pt\/en\/produto\/plants\/indoor-plants\/golden-pothos-scindapsus-aureus-12cm-pot\/","title":{"rendered":"Golden Pothos &#8211; Scindapsus aureus (12cm pot)"},"content":{"rendered":"<p>With broad green leaves streaked with beige or light green, <em>Scindapsus <\/em>is a must-have for plant beginners. It&#8217;s incredibly easy to care for, grows relatively fast, and is one of the most iconic plants of the Urban Jungle trend! Highly ornamental with dense, lush, and glossy foliage, it&#8217;s almost impossible not to drape its vines around mirrors or wall art, wrap them around decor and stair railings, or find creative ways to pin the leafy stems to walls for a greener, more soulful space. You can also place this plant on high shelves or furniture, creating elegant decorative effects perfectly aligned with the Urban Jungle trend. You can also add a moss pole (coco coir) to the pot and train the vines up it, creating a dense column of foliage and guiding vertical growth. Plus, it&#8217;s an air-purifying plant that helps remove toxins from the surrounding air, making it a perfect choice for offices or bedrooms.<\/p>\n<p><strong>Scientific name<\/strong>: <em>Scindapsus aureus<\/em> or <em>Epipremnum aureum<\/em><br \/><strong>Common names<\/strong>: Golden Pothos, Devil&#8217;s Ivy, Pothos<br \/><strong>Family<\/strong>: <em>Araceae<\/em><br \/><strong>Origin<\/strong>: Solomon Islands and Southeast Asia<br \/><strong>Climate<\/strong>: Equatorial, Tropical<br \/><strong>Category<\/strong>: Indoor plant <br \/><strong>Approximate height<\/strong>: 20-25cm<br \/><strong>Pot diameter<\/strong>: 12cm<\/p>\n<p><strong>CUIDADOS<\/strong><br \/><strong>Light<\/strong>: Prefers bright, indirect\/filtered light but also tolerates shadier spots. Does not tolerate full\/direct sun.<br \/><strong>Temperature<\/strong>: Likes mild temperatures between 10-25\u00baC and some relative humidity (don&#8217;t place this plant near heating or cooling systems as they dry out the air and lower humidity!).<br \/><strong>Watering<\/strong>: Moderate &#8211; let the soil dry out between waterings to avoid waterlogging. It&#8217;s a plant that tolerates short periods of drought. When in doubt, wait and water a few days later. In winter, it&#8217;s important to water less often (this applies to most plants!). Soft, yellow leaves or moldy soil can be a sign of overwatering!<br \/><strong>Soil<\/strong>: Should be grown in airy substrates that ensure good drainage.<br \/><strong>Fertilization<\/strong>: Once a month during spring and summer, using a fertilizer suitable for green plants.<br \/><strong>Pruning<\/strong>: Only to control growth and remove damaged leaves or dry stems.<br \/><strong>Not Pet Friendly<\/strong>: Considered toxic to pets.<\/p>\n<p>WARNING! Representative photograph &#8211; the image shown is of a specimen in stock at the time the product was added to the online catalog, so it is a reference. A planta fornecida ser\u00e1 similar \u00e0 da foto sendo que, dependendo da fase do ciclo vegetativo em que se encontre, poder\u00e1 variar na forma, apar\u00eancia ou tamanho (ex: outra tonalidade de folha, com ou sem flor\/fruto, etc). A altura referida inclui o vaso pl\u00e1stico que se v\u00ea na fotografia.<\/p>\n","protected":false},"excerpt":{"rendered":"<p>With broad green leaves streaked with beige or light green, Scindapsus is a must-have for plant beginners. It&#8217;s incredibly easy to care for, grows relatively fast, and is one of the most iconic plants of the Urban Jungle trend! Highly ornamental with dense, lush, and glossy foliage, it&#8217;s almost impossible not to drape its vines [&hellip;]<\/p>\n","protected":false},"featured_media":31767,"template":"","meta":{"_acf_changed":false,"_seopress_robots_primary_cat":"none","_seopress_titles_title":"","_seopress_titles_desc":"","_seopress_robots_index":""},"product_brand":[],"product_cat":[1411,743],"product_tag":[],"class_list":{"0":"post-86685","1":"product","2":"type-product","3":"status-publish","4":"has-post-thumbnail","6":"product_cat-indoor-plants","7":"product_cat-plants","9":"first","10":"instock","11":"taxable","12":"shipping-taxable","13":"purchasable","14":"product-type-simple"},"acf":[],"_links":{"self":[{"href":"https:\/\/hortodocampogrande.pt\/en\/wp-json\/wp\/v2\/product\/86685","targetHints":{"allow":["GET"]}}],"collection":[{"href":"https:\/\/hortodocampogrande.pt\/en\/wp-json\/wp\/v2\/product"}],"about":[{"href":"https:\/\/hortodocampogrande.pt\/en\/wp-json\/wp\/v2\/types\/product"}],"wp:featuredmedia":[{"embeddable":true,"href":"https:\/\/hortodocampogrande.pt\/en\/wp-json\/wp\/v2\/media\/31767"}],"wp:attachment":[{"href":"https:\/\/hortodocampogrande.pt\/en\/wp-json\/wp\/v2\/media?parent=86685"}],"wp:term":[{"taxonomy":"product_brand","embeddable":true,"href":"https:\/\/hortodocampogrande.pt\/en\/wp-json\/wp\/v2\/product_brand?post=86685"},{"taxonomy":"product_cat","embeddable":true,"href":"https:\/\/hortodocampogrande.pt\/en\/wp-json\/wp\/v2\/product_cat?post=86685"},{"taxonomy":"product_tag","embeddable":true,"href":"https:\/\/hortodocampogrande.pt\/en\/wp-json\/wp\/v2\/product_tag?post=86685"}],"curies":[{"name":"wp","href":"https:\/\/api.w.org\/{rel}","templated":true}]}}