{"id":86686,"date":"2025-10-02T15:55:23","date_gmt":"2025-10-02T14:55:23","guid":{"rendered":"https:\/\/hortodocampogrande.pt\/produto\/uncategorized\/sago-palm-cycas-revoluta-17cm-pot\/"},"modified":"2026-04-22T12:45:58","modified_gmt":"2026-04-22T11:45:58","slug":"sago-palm-cycas-revoluta-17cm-pot","status":"publish","type":"product","link":"https:\/\/hortodocampogrande.pt\/en\/produto\/outdoor-plants\/sago-palm-cycas-revoluta-17cm-pot\/","title":{"rendered":"Sago Palm &#8211; Cycas revoluta (17cm pot)"},"content":{"rendered":"<p>The Sago Palm is an elegant plant with a tropical, exotic appearance as it is native to the Asian continent. Very hardy, it likes mild temperatures but tolerates both heat and cold well. In low-light and\/or poorly ventilated locations, it will be susceptible to pests (e.g. scale insects). It has a thick, columnar trunk covered with long, rigid leaves of a yellowish-green color. Although it grows slowly, it will develop a wide crown, so when planting it, you should consider the space it will need as it grows. It can be grown directly in the garden as a standalone plant, in groups, or in a pot. The <em>Cycas revoluta<\/em> propagates by separating new shoots formed around the mother plant. <\/p>\n<p><strong>Scientific name<\/strong>: <em>Cycas revoluta<\/em><br \/><strong>Common names<\/strong>: Sago Palm, King Sago, False Palm, Sago<br \/><strong>Family<\/strong>: <em>Cicadaceae<\/em><br \/><strong>Origin<\/strong>: Asia (Japan, China)<br \/><strong>Climate<\/strong>: Equatorial, Oceanic, Subtropical, Tropical<br \/><strong>Category<\/strong>: Outdoor plants<br \/><strong>Approximate height<\/strong>: 50cm<br \/><strong>Pot diameter<\/strong>: 17 cm<\/p>\n<p><strong>CUIDADOS<\/strong><br \/><strong>Light<\/strong>: Full sun or partial shade (direct sun only during part of the day). Although it appreciates plenty of sunlight and is a robust plant, avoid placing it in locations where it is exposed to full\/direct sun during the hottest hours of the warmest months (especially if in a pot).<br \/><strong>Watering<\/strong>: Regular &#8211; allow the soil to dry slightly between waterings. Maintaining some moisture is beneficial. Do not waterlog.<br \/><strong>Humidity<\/strong>: Given its origin, it appreciates areas with higher humidity levels.<br \/><strong>Soil<\/strong>: The soil to use should be for outdoor plants, enriched with organic compost and sand, a light and permeable mix.<br \/><strong>Pruning<\/strong>: Remove dry leaves to keep the plant beautiful and healthy.<br \/><strong>Not Pet Friendly<\/strong>: All parts of this plant are toxic if ingested by dogs, with the seeds being the most toxic.<\/p>\n<p>WARNING! Fotografia representativa \u2013 a fotografia apresentada \u00e9 de um exemplar existente em stock no momento da coloca\u00e7\u00e3o do produto no cat\u00e1logo online, pelo que \u00e9 uma refer\u00eancia. The plant supplied will be similar to the photo but, depending on the stage of its growth cycle, it may vary in shape, appearance, or size (e.g. different leaf tone, with or without flower\/fruit, etc.). A altura referida inclui o vaso pl\u00e1stico que se v\u00ea na fotografia.<\/p>\n","protected":false},"excerpt":{"rendered":"<p>The Sago Palm is an elegant plant with a tropical, exotic appearance as it is native to the Asian continent. Very hardy, it likes mild temperatures but tolerates both heat and cold well. In low-light and\/or poorly ventilated locations, it will be susceptible to pests (e.g. scale insects). It has a thick, columnar trunk covered [&hellip;]<\/p>\n","protected":false},"featured_media":87812,"template":"","meta":{"_acf_changed":false,"_seopress_robots_primary_cat":"","_seopress_titles_title":"","_seopress_titles_desc":"","_seopress_robots_index":""},"product_brand":[],"product_cat":[744,743],"product_tag":[],"class_list":{"0":"post-86686","1":"product","2":"type-product","3":"status-publish","4":"has-post-thumbnail","6":"product_cat-outdoor-plants","7":"product_cat-plants","9":"first","10":"instock","11":"taxable","12":"shipping-taxable","13":"purchasable","14":"product-type-simple"},"acf":[],"_links":{"self":[{"href":"https:\/\/hortodocampogrande.pt\/en\/wp-json\/wp\/v2\/product\/86686","targetHints":{"allow":["GET"]}}],"collection":[{"href":"https:\/\/hortodocampogrande.pt\/en\/wp-json\/wp\/v2\/product"}],"about":[{"href":"https:\/\/hortodocampogrande.pt\/en\/wp-json\/wp\/v2\/types\/product"}],"wp:featuredmedia":[{"embeddable":true,"href":"https:\/\/hortodocampogrande.pt\/en\/wp-json\/wp\/v2\/media\/87812"}],"wp:attachment":[{"href":"https:\/\/hortodocampogrande.pt\/en\/wp-json\/wp\/v2\/media?parent=86686"}],"wp:term":[{"taxonomy":"product_brand","embeddable":true,"href":"https:\/\/hortodocampogrande.pt\/en\/wp-json\/wp\/v2\/product_brand?post=86686"},{"taxonomy":"product_cat","embeddable":true,"href":"https:\/\/hortodocampogrande.pt\/en\/wp-json\/wp\/v2\/product_cat?post=86686"},{"taxonomy":"product_tag","embeddable":true,"href":"https:\/\/hortodocampogrande.pt\/en\/wp-json\/wp\/v2\/product_tag?post=86686"}],"curies":[{"name":"wp","href":"https:\/\/api.w.org\/{rel}","templated":true}]}}