{"id":86687,"date":"2025-10-06T15:53:32","date_gmt":"2025-10-06T14:53:32","guid":{"rendered":"https:\/\/hortodocampogrande.pt\/produto\/uncategorized\/rabbits-foot-fern-davallia-tyermanni-17-cm-pot\/"},"modified":"2026-03-18T08:59:20","modified_gmt":"2026-03-18T08:59:20","slug":"rabbits-foot-fern-davallia-tyermanni-17-cm-pot","status":"publish","type":"product","link":"https:\/\/hortodocampogrande.pt\/en\/produto\/plants\/indoor-plants\/rabbits-foot-fern-davallia-tyermanni-17-cm-pot\/","title":{"rendered":"Rabbit\u2019s Foot Fern &#8211; Davallia tyermanni (17 cm pot)"},"content":{"rendered":"<p>The<em> D<\/em>a<em>vallia tyermannii<\/em> is, without a doubt, one of the most original and unexpected-looking plants. It\u2019s actually an epiphytic fern (meaning that in its natural habitat it grows supported on other plants, trees, or rocks). Its creeping rhizome grows along the surface (spilling out of pots and staying visible, as you can see in the photo) and is covered in scales and white or cream-coloured hairs. These silky aerial roots are soft to the touch and give the plant its common name, &#8220;Rabbit\u2019s Foot Fern&#8221;. It\u2019s also these roots that give this fern its absolutely unusual look. And besides its looks, it\u2019s non-toxic to pets. But that\u2019s not all: if you\u2019re superstitious and you\u2019ve got Rue, a Snake Plant, a ZZ Plant, a Protective Eye, or a Horseshoe at your front door&#8230; then add a <em>Davallia tyermannii<\/em> to your collection of good-luck charms too. Better safe than sorry\u2014and this plant is strongly associated with good luck in Feng Shui.<\/p>\n<p><strong>Scientific name<\/strong>: <em>Davallia tyermanni<\/em><br \/><strong>Common names<\/strong>: Rabbit\u2019s Foot Fern, Portuguese Lace Fern, White Rabbit\u2019s Foot Fern, White Hare&#8217;s Foot Fern<br \/><strong>Family<\/strong>: <em>Davalliaceae<\/em><br \/><strong>Origin<\/strong>: South and Southeast China<br \/><strong>Category<\/strong>: Indoor plant<br \/><strong>Altura aproximada<\/strong>: 30cm<br \/><strong>Pot diameter<\/strong>: 17 cm<\/p>\n<p><strong>CUIDADOS<\/strong><br \/><strong>Light<\/strong>: Bright, indirect moderate light or partial shade (direct sun only in the early morning)<br \/><strong>Temperature<\/strong>: Prefers humid environments; adapts well to bathrooms or kitchens; ideal temperature 16\u201324\u00baC. Avoid cold drafts.<br \/><strong>Watering<\/strong>: Keep the soil slightly moist (top layer) between waterings. But watch out for waterlogging. Too much water rots the roots and rhizomes. Always remove standing water from saucers and avoid soaking the aerial roots too much. You should also water with room-temperature water and, ideally, use non-limescale tap water, such as rainwater or demineralised water. Or leave tap water out for 72 hr so the components that can affect the plant (chlorine, etc.) evaporate, and then you can use it for watering.<br \/><strong>Humidity<\/strong>: As a fern, it will thrive in an environment with higher relative humidity. Misting the foliage and rhizomes with room-temperature water can help improve humidity levels indoors.<br \/><strong>Fertilising<\/strong>: Encourage growth during its growing phase, typically spring\u2013summer, with fertilisers suitable for green plants, following the instructions on the product label.<br \/><strong>Pruning<\/strong>: To encourage growth, you can prune regularly, although there\u2019s no need to prune the foliage. Only remove dry fronds with clean, sharp pruning scissors.<br \/><strong>Life cycle<\/strong>: Perennial.<br \/><strong>Pet Friendly<\/strong>: A pet-safe plant.<\/p>\n<p><strong>Fun fact<\/strong>: <em>Davallia<\/em> was named in honour of Swiss botanist Edmond Davall (1763\u20131798), known for his research on ferns. The species epithet, <em>tyermannii<\/em>, honours the collector who introduced this fern into horticulture.<\/p>\n<p>WARNING! Fotografia representativa \u2013 a fotografia apresentada \u00e9 de um exemplar existente em stock no momento da coloca\u00e7\u00e3o do produto no cat\u00e1logo online, pelo que \u00e9 uma refer\u00eancia. A planta fornecida ser\u00e1 similar \u00e0 da foto sendo que, dependendo da fase do ciclo vegetativo em que se encontre, poder\u00e1 variar na forma, apar\u00eancia ou tamanho (ex: outra tonalidade de folha, com ou sem flor\/fruto, etc). A altura referida inclui o vaso pl\u00e1stico que se v\u00ea na fotografia.<\/p>\n","protected":false},"excerpt":{"rendered":"<p>The Davallia tyermannii is, without a doubt, one of the most original and unexpected-looking plants. It\u2019s actually an epiphytic fern (meaning that in its natural habitat it grows supported on other plants, trees, or rocks). Its creeping rhizome grows along the surface (spilling out of pots and staying visible, as you can see in the [&hellip;]<\/p>\n","protected":false},"featured_media":29453,"template":"","meta":{"_acf_changed":false,"_seopress_robots_primary_cat":"","_seopress_titles_title":"","_seopress_titles_desc":"","_seopress_robots_index":""},"product_brand":[],"product_cat":[1411,743],"product_tag":[],"class_list":{"0":"post-86687","1":"product","2":"type-product","3":"status-publish","4":"has-post-thumbnail","6":"product_cat-indoor-plants","7":"product_cat-plants","9":"first","10":"instock","11":"taxable","12":"shipping-taxable","13":"purchasable","14":"product-type-simple"},"acf":[],"_links":{"self":[{"href":"https:\/\/hortodocampogrande.pt\/en\/wp-json\/wp\/v2\/product\/86687","targetHints":{"allow":["GET"]}}],"collection":[{"href":"https:\/\/hortodocampogrande.pt\/en\/wp-json\/wp\/v2\/product"}],"about":[{"href":"https:\/\/hortodocampogrande.pt\/en\/wp-json\/wp\/v2\/types\/product"}],"wp:featuredmedia":[{"embeddable":true,"href":"https:\/\/hortodocampogrande.pt\/en\/wp-json\/wp\/v2\/media\/29453"}],"wp:attachment":[{"href":"https:\/\/hortodocampogrande.pt\/en\/wp-json\/wp\/v2\/media?parent=86687"}],"wp:term":[{"taxonomy":"product_brand","embeddable":true,"href":"https:\/\/hortodocampogrande.pt\/en\/wp-json\/wp\/v2\/product_brand?post=86687"},{"taxonomy":"product_cat","embeddable":true,"href":"https:\/\/hortodocampogrande.pt\/en\/wp-json\/wp\/v2\/product_cat?post=86687"},{"taxonomy":"product_tag","embeddable":true,"href":"https:\/\/hortodocampogrande.pt\/en\/wp-json\/wp\/v2\/product_tag?post=86687"}],"curies":[{"name":"wp","href":"https:\/\/api.w.org\/{rel}","templated":true}]}}