{"id":86689,"date":"2025-10-06T15:18:48","date_gmt":"2025-10-06T14:18:48","guid":{"rendered":"https:\/\/hortodocampogrande.pt\/produto\/uncategorized\/anthurium-anthurium-andraeanum-17cm-pot\/"},"modified":"2026-04-10T15:19:59","modified_gmt":"2026-04-10T14:19:59","slug":"anthurium-anthurium-andraeanum-17cm-pot","status":"publish","type":"product","link":"https:\/\/hortodocampogrande.pt\/en\/produto\/plants\/indoor-plants\/anthurium-anthurium-andraeanum-17cm-pot\/","title":{"rendered":"Anthurium &#8211; Anthurium andraeanum (17cm pot)"},"content":{"rendered":"<p>The Anthurium is a perennial herbaceous plant, prized for its showy inflorescences and lush foliage. The leaves are large, glossy, waxy and heart-shaped. The inflorescence consists of a colorful spathe (usually red, pink or white) and a central spadix, where the small flowers are located. It&#8217;s a plant that blooms year-round, especially in suitable conditions of abundant indirect light and humidity.<\/p>\n<p>Scientific name: <em>Anthurium andraeanum<\/em><br \/><strong>Common names<\/strong>: Anthurium, Flamingo Lily, Flamingo Flower<br \/><strong>Family<\/strong>: <em>Araceae<\/em><br \/><strong>Origin<\/strong>: South America (Colombia and Ecuador)<br \/><strong>Climate<\/strong>: Tropical, subtropical<br \/><strong>Category<\/strong>: Indoor plant<br \/><strong>Approximate height<\/strong>: 70cm<br \/><strong>Pot diameter<\/strong>: 17 cm<\/p>\n<p><strong>CUIDADOS<\/strong><br \/><strong>Light<\/strong>: Prefers locations with indirect light or partial shade. Direct sun exposure can cause leaf burn.<br \/><strong>Temperature<\/strong>: Thrives best in temperatures between 18\u00b0C and 28\u00b0C. Does not tolerate temperatures below 15\u00b0C and should be kept indoors.<br \/><strong>Watering<\/strong>: Keep soil slightly moist, avoiding waterlogging. Water<br \/>when the first few centimeters of soil are dry.<br \/><strong>Humidity<\/strong>: Enjoys environments with high relative humidity. Misting the leaves regularly or using a humidifier can be beneficial.<br \/><strong>Fertilization<\/strong>: Apply balanced liquid fertilizer every 6 to 8 weeks during spring and summer.<br \/><strong>Pruning<\/strong>: Remove wilted leaves and flowers to encourage growth and maintain the plant&#8217;s appearance.<br \/><strong>Soil<\/strong>: Use well-drained substrate, rich in organic matter. A mixture of potting soil with perlite and peat moss is recommended.<br \/><strong>Life cycle<\/strong>: Perennial<br \/><strong>Not Pet Friendly<\/strong>: All parts of the plant are toxic if ingested by pets and humans, and may cause oral and gastrointestinal irritation.<br \/><strong>Fun fact<\/strong>: Although frequently grown in pots, the Anthurium is an epiphytic plant in nature, growing on other plants\/trees in tropical forests. Additionally, studies indicate that the Anthurium can help purify air in indoor environments.<\/p>\n<p>WARNING! Fotografia representativa \u2013 a fotografia apresentada \u00e9 de um exemplar existente em stock no momento da coloca\u00e7\u00e3o do produto no cat\u00e1logo online, pelo que \u00e9 uma refer\u00eancia. A planta fornecida ser\u00e1 similar \u00e0 da foto sendo que, dependendo da fase do ciclo vegetativo em que se encontre, poder\u00e1 variar na forma, apar\u00eancia ou tamanho (ex: outra tonalidade de folha, com ou sem flor\/fruto, etc). A altura referida inclui o vaso pl\u00e1stico que se v\u00ea na fotografia.<\/p>\n","protected":false},"excerpt":{"rendered":"<p>The Anthurium is a perennial herbaceous plant, prized for its showy inflorescences and lush foliage. The leaves are large, glossy, waxy and heart-shaped. The inflorescence consists of a colorful spathe (usually red, pink or white) and a central spadix, where the small flowers are located. It&#8217;s a plant that blooms year-round, especially in suitable conditions [&hellip;]<\/p>\n","protected":false},"featured_media":29449,"template":"","meta":{"_acf_changed":false,"_seopress_robots_primary_cat":"","_seopress_titles_title":"","_seopress_titles_desc":"","_seopress_robots_index":""},"product_brand":[],"product_cat":[1411,738,743],"product_tag":[],"class_list":{"0":"post-86689","1":"product","2":"type-product","3":"status-publish","4":"has-post-thumbnail","6":"product_cat-indoor-plants","7":"product_cat-mothers-day","8":"product_cat-plants","10":"first","11":"instock","12":"taxable","13":"shipping-taxable","14":"purchasable","15":"product-type-simple"},"acf":[],"_links":{"self":[{"href":"https:\/\/hortodocampogrande.pt\/en\/wp-json\/wp\/v2\/product\/86689","targetHints":{"allow":["GET"]}}],"collection":[{"href":"https:\/\/hortodocampogrande.pt\/en\/wp-json\/wp\/v2\/product"}],"about":[{"href":"https:\/\/hortodocampogrande.pt\/en\/wp-json\/wp\/v2\/types\/product"}],"wp:featuredmedia":[{"embeddable":true,"href":"https:\/\/hortodocampogrande.pt\/en\/wp-json\/wp\/v2\/media\/29449"}],"wp:attachment":[{"href":"https:\/\/hortodocampogrande.pt\/en\/wp-json\/wp\/v2\/media?parent=86689"}],"wp:term":[{"taxonomy":"product_brand","embeddable":true,"href":"https:\/\/hortodocampogrande.pt\/en\/wp-json\/wp\/v2\/product_brand?post=86689"},{"taxonomy":"product_cat","embeddable":true,"href":"https:\/\/hortodocampogrande.pt\/en\/wp-json\/wp\/v2\/product_cat?post=86689"},{"taxonomy":"product_tag","embeddable":true,"href":"https:\/\/hortodocampogrande.pt\/en\/wp-json\/wp\/v2\/product_tag?post=86689"}],"curies":[{"name":"wp","href":"https:\/\/api.w.org\/{rel}","templated":true}]}}